{"id":18974,"date":"2024-09-30T13:57:55","date_gmt":"2024-09-30T13:57:55","guid":{"rendered":"https:\/\/esacademic.com\/unser-team\/"},"modified":"2024-09-30T14:02:06","modified_gmt":"2024-09-30T14:02:06","slug":"nuestro-equipo","status":"publish","type":"page","link":"https:\/\/esacademic.com\/de\/nuestro-equipo\/","title":{"rendered":"Unser Team"},"content":{"rendered":"<?xml encoding=\"UTF-8\"><div class=\"gb-container gb-container-72d7792f\">\n<div class=\"gb-container gb-container-d7aea67a\">\n\n<h1 class=\"gb-headline gb-headline-75ea8883 gb-headline-text\">Treffen Sie unser Team<\/h1>\n\n\n\n<p class=\"gb-headline gb-headline-841be000 gb-headline-text\">Sind Sie neugierig, wer hinter den Inhalten steckt?\nHier sind die talentierten Fachleute, die das schaffen, was Sie lieben!\nDie Autoren von Esacademic bringen eine F&uuml;lle von Erfahrungen und Leistungen in jeden Artikel ein.\nEntdecken Sie ihre einzigartigen Perspektiven und lernen Sie die Stimmen kennen, die Ihr Leseerlebnis pr&auml;gen.   <\/p>\n\n<\/div>\n<\/div><div class=\"gb-grid-wrapper gb-grid-wrapper-5678fe82\">\n<div class=\"gb-grid-column gb-grid-column-2e681f96\"><div class=\"gb-container gb-container-2e681f96\">\n\n<figure class=\"gb-block-image gb-block-image-858f9e0e\"><img loading=\"lazy\" decoding=\"async\" width=\"300\" height=\"300\" class=\"gb-image gb-image-858f9e0e\" src=\"https:\/\/esacademic.com\/wp-content\/uploads\/2024\/09\/JOHN-MILLA-CANO.jpg\" alt=\"\" title=\"JOHN MILLA CANO\" srcset=\"https:\/\/esacademic.com\/wp-content\/uploads\/2024\/09\/JOHN-MILLA-CANO.jpg 300w, https:\/\/esacademic.com\/wp-content\/uploads\/2024\/09\/JOHN-MILLA-CANO-150x150.jpg 150w\" sizes=\"auto, (max-width: 300px) 100vw, 300px\"><\/figure>\n\n\n\n<div class=\"gb-headline gb-headline-275fbd66 gb-headline-text\"><strong>JOHN MILLA CANO<\/strong><\/div>\n\n\n\n<p><em>Chefredakteur Mitwirkender Redakteur<\/em><\/p>\n\n\n\n<p>Mit einem starken Hintergrund in der Wirtschaft, insbesondere im Einzelhandel und im Verkauf, verf&uuml;gt John &uuml;ber die notwendigen F&auml;higkeiten, um ein Gro&szlig;projekt zu leiten.\nEr ist nicht nur der CEO von Cointrade, sondern hat auch einen Abschluss in Betriebswirtschaft und Management von der Universit&auml;t Alcal&aacute;, was seine F&auml;higkeit unterstreicht, strategische Initiativen erfolgreich zu leiten. <\/p>\n\n<\/div><\/div>\n\n<div class=\"gb-grid-column gb-grid-column-ef5af772\"><div class=\"gb-container gb-container-ef5af772\">\n\n<figure class=\"gb-block-image gb-block-image-dda01526\"><img loading=\"lazy\" decoding=\"async\" width=\"300\" height=\"300\" class=\"gb-image gb-image-dda01526\" src=\"https:\/\/esacademic.com\/wp-content\/uploads\/2024\/09\/HANNIBAL-RODRIGUEZ.jpg\" alt=\"\" title=\"HANNIBAL RODRIGUEZ\" srcset=\"https:\/\/esacademic.com\/wp-content\/uploads\/2024\/09\/HANNIBAL-RODRIGUEZ.jpg 300w, https:\/\/esacademic.com\/wp-content\/uploads\/2024\/09\/HANNIBAL-RODRIGUEZ-150x150.jpg 150w\" sizes=\"auto, (max-width: 300px) 100vw, 300px\"><\/figure>\n\n\n\n<div class=\"gb-headline gb-headline-08d2bcaf gb-headline-text\"><strong>HANNIBAL RODRIGUEZ<\/strong><\/div>\n\n\n\n<p><em>Herausgeber<\/em><\/p>\n\n\n\n<p>Hannibal, ein Experte f&uuml;r Marketing und Werbung, wird f&uuml;r die gesamte Werbestrategie von Cointrade verantwortlich sein.\nEr ist au&szlig;erdem ein Spezialist f&uuml;r digitale Kommunikation und hat eine Leidenschaft f&uuml;r Technologien, die im Web eingesetzt werden.\nEr ist derzeit auch CMO von Cointrade, wo er die Marketing- und Wachstumsinitiativen der Plattform leitet.  <\/p>\n\n<\/div><\/div>\n<\/div>\n","protected":false},"excerpt":{"rendered":"<p>Treffen Sie unser Team Sind Sie neugierig, wer hinter den Inhalten steckt? Hier sind die talentierten Fachleute, die das schaffen, was Sie lieben! Die Autoren von Esacademic bringen eine F&uuml;lle von Erfahrungen und Leistungen in jeden Artikel ein. Entdecken Sie ihre einzigartigen Perspektiven und lernen Sie die Stimmen kennen, die Ihr Leseerlebnis pr&auml;gen.<\/p>\n","protected":false},"author":1,"featured_media":0,"parent":0,"menu_order":0,"comment_status":"closed","ping_status":"closed","template":"","meta":{"footnotes":""},"class_list":["post-18974","page","type-page","status-publish"],"rank_math_title":"Erfahren Sie alles \u00fcber unser Expertenteam | Esacademic","rank_math_description":"Wir bei Esacademic verf\u00fcgen \u00fcber ein Team hochqualifizierter Experten, die die neuesten Nachrichten und Artikel mit originellen und hochwertigen Inhalten bereitstellen.","rank_math_focus_keyword":"Esacademic","_links":{"self":[{"href":"https:\/\/esacademic.com\/de\/wp-json\/wp\/v2\/pages\/18974","targetHints":{"allow":["GET"]}}],"collection":[{"href":"https:\/\/esacademic.com\/de\/wp-json\/wp\/v2\/pages"}],"about":[{"href":"https:\/\/esacademic.com\/de\/wp-json\/wp\/v2\/types\/page"}],"author":[{"embeddable":true,"href":"https:\/\/esacademic.com\/de\/wp-json\/wp\/v2\/users\/1"}],"replies":[{"embeddable":true,"href":"https:\/\/esacademic.com\/de\/wp-json\/wp\/v2\/comments?post=18974"}],"version-history":[{"count":1,"href":"https:\/\/esacademic.com\/de\/wp-json\/wp\/v2\/pages\/18974\/revisions"}],"predecessor-version":[{"id":18975,"href":"https:\/\/esacademic.com\/de\/wp-json\/wp\/v2\/pages\/18974\/revisions\/18975"}],"wp:attachment":[{"href":"https:\/\/esacademic.com\/de\/wp-json\/wp\/v2\/media?parent=18974"}],"curies":[{"name":"wp","href":"https:\/\/api.w.org\/{rel}","templated":true}]}}