{"id":19028,"date":"2022-11-08T18:30:39","date_gmt":"2022-11-08T18:30:39","guid":{"rendered":"https:\/\/esacademic.com\/ueber\/"},"modified":"2025-05-27T14:51:20","modified_gmt":"2025-05-27T14:51:20","slug":"about","status":"publish","type":"page","link":"https:\/\/esacademic.com\/de\/about\/","title":{"rendered":"\u00dcber uns"},"content":{"rendered":"<?xml encoding=\"UTF-8\"><div class=\"gb-container gb-container-95434aeb\">\n<div class=\"gb-container gb-container-f1f18e98\">\n\n<p><em>ACADEMIC: Ihr vertrauensvoller Partner zur F&ouml;rderung unternehmerischer Autonomie und Weiterentwicklung<\/em> .<\/p>\n\n\n\n<p>Seit seiner Gr&uuml;ndung im Jahr 2011 vertritt ACADEMIC das Konzept, seinen eigenen Weg zum Erfolg zu finden, wohl&uuml;berlegte Risiken einzugehen und sicherzustellen, dass jeder die M&ouml;glichkeit hat, seine Ziele in Erfolge umzusetzen. Unsere Plattform ist darauf ausgerichtet, denjenigen, die ihr Finanzverm&ouml;gen und ihre Gesch&auml;ftsvorhaben verbessern m&ouml;chten, umfassende, praktische Anleitungen und Fachwissen zu bieten.<\/p>\n\n\n\n<p>Ob erfahrener Investor, aufstrebender Unternehmer oder jeder, der die dynamische Gesch&auml;ftswelt meistern m&ouml;chte: Unser Ziel ist es, Sie auf Ihrem Weg zum Erfolg zu unterst&uuml;tzen und zu begleiten.<\/p>\n\n\n\n<figure class=\"gb-block-image gb-block-image-1e335a16\"><img loading=\"lazy\" decoding=\"async\" width=\"300\" height=\"300\" class=\"gb-image gb-image-1e335a16\" src=\"https:\/\/esacademic.com\/wp-content\/uploads\/2024\/01\/Academic-logo-400x400-1-300x300.png\" alt=\"Academic logo 400x400\" title=\"Akademisches Logo 400x400\"><\/figure>\n\n\n\n<h2 class=\"gb-headline gb-headline-e8485f28 gb-headline-text\">Unsere Mission<\/h2>\n\n\n\n<h3 class=\"gb-headline gb-headline-349d2762 gb-headline-text\">Erm&auml;chtigung:<\/h3>\n\n\n\n<p class=\"gb-headline gb-headline-9637f459 gb-headline-text\">Im Mittelpunkt unseres Ethos steht die feste &Uuml;berzeugung, dass jeder finanzielle Erfolge und gesch&auml;ftliche Weiterentwicklung erzielen kann, unabh&auml;ngig von seinem Hintergrund. Wir inspirieren Menschen, ihre finanzielle Zukunft selbst in die Hand zu nehmen, fundierte Entscheidungen zu treffen und Chancen zu ergreifen.<\/p>\n\n\n\n<h3 class=\"gb-headline gb-headline-fcac6548 gb-headline-text\">Ausbildung:<\/h3>\n\n\n\n<p>Wir glauben, dass Erleuchtung der Grundstein f&uuml;r die Entfaltung des Potenzials ist. Wir haben es uns zur Aufgabe gemacht, unkomplizierte, umsetzbare und jargonfreie Inhalte bereitzustellen und informieren unsere Leser &uuml;ber eine Vielzahl von Themen, von Anlagetechniken und Handelstools bis hin zu den neuesten Branchen-Updates. Unser Material ist darauf ausgelegt, komplexe Finanzkonzepte f&uuml;r die praktische Anwendung zu vereinfachen.<\/p>\n\n\n\n<h3 class=\"gb-headline gb-headline-b8a5b8d3 gb-headline-text\">Innovation:<\/h3>\n\n\n\n<p>Im heutigen, sich rasch entwickelnden Gesch&auml;ftsumfeld h&auml;ngt der Fortschritt von Innovation und Flexibilit&auml;t ab. Wir setzen uns f&uuml;r kontinuierliches Lernen und Entdecken ein und pr&auml;sentieren die neuesten Erkenntnisse, Trends und innovativen Ideen, um unsere Community zu inspirieren, Ver&auml;nderungen anzunehmen.<\/p>\n\n\n\n<h3 class=\"gb-headline gb-headline-fee21c28 gb-headline-text\">Unsere redaktionelle Integrit&auml;t<\/h3>\n\n\n\n<p>Wir halten uns bei der Bereitstellung unserer Inhalte an den Grundsatz der Unparteilichkeit und stellen sicher, dass unser Publikum Zugang zu fairen und ausgewogenen Informationen erh&auml;lt. Unser Spezialistenteam ist bestrebt, Ihnen pr&auml;zise, zuverl&auml;ssige und transparente Beratung zu bieten und Ihnen dabei zu helfen, fundierte Entscheidungen zu treffen.<\/p>\n\n\n\n<h3 class=\"gb-headline gb-headline-14baf2e2 gb-headline-text\">Die ACADEMIC-Erfahrung<\/h3>\n\n\n\n<p>Unsere Plattform richtet sich an alle, die ihr finanzielles Potenzial maximieren m&ouml;chten, vom aufstrebenden Unternehmer mit einer Leidenschaft f&uuml;r den Erfolg und ohne formale betriebswirtschaftliche Ausbildung bis hin zum erfahrenen Gesch&auml;ftsinhaber auf der Suche nach innovativen Ideen. Wir betreuen unternehmerisch t&auml;tige Einzelpersonen, die ihren Weg durch reine Anstrengung und Entschlossenheit geebnet haben.<\/p>\n\n\n\n<h2 class=\"gb-headline gb-headline-c85e0dea gb-headline-text\">Unser entscheidender Vorteil:<\/h2>\n\n\n\n<p>Umfassender Umfang: Unsere Inhalte decken ein breites Spektrum ab und umfassen traditionelle Anlage- und Unternehmenswachstumstechniken sowie die neuesten Entwicklungen im Bereich Kryptow&auml;hrungen und alternative Anlagen. Sie bieten einen ganzheitlichen &Uuml;berblick &uuml;ber die Gesch&auml;ftswelt.<\/p>\n\n\n\n<p>Zug&auml;ngliche Inhalte: Wir vermeiden komplizierte Finanzterminologie und stellen sicher, dass unsere Inhalte einfach und f&uuml;r jeden verst&auml;ndlich sind, sodass Leser mit unterschiedlichem Hintergrund von diesem Wissen profitieren und es anwenden k&ouml;nnen.<\/p>\n\n\n\n<p>Praktische Anleitung: Wir bieten mehr als nur Theorie, sondern pragmatische Ratschl&auml;ge zur sofortigen Anwendung in Ihren Anlage- und Gesch&auml;ftsstrategien mit dem Ziel, Ihnen die Werkzeuge an die Hand zu geben, die Sie f&uuml;r den gew&uuml;nschten Erfolg ben&ouml;tigen.<\/p>\n\n\n\n<h3 class=\"gb-headline gb-headline-fc45b939 gb-headline-text\">Werden Sie Mitglied der ACADEMIC<\/h3>\n\n\n\n<p>Egal, ob Sie ein erfahrener Unternehmer sind oder gerade erst anfangen, ACADEMIC ist Ihre wichtigste Quelle f&uuml;r Motivation, Wissen und Selbstbestimmung. Werden Sie Teil unseres wachsenden Kreises unabh&auml;ngiger Personen, die sich dem Ausbau ihres Verm&ouml;gens und ihrer Gesch&auml;ftsvorhaben verschrieben haben.<\/p>\n\n<\/div>\n<\/div>\n","protected":false},"excerpt":{"rendered":"<p>ACADEMIC: Ihr vertrauensvoller Partner zur F&ouml;rderung unternehmerischer Autonomie und Weiterentwicklung . Seit seiner Gr&uuml;ndung im Jahr 2011 vertritt ACADEMIC das Konzept, seinen eigenen Weg zum Erfolg zu finden, wohl&uuml;berlegte Risiken einzugehen und sicherzustellen, dass jeder die M&ouml;glichkeit hat, seine Ziele in Erfolge umzusetzen. Unsere Plattform ist darauf ausgerichtet, denjenigen, die ihr Finanzverm&ouml;gen und ihre Gesch&auml;ftsvorhaben &#8230; <a title=\"\u00dcber uns\" class=\"read-more\" href=\"https:\/\/esacademic.com\/de\/about\/\" aria-label=\"Mehr Informationen \u00fcber \u00dcber uns\">Weiterlesen<\/a><\/p>\n","protected":false},"author":1,"featured_media":0,"parent":0,"menu_order":0,"comment_status":"closed","ping_status":"closed","template":"","meta":{"footnotes":""},"class_list":["post-19028","page","type-page","status-publish"],"rank_math_title":"\u00dcber uns: Lernen Sie das Team hinter der f\u00fchrenden Quelle f\u00fcr Kryptow\u00e4hrungsnachrichten kennen","rank_math_description":"Erfahren Sie mehr \u00fcber unsere Mission, Vision und das erfahrene Team hinter unserer f\u00fchrenden Nachrichtenseite f\u00fcr Kryptow\u00e4hrungen. Entdecken Sie unseren Weg und unser Engagement, die genauesten und aktuellsten Informationen zur Welt der Kryptow\u00e4hrungen bereitzustellen.","rank_math_focus_keyword":"","_links":{"self":[{"href":"https:\/\/esacademic.com\/de\/wp-json\/wp\/v2\/pages\/19028","targetHints":{"allow":["GET"]}}],"collection":[{"href":"https:\/\/esacademic.com\/de\/wp-json\/wp\/v2\/pages"}],"about":[{"href":"https:\/\/esacademic.com\/de\/wp-json\/wp\/v2\/types\/page"}],"author":[{"embeddable":true,"href":"https:\/\/esacademic.com\/de\/wp-json\/wp\/v2\/users\/1"}],"replies":[{"embeddable":true,"href":"https:\/\/esacademic.com\/de\/wp-json\/wp\/v2\/comments?post=19028"}],"version-history":[{"count":3,"href":"https:\/\/esacademic.com\/de\/wp-json\/wp\/v2\/pages\/19028\/revisions"}],"predecessor-version":[{"id":27296,"href":"https:\/\/esacademic.com\/de\/wp-json\/wp\/v2\/pages\/19028\/revisions\/27296"}],"wp:attachment":[{"href":"https:\/\/esacademic.com\/de\/wp-json\/wp\/v2\/media?parent=19028"}],"curies":[{"name":"wp","href":"https:\/\/api.w.org\/{rel}","templated":true}]}}