{"id":19045,"date":"2022-11-08T18:29:37","date_gmt":"2022-11-08T18:29:37","guid":{"rendered":"https:\/\/esacademic.com\/kontakt\/"},"modified":"2024-10-02T10:15:26","modified_gmt":"2024-10-02T10:15:26","slug":"contact","status":"publish","type":"page","link":"https:\/\/esacademic.com\/de\/contact\/","title":{"rendered":"Kontakt"},"content":{"rendered":"<?xml encoding=\"UTF-8\"><div class=\"gb-container gb-container-6cb71469\">\n<div class=\"gb-container gb-container-1fca5493\">\n\n<p>Bei ACADEMIC sind wir immer daran interessiert, von Ihnen zu h&ouml;ren.\nGanz gleich, ob Sie eine Frage oder einen Kommentar haben oder uns einfach Ihre Gedanken mitteilen m&ouml;chten, wir haben ein offenes Ohr f&uuml;r Sie und helfen Ihnen gerne.\nIhre Anregungen sind von unsch&auml;tzbarem Wert, denn sie helfen uns, auch weiterhin die bestm&ouml;glichen Inhalte und Dienste anzubieten.  <\/p>\n\n\n\n<h2 class=\"gb-headline gb-headline-792308d3 gb-headline-text\"><strong>Kontaktieren Sie uns<\/strong><\/h2>\n\n\n\n<p>Sie k&ouml;nnen uns gerne &uuml;ber das untenstehende Kontaktformular kontaktieren.\nGeben Sie Ihre Daten und Ihre Nachricht ein, und eines unserer Teammitglieder wird sich so schnell wie m&ouml;glich bei Ihnen melden.\nWir bem&uuml;hen uns, alle Anfragen innerhalb von 48 Stunden zu beantworten.  <\/p>\n\n\n\n<h2 class=\"gb-headline gb-headline-c38728fa gb-headline-text\"><strong>Alternative Kontaktm&ouml;glichkeiten<\/strong><\/h2>\n\n\n\n<p>Wenn Sie es vorziehen, k&ouml;nnen Sie uns auch &uuml;ber die folgenden Wege kontaktieren:<\/p>\n\n\n\n<ul class=\"wp-block-list\">\n<li><strong>Per E-Mail:<\/strong> <a href=\"mailto:info@esacademic.com\">info@esacademic.com<\/a><\/li>\n\n\n\n<li><strong>Unsere Adresse:<\/strong> C. DE ELOY GONZALO, 27, CHAMBER&Iacute;, 28010 MADRID<\/li>\n<\/ul>\n\n\n\n<h2 class=\"gb-headline gb-headline-5615f003 gb-headline-text\"><strong>Folgen Sie uns unter<\/strong><\/h2>\n\n\n\n<p>Bleiben Sie mit ACADEMIC in Verbindung.\nFolgen Sie uns auf unseren Social Media-Kan&auml;len, um die neuesten Updates, Einblicke und interaktiven Inhalte zu erhalten. <\/p>\n\n\n\n<p>Wir freuen uns darauf, von Ihnen zu h&ouml;ren und stehen Ihnen bei allen Fragen gerne zur Verf&uuml;gung.\nVielen Dank, dass Sie sich f&uuml;r ACADEMIC als Ihre Quelle f&uuml;r gesch&auml;ftliche und finanzielle Unterst&uuml;tzung entschieden haben. <\/p>\n\n<\/div>\n<\/div>\n","protected":false},"excerpt":{"rendered":"<p>Bei ACADEMIC sind wir immer daran interessiert, von Ihnen zu h&ouml;ren. Ganz gleich, ob Sie eine Frage oder einen Kommentar haben oder uns einfach Ihre Gedanken mitteilen m&ouml;chten, wir haben ein offenes Ohr f&uuml;r Sie und helfen Ihnen gerne. Ihre Anregungen sind von unsch&auml;tzbarem Wert, denn sie helfen uns, auch weiterhin die bestm&ouml;glichen Inhalte und &#8230; <a title=\"Kontakt\" class=\"read-more\" href=\"https:\/\/esacademic.com\/de\/contact\/\" aria-label=\"Mehr Informationen \u00fcber Kontakt\">Weiterlesen<\/a><\/p>\n","protected":false},"author":1,"featured_media":0,"parent":0,"menu_order":0,"comment_status":"closed","ping_status":"closed","template":"","meta":{"footnotes":""},"class_list":["post-19045","page","type-page","status-publish"],"rank_math_title":"Kontaktieren Sie unser Team: Ihre Quelle f\u00fcr Kryptow\u00e4hrungsnachrichten, Hilfe und Support","rank_math_description":"Bitte kontaktieren Sie uns, wenn Sie Fragen, Kommentare oder Vorschl\u00e4ge haben.\nUnser Team ist bereit, Ihnen zu helfen.\nBesuchen Sie unsere Seite Kontakt f\u00fcr alle Details, die Sie ben\u00f6tigen, um mit unseren Experten f\u00fcr Kryptow\u00e4hrungsnachrichten in Verbindung zu treten.  ","rank_math_focus_keyword":"","_links":{"self":[{"href":"https:\/\/esacademic.com\/de\/wp-json\/wp\/v2\/pages\/19045","targetHints":{"allow":["GET"]}}],"collection":[{"href":"https:\/\/esacademic.com\/de\/wp-json\/wp\/v2\/pages"}],"about":[{"href":"https:\/\/esacademic.com\/de\/wp-json\/wp\/v2\/types\/page"}],"author":[{"embeddable":true,"href":"https:\/\/esacademic.com\/de\/wp-json\/wp\/v2\/users\/1"}],"replies":[{"embeddable":true,"href":"https:\/\/esacademic.com\/de\/wp-json\/wp\/v2\/comments?post=19045"}],"version-history":[{"count":1,"href":"https:\/\/esacademic.com\/de\/wp-json\/wp\/v2\/pages\/19045\/revisions"}],"predecessor-version":[{"id":19046,"href":"https:\/\/esacademic.com\/de\/wp-json\/wp\/v2\/pages\/19045\/revisions\/19046"}],"wp:attachment":[{"href":"https:\/\/esacademic.com\/de\/wp-json\/wp\/v2\/media?parent=19045"}],"curies":[{"name":"wp","href":"https:\/\/api.w.org\/{rel}","templated":true}]}}