{"id":20696,"date":"2025-01-02T17:23:56","date_gmt":"2025-01-02T17:23:56","guid":{"rendered":"https:\/\/esacademic.com\/meinungen\/"},"modified":"2025-01-02T17:35:36","modified_gmt":"2025-01-02T17:35:36","slug":"opiniones","status":"publish","type":"page","link":"https:\/\/esacademic.com\/de\/opiniones\/","title":{"rendered":"Meinungen"},"content":{"rendered":"<?xml encoding=\"UTF-8\"><div class=\"gb-container gb-container-6e5f1950\">\n<div class=\"gb-container gb-container-3fbb5157\">\n\n<h1 class=\"gb-headline gb-headline-347b396d gb-headline-text\">Entdecken Sie die besten Handelsplattformen, kryptografischen L&ouml;sungen und automatisierten Bots<\/h1>\n\n\n\n<p>Sie suchen nach zuverl&auml;ssigen Trading-Tools? Dann sind Sie hier genau richtig. Hier finden Sie leicht verst&auml;ndliche Bewertungen von Handelsplattformen, Kryptow&auml;hrungsb&ouml;rsen und automatischen Handelsrobotern. Wir haben die Details vereinfacht, damit alles leicht zu verstehen ist. Sie wissen nicht, wo Sie anfangen sollen? Erkunden Sie unsere Ressourcen, um herauszufinden, was zu Ihrem Handelsstil und Ihren Zielen passt. Ob Sie Anf&auml;nger oder erfahrener H&auml;ndler sind, wir haben etwas f&uuml;r Sie. Unsere gr&uuml;ndliche Recherche spart Ihnen Zeit und M&uuml;he &ndash; wenn Sie bereit sind, Ihre Handelserfahrung zu verbessern, lassen Sie uns loslegen!         <\/p>\n\n\n\n<div class=\"gb-grid-wrapper gb-grid-wrapper-afc1adbe gb-query-loop-wrapper\">\n<div class=\"gb-grid-column gb-grid-column-f4ed5d77 gb-query-loop-item post-27310 opiniones type-opiniones status-publish format-standard has-post-thumbnail hentry gblocks_pattern_collections-local-patterns\"><div class=\"gb-container gb-container-f4ed5d77\">\n<figure class=\"gb-block-image gb-block-image-8273ce78\"><img loading=\"lazy\" decoding=\"async\" width=\"400\" height=\"224\" src=\"https:\/\/esacademic.com\/wp-content\/uploads\/2025\/03\/Mobile-Trading-Scene2.jpg\" class=\"gb-image-8273ce78\" alt=\"Trading Urbano Nocturno\" srcset=\"https:\/\/esacademic.com\/wp-content\/uploads\/2025\/03\/Mobile-Trading-Scene2.jpg 400w, https:\/\/esacademic.com\/wp-content\/uploads\/2025\/03\/Mobile-Trading-Scene2-300x168.jpg 300w\" sizes=\"auto, (max-width: 400px) 100vw, 400px\" title=\"\"><\/figure>\n\n<h2 class=\"gb-headline gb-headline-19cab21c gb-headline-text\"><a href=\"https:\/\/esacademic.com\/de\/opiniones\/ethereum-cormax-app\/\">Den Handel mit K00411 vorantreiben: Innovation an der Schnittstelle von KI und Quantencomputing<\/a><\/h2>\n\n<div class=\"gb-container gb-container-0315061b\">\n<p class=\"gb-headline gb-headline-92eaf1ff gb-headline-text\"><time class=\"entry-date published\" datetime=\"2025-05-28T07:54:05+00:00\">Mai 28, 2025<\/time><\/p>\n\n<p class=\"gb-headline gb-headline-39d42002 gb-headline-text\">Hannibal Rodriguez<\/p>\n<\/div>\n\n<div class=\"gb-headline gb-headline-0b0aea70 gb-headline-text\">Als Finanzanalyst mit &uuml;ber einem Jahrzehnt Erfahrung in der Marktdynamik und als Chartered Financial Analyst (CFA) biete ich Ihnen eine detaillierte Untersuchung der transformativen Auswirkungen von K00411 auf das moderne Investieren. <\/div>\n<\/div><\/div>\n\n<div class=\"gb-grid-column gb-grid-column-f4ed5d77 gb-query-loop-item post-27314 opiniones type-opiniones status-publish format-standard has-post-thumbnail hentry gblocks_pattern_collections-local-patterns\"><div class=\"gb-container gb-container-f4ed5d77\">\n<figure class=\"gb-block-image gb-block-image-8273ce78\"><img loading=\"lazy\" decoding=\"async\" width=\"400\" height=\"224\" src=\"https:\/\/esacademic.com\/wp-content\/uploads\/2025\/03\/Mobile-Trading-Scene1.jpg\" class=\"gb-image-8273ce78\" alt=\"Trading Digital en Rojo\" srcset=\"https:\/\/esacademic.com\/wp-content\/uploads\/2025\/03\/Mobile-Trading-Scene1.jpg 400w, https:\/\/esacademic.com\/wp-content\/uploads\/2025\/03\/Mobile-Trading-Scene1-300x168.jpg 300w\" sizes=\"auto, (max-width: 400px) 100vw, 400px\" title=\"\"><\/figure>\n\n<h2 class=\"gb-headline gb-headline-19cab21c gb-headline-text\"><a href=\"https:\/\/esacademic.com\/de\/opiniones\/ethereum-cormax-review\/\">Erkundung von K00410: Revolution im automatisierten Handel<\/a><\/h2>\n\n<div class=\"gb-container gb-container-0315061b\">\n<p class=\"gb-headline gb-headline-92eaf1ff gb-headline-text\"><time class=\"entry-date published\" datetime=\"2025-05-28T07:49:46+00:00\">Mai 28, 2025<\/time><\/p>\n\n<p class=\"gb-headline gb-headline-39d42002 gb-headline-text\">John Milla Cano<\/p>\n<\/div>\n\n<div class=\"gb-headline gb-headline-0b0aea70 gb-headline-text\">Als erfahrener Finanzanalyst mit &uuml;ber einem Jahrzehnt Erfahrung in Anlagestrategien und einem Master-Abschluss in Finanzmanagement verf&uuml;ge ich &uuml;ber umfassende Kenntnisse, um mich in der sich st&auml;ndig weiterentwickelnden Welt der digitalen Finanzen zurechtzufinden. <\/div>\n<\/div><\/div>\n\n<div class=\"gb-grid-column gb-grid-column-f4ed5d77 gb-query-loop-item post-27318 opiniones type-opiniones status-publish format-standard has-post-thumbnail hentry gblocks_pattern_collections-local-patterns\"><div class=\"gb-container gb-container-f4ed5d77\">\n<figure class=\"gb-block-image gb-block-image-8273ce78\"><img loading=\"lazy\" decoding=\"async\" width=\"400\" height=\"150\" src=\"https:\/\/esacademic.com\/wp-content\/uploads\/2025\/03\/Trading-Desk-View1.jpg\" class=\"gb-image-8273ce78\" alt=\"Trading M&oacute;vil en Oscuro\" srcset=\"https:\/\/esacademic.com\/wp-content\/uploads\/2025\/03\/Trading-Desk-View1.jpg 400w, https:\/\/esacademic.com\/wp-content\/uploads\/2025\/03\/Trading-Desk-View1-300x113.jpg 300w\" sizes=\"auto, (max-width: 400px) 100vw, 400px\" title=\"\"><\/figure>\n\n<h2 class=\"gb-headline gb-headline-19cab21c gb-headline-text\"><a href=\"https:\/\/esacademic.com\/de\/opiniones\/ethereum-cormax\/\">Erkundung von K00409: Innovation und Herausforderungen im Kryptow&auml;hrungshandel<\/a><\/h2>\n\n<div class=\"gb-container gb-container-0315061b\">\n<p class=\"gb-headline gb-headline-92eaf1ff gb-headline-text\"><time class=\"entry-date published\" datetime=\"2025-05-28T07:43:49+00:00\">Mai 28, 2025<\/time><\/p>\n\n<p class=\"gb-headline gb-headline-39d42002 gb-headline-text\">esacademic<\/p>\n<\/div>\n\n<div class=\"gb-headline gb-headline-0b0aea70 gb-headline-text\">Als Finanzanalyst mit &uuml;ber zehn Jahren Erfahrung und einem Master-Abschluss in Finanzen biete ich Einblicke in K00409, eine Plattform, die mit ihren KI-gest&uuml;tzten Robo-Trading-Funktionen f&uuml;r Aufsehen sorgt. <\/div>\n<\/div><\/div>\n\n<div class=\"gb-grid-column gb-grid-column-f4ed5d77 gb-query-loop-item post-27268 opiniones type-opiniones status-publish format-standard has-post-thumbnail hentry gblocks_pattern_collections-local-patterns\"><div class=\"gb-container gb-container-f4ed5d77\">\n<figure class=\"gb-block-image gb-block-image-8273ce78\"><img loading=\"lazy\" decoding=\"async\" width=\"400\" height=\"150\" src=\"https:\/\/esacademic.com\/wp-content\/uploads\/2025\/03\/trading-charts-and-cafe.-2.jpg\" class=\"gb-image-8273ce78\" alt=\"Trading Nocturno Urbano\" srcset=\"https:\/\/esacademic.com\/wp-content\/uploads\/2025\/03\/trading-charts-and-cafe.-2.jpg 400w, https:\/\/esacademic.com\/wp-content\/uploads\/2025\/03\/trading-charts-and-cafe.-2-300x113.jpg 300w\" sizes=\"auto, (max-width: 400px) 100vw, 400px\" title=\"\"><\/figure>\n\n<h2 class=\"gb-headline gb-headline-19cab21c gb-headline-text\"><a href=\"https:\/\/esacademic.com\/de\/opiniones\/stream-lonox-pip\/\">Revolutionierung des Handels mit K00407: Eine umfassende &Uuml;berpr&uuml;fung<\/a><\/h2>\n\n<div class=\"gb-container gb-container-0315061b\">\n<p class=\"gb-headline gb-headline-92eaf1ff gb-headline-text\"><time class=\"entry-date published\" datetime=\"2025-05-27T09:31:20+00:00\">Mai 27, 2025<\/time><\/p>\n\n<p class=\"gb-headline gb-headline-39d42002 gb-headline-text\">John Milla Cano<\/p>\n<\/div>\n\n<div class=\"gb-headline gb-headline-0b0aea70 gb-headline-text\">In der sich st&auml;ndig weiterentwickelnden Finanzlandschaft von heute ist es sowohl f&uuml;r erfahrene als auch f&uuml;r unerfahrene Anleger von entscheidender Bedeutung, die neuesten Entwicklungen bei Handelsplattformen f&uuml;r Kryptow&auml;hrungen zu verstehen.<\/div>\n<\/div><\/div>\n\n<div class=\"gb-grid-column gb-grid-column-f4ed5d77 gb-query-loop-item post-27246 opiniones type-opiniones status-publish format-standard has-post-thumbnail hentry gblocks_pattern_collections-local-patterns\"><div class=\"gb-container gb-container-f4ed5d77\">\n<figure class=\"gb-block-image gb-block-image-8273ce78\"><img loading=\"lazy\" decoding=\"async\" width=\"400\" height=\"224\" src=\"https:\/\/esacademic.com\/wp-content\/uploads\/2025\/03\/Online-Tranding8.jpg\" class=\"gb-image-8273ce78\" alt=\"Elegante Display de Trading\" srcset=\"https:\/\/esacademic.com\/wp-content\/uploads\/2025\/03\/Online-Tranding8.jpg 400w, https:\/\/esacademic.com\/wp-content\/uploads\/2025\/03\/Online-Tranding8-300x168.jpg 300w\" sizes=\"auto, (max-width: 400px) 100vw, 400px\" title=\"\"><\/figure>\n\n<h2 class=\"gb-headline gb-headline-19cab21c gb-headline-text\"><a href=\"https:\/\/esacademic.com\/de\/opiniones\/instant-akpro-app\/\">Erkundung von K00403: Innovation und Sicherheit im automatisierten Handel<\/a><\/h2>\n\n<div class=\"gb-container gb-container-0315061b\">\n<p class=\"gb-headline gb-headline-92eaf1ff gb-headline-text\"><time class=\"entry-date published\" datetime=\"2025-05-20T08:23:32+00:00\">Mai 20, 2025<\/time><\/p>\n\n<p class=\"gb-headline gb-headline-39d42002 gb-headline-text\">John Milla Cano<\/p>\n<\/div>\n\n<div class=\"gb-headline gb-headline-0b0aea70 gb-headline-text\">Als erfahrener Finanzanalyst mit &uuml;ber einem Jahrzehnt Erfahrung in der Investmentbranche und einem CFA-Abschluss bin ich hier, um im Jahr 2025 in die faszinierende Welt von K00403 einzutauchen. <\/div>\n<\/div><\/div>\n\n<div class=\"gb-grid-column gb-grid-column-f4ed5d77 gb-query-loop-item post-27250 opiniones type-opiniones status-publish format-standard has-post-thumbnail hentry gblocks_pattern_collections-local-patterns\"><div class=\"gb-container gb-container-f4ed5d77\">\n<figure class=\"gb-block-image gb-block-image-8273ce78\"><img loading=\"lazy\" decoding=\"async\" width=\"400\" height=\"224\" src=\"https:\/\/esacademic.com\/wp-content\/uploads\/2025\/03\/Online-Tranding7.jpg\" class=\"gb-image-8273ce78\" alt=\"Consulta de Trading Exterior\" srcset=\"https:\/\/esacademic.com\/wp-content\/uploads\/2025\/03\/Online-Tranding7.jpg 400w, https:\/\/esacademic.com\/wp-content\/uploads\/2025\/03\/Online-Tranding7-300x168.jpg 300w\" sizes=\"auto, (max-width: 400px) 100vw, 400px\" title=\"\"><\/figure>\n\n<h2 class=\"gb-headline gb-headline-19cab21c gb-headline-text\"><a href=\"https:\/\/esacademic.com\/de\/opiniones\/instant-akpro-review\/\">Erkundung von K00402: Innovation und Sicherheit im Kryptow&auml;hrungshandel<\/a><\/h2>\n\n<div class=\"gb-container gb-container-0315061b\">\n<p class=\"gb-headline gb-headline-92eaf1ff gb-headline-text\"><time class=\"entry-date published\" datetime=\"2025-05-20T08:17:43+00:00\">Mai 20, 2025<\/time><\/p>\n\n<p class=\"gb-headline gb-headline-39d42002 gb-headline-text\">Hannibal Rodriguez<\/p>\n<\/div>\n\n<div class=\"gb-headline gb-headline-0b0aea70 gb-headline-text\">Als Finanzanalyst mit &uuml;ber einem Jahrzehnt Erfahrung in Marktforschung und Anlagestrategie biete ich eine kritische Analyse von K00402 im Jahr 2025. <\/div>\n<\/div><\/div>\n\n<div class=\"gb-grid-column gb-grid-column-f4ed5d77 gb-query-loop-item post-27254 opiniones type-opiniones status-publish format-standard has-post-thumbnail hentry gblocks_pattern_collections-local-patterns\"><div class=\"gb-container gb-container-f4ed5d77\">\n<figure class=\"gb-block-image gb-block-image-8273ce78\"><img loading=\"lazy\" decoding=\"async\" width=\"400\" height=\"224\" src=\"https:\/\/esacademic.com\/wp-content\/uploads\/2025\/03\/Online-Tranding6.jpg\" class=\"gb-image-8273ce78\" alt=\"Trading Urbano Nocturno\" srcset=\"https:\/\/esacademic.com\/wp-content\/uploads\/2025\/03\/Online-Tranding6.jpg 400w, https:\/\/esacademic.com\/wp-content\/uploads\/2025\/03\/Online-Tranding6-300x168.jpg 300w\" sizes=\"auto, (max-width: 400px) 100vw, 400px\" title=\"\"><\/figure>\n\n<h2 class=\"gb-headline gb-headline-19cab21c gb-headline-text\"><a href=\"https:\/\/esacademic.com\/de\/opiniones\/instant-akpro\/\">Erkundung von K00401: Die Quantencomputer-Revolution im automatisierten Handel<\/a><\/h2>\n\n<div class=\"gb-container gb-container-0315061b\">\n<p class=\"gb-headline gb-headline-92eaf1ff gb-headline-text\"><time class=\"entry-date published\" datetime=\"2025-05-20T08:11:58+00:00\">Mai 20, 2025<\/time><\/p>\n\n<p class=\"gb-headline gb-headline-39d42002 gb-headline-text\">John Milla Cano<\/p>\n<\/div>\n\n<div class=\"gb-headline gb-headline-0b0aea70 gb-headline-text\">Willkommen in unserem Finanzblog. Hier nutzen wir unsere langj&auml;hrige, umfassende Finanzerfahrung und -forschung, um Ihnen die zuverl&auml;ssigsten Einblicke in die sich st&auml;ndig ver&auml;ndernde Welt des Investierens zu bieten.<\/div>\n<\/div><\/div>\n\n<div class=\"gb-grid-column gb-grid-column-f4ed5d77 gb-query-loop-item post-27258 opiniones type-opiniones status-publish format-standard has-post-thumbnail hentry gblocks_pattern_collections-local-patterns\"><div class=\"gb-container gb-container-f4ed5d77\">\n<figure class=\"gb-block-image gb-block-image-8273ce78\"><img loading=\"lazy\" decoding=\"async\" width=\"400\" height=\"224\" src=\"https:\/\/esacademic.com\/wp-content\/uploads\/2025\/03\/Smartphone-showing-trading-data2.jpg\" class=\"gb-image-8273ce78\" alt=\"Trading con Luces de Ciudad\" srcset=\"https:\/\/esacademic.com\/wp-content\/uploads\/2025\/03\/Smartphone-showing-trading-data2.jpg 400w, https:\/\/esacademic.com\/wp-content\/uploads\/2025\/03\/Smartphone-showing-trading-data2-300x168.jpg 300w\" sizes=\"auto, (max-width: 400px) 100vw, 400px\" title=\"\"><\/figure>\n\n<h2 class=\"gb-headline gb-headline-19cab21c gb-headline-text\"><a href=\"https:\/\/esacademic.com\/de\/opiniones\/energy-proair-app\/\">K00400: Revolutionierung des Handels im Jahr 2025 mit fortschrittlicher Technologie und Sicherheit<\/a><\/h2>\n\n<div class=\"gb-container gb-container-0315061b\">\n<p class=\"gb-headline gb-headline-92eaf1ff gb-headline-text\"><time class=\"entry-date published\" datetime=\"2025-05-20T08:04:52+00:00\">Mai 20, 2025<\/time><\/p>\n\n<p class=\"gb-headline gb-headline-39d42002 gb-headline-text\">John Milla Cano<\/p>\n<\/div>\n\n<div class=\"gb-headline gb-headline-0b0aea70 gb-headline-text\">Als erfahrener Finanzanalyst mit &uuml;ber einem Jahrzehnt Erfahrung in der Fintech-Branche und einem Master-Abschluss in Finanzen biete ich Ihnen einen detaillierten Einblick in die Handelsplattform K00400 im Jahr 2025, einer &Auml;ra, in der Handelsplattformen so allt&auml;glich sind wie Caf&eacute;s.<\/div>\n<\/div><\/div>\n\n<div class=\"gb-grid-column gb-grid-column-f4ed5d77 gb-query-loop-item post-27262 opiniones type-opiniones status-publish format-standard has-post-thumbnail hentry gblocks_pattern_collections-local-patterns\"><div class=\"gb-container gb-container-f4ed5d77\">\n<figure class=\"gb-block-image gb-block-image-8273ce78\"><img loading=\"lazy\" decoding=\"async\" width=\"400\" height=\"224\" src=\"https:\/\/esacademic.com\/wp-content\/uploads\/2025\/03\/Smartphone-showing-trading-data1.jpg\" class=\"gb-image-8273ce78\" alt=\"Trading Nocturno en Smartphone\" srcset=\"https:\/\/esacademic.com\/wp-content\/uploads\/2025\/03\/Smartphone-showing-trading-data1.jpg 400w, https:\/\/esacademic.com\/wp-content\/uploads\/2025\/03\/Smartphone-showing-trading-data1-300x168.jpg 300w\" sizes=\"auto, (max-width: 400px) 100vw, 400px\" title=\"\"><\/figure>\n\n<h2 class=\"gb-headline gb-headline-19cab21c gb-headline-text\"><a href=\"https:\/\/esacademic.com\/de\/opiniones\/energy-proair-review\/\">K00399 Entlarvt: Wahrheiten und Risiken des Krypto- und &Ouml;lhandels<\/a><\/h2>\n\n<div class=\"gb-container gb-container-0315061b\">\n<p class=\"gb-headline gb-headline-92eaf1ff gb-headline-text\"><time class=\"entry-date published\" datetime=\"2025-05-20T07:58:18+00:00\">Mai 20, 2025<\/time><\/p>\n\n<p class=\"gb-headline gb-headline-39d42002 gb-headline-text\">Hannibal Rodriguez<\/p>\n<\/div>\n\n<div class=\"gb-headline gb-headline-0b0aea70 gb-headline-text\">Als erfahrener Finanzanalyst mit &uuml;ber zehn Jahren Erfahrung in Anlagestrategien und pers&ouml;nlichen Finanzen ist es mir ein Anliegen, fachkundige Erkenntnisse und praktische Ratschl&auml;ge zu liefern. <\/div>\n<\/div><\/div>\n\n<div class=\"gb-grid-column gb-grid-column-f4ed5d77 gb-query-loop-item post-27266 opiniones type-opiniones status-publish format-standard has-post-thumbnail hentry gblocks_pattern_collections-local-patterns\"><div class=\"gb-container gb-container-f4ed5d77\">\n<figure class=\"gb-block-image gb-block-image-8273ce78\"><img loading=\"lazy\" decoding=\"async\" width=\"400\" height=\"224\" src=\"https:\/\/esacademic.com\/wp-content\/uploads\/2025\/03\/Online-Tranding34.jpg\" class=\"gb-image-8273ce78\" alt=\"Smartphone con Trading Oscuro\" srcset=\"https:\/\/esacademic.com\/wp-content\/uploads\/2025\/03\/Online-Tranding34.jpg 400w, https:\/\/esacademic.com\/wp-content\/uploads\/2025\/03\/Online-Tranding34-300x168.jpg 300w\" sizes=\"auto, (max-width: 400px) 100vw, 400px\" title=\"\"><\/figure>\n\n<h2 class=\"gb-headline gb-headline-19cab21c gb-headline-text\"><a href=\"https:\/\/esacademic.com\/de\/opiniones\/energy-proair\/\">K00398 Vollst&auml;ndige Rezension: Entdecken Sie die Realit&auml;t hinter dem KI-Handel<\/a><\/h2>\n\n<div class=\"gb-container gb-container-0315061b\">\n<p class=\"gb-headline gb-headline-92eaf1ff gb-headline-text\"><time class=\"entry-date published\" datetime=\"2025-05-20T07:54:25+00:00\">Mai 20, 2025<\/time><\/p>\n\n<p class=\"gb-headline gb-headline-39d42002 gb-headline-text\">John Milla Cano<\/p>\n<\/div>\n\n<div class=\"gb-headline gb-headline-0b0aea70 gb-headline-text\">Als erfahrener Finanzanalyst mit &uuml;ber einem Jahrzehnt Erfahrung und einem Master-Abschluss in Finanzen ist es mein Ziel, Ihnen gut recherchierte, von Experten unterst&uuml;tzte Einblicke in die sich schnell entwickelnde Landschaft der Handelstechnologien zu bieten.<\/div>\n<\/div><\/div>\n<\/div>\n\n<div class=\"gb-container gb-container-521ca76b gb-query-loop-pagination\">\n\n\n<span class=\"gb-button gb-button-5a7bc490 gb-button-text page-numbers gb-block-is-current\" aria-current=\"page\">1<\/span><a class=\"gb-button gb-button-5a7bc490 gb-button-text page-numbers\" href=\"?query-454e84c8-page=2\">2<\/a><a class=\"gb-button gb-button-5a7bc490 gb-button-text page-numbers\" href=\"?query-454e84c8-page=3\">3<\/a><span class=\"gb-button gb-button-5a7bc490 gb-button-text page-numbers dots\">&hellip;<\/span><a class=\"gb-button gb-button-5a7bc490 gb-button-text page-numbers\" href=\"?query-454e84c8-page=36\">36<\/a>\n\n<a class=\"gb-button gb-button-aee549c2 gb-button-text\" href=\"\/de\/wp-json\/wp\/v2\/pages\/20696?query-454e84c8-page=2\">N&auml;chste<\/a>\n<\/div>\n\n<\/div>\n<\/div>\n","protected":false},"excerpt":{"rendered":"<p>Entdecken Sie die besten Handelsplattformen, kryptografischen L&ouml;sungen und automatisierten Bots Sie suchen nach zuverl&auml;ssigen Trading-Tools? Dann sind Sie hier genau richtig. Hier finden Sie leicht verst&auml;ndliche Bewertungen von Handelsplattformen, Kryptow&auml;hrungsb&ouml;rsen und automatischen Handelsrobotern. Wir haben die Details vereinfacht, damit alles leicht zu verstehen ist. Sie wissen nicht, wo Sie anfangen sollen? Erkunden Sie unsere Ressourcen, &#8230; <a title=\"Meinungen\" class=\"read-more\" href=\"https:\/\/esacademic.com\/de\/opiniones\/\" aria-label=\"Mehr Informationen \u00fcber Meinungen\">Weiterlesen<\/a><\/p>\n","protected":false},"author":1,"featured_media":0,"parent":0,"menu_order":0,"comment_status":"closed","ping_status":"closed","template":"","meta":{"footnotes":""},"class_list":["post-20696","page","type-page","status-publish"],"rank_math_title":"Unvoreingenommene Bewertungen von Handelsplattformen, Cryptocurrency-Tools und Bots","rank_math_description":"Entdecken Sie detaillierte Bewertungen f\u00fchrender Handelsplattformen, Kryptow\u00e4hrungs-Tools und Handelsroboter. Finden Sie die perfekten L\u00f6sungen, um Ihre Handelsstrategie mit Zuversicht zu verbessern. ","rank_math_focus_keyword":"Handelsplattformen","_links":{"self":[{"href":"https:\/\/esacademic.com\/de\/wp-json\/wp\/v2\/pages\/20696","targetHints":{"allow":["GET"]}}],"collection":[{"href":"https:\/\/esacademic.com\/de\/wp-json\/wp\/v2\/pages"}],"about":[{"href":"https:\/\/esacademic.com\/de\/wp-json\/wp\/v2\/types\/page"}],"author":[{"embeddable":true,"href":"https:\/\/esacademic.com\/de\/wp-json\/wp\/v2\/users\/1"}],"replies":[{"embeddable":true,"href":"https:\/\/esacademic.com\/de\/wp-json\/wp\/v2\/comments?post=20696"}],"version-history":[{"count":2,"href":"https:\/\/esacademic.com\/de\/wp-json\/wp\/v2\/pages\/20696\/revisions"}],"predecessor-version":[{"id":20718,"href":"https:\/\/esacademic.com\/de\/wp-json\/wp\/v2\/pages\/20696\/revisions\/20718"}],"wp:attachment":[{"href":"https:\/\/esacademic.com\/de\/wp-json\/wp\/v2\/media?parent=20696"}],"curies":[{"name":"wp","href":"https:\/\/api.w.org\/{rel}","templated":true}]}}