{"id":18959,"date":"2024-09-30T13:57:55","date_gmt":"2024-09-30T13:57:55","guid":{"rendered":"https:\/\/esacademic.com\/notre-equipe\/"},"modified":"2024-09-30T14:06:09","modified_gmt":"2024-09-30T14:06:09","slug":"nuestro-equipo","status":"publish","type":"page","link":"https:\/\/esacademic.com\/fr\/nuestro-equipo\/","title":{"rendered":"Notre \u00e9quipe"},"content":{"rendered":"<?xml encoding=\"UTF-8\"><div class=\"gb-container gb-container-72d7792f\">\n<div class=\"gb-container gb-container-d7aea67a\">\n\n<h1 class=\"gb-headline gb-headline-75ea8883 gb-headline-text\">Rencontrez notre &eacute;quipe<\/h1>\n\n\n\n<p class=\"gb-headline gb-headline-841be000 gb-headline-text\">Curieux de savoir qui se cache derri&egrave;re le contenu ?\nVoici les professionnels talentueux qui cr&eacute;ent ce que vous aimez !\nLes auteurs d&rsquo;Esacademic apportent une richesse d&rsquo;exp&eacute;rience et de r&eacute;alisations &agrave; chaque article.\nD&eacute;couvrez leurs points de vue uniques et entrez en contact avec les voix qui fa&ccedil;onnent votre exp&eacute;rience de lecture.   <\/p>\n\n<\/div>\n<\/div><div class=\"gb-grid-wrapper gb-grid-wrapper-5678fe82\">\n<div class=\"gb-grid-column gb-grid-column-2e681f96\"><div class=\"gb-container gb-container-2e681f96\">\n\n<figure class=\"gb-block-image gb-block-image-858f9e0e\"><img loading=\"lazy\" decoding=\"async\" width=\"300\" height=\"300\" class=\"gb-image gb-image-858f9e0e\" src=\"https:\/\/esacademic.com\/wp-content\/uploads\/2024\/09\/JOHN-MILLA-CANO.jpg\" alt=\"\" title=\"JOHN MILLA CANO\" srcset=\"https:\/\/esacademic.com\/wp-content\/uploads\/2024\/09\/JOHN-MILLA-CANO.jpg 300w, https:\/\/esacademic.com\/wp-content\/uploads\/2024\/09\/JOHN-MILLA-CANO-150x150.jpg 150w\" sizes=\"auto, (max-width: 300px) 100vw, 300px\"><\/figure>\n\n\n\n<div class=\"gb-headline gb-headline-275fbd66 gb-headline-text\"><strong>JOHN MILLA CANO<\/strong><\/div>\n\n\n\n<p><em>R&eacute;dacteur en chef R&eacute;dacteur collaborateur<\/em><\/p>\n\n\n\n<p>Fort d&rsquo;une solide exp&eacute;rience dans le domaine des affaires, en particulier dans les secteurs du commerce de d&eacute;tail et de la vente, John poss&egrave;de les comp&eacute;tences n&eacute;cessaires pour diriger un projet de grande envergure.\nEn plus d&rsquo;&ecirc;tre le PDG de Cointrade, il est titulaire d&rsquo;un dipl&ocirc;me en administration des affaires et en gestion de l&rsquo;universit&eacute; d&rsquo;Alcal&aacute;, ce qui renforce sa capacit&eacute; &agrave; g&eacute;rer avec succ&egrave;s des initiatives strat&eacute;giques. <\/p>\n\n<\/div><\/div>\n\n<div class=\"gb-grid-column gb-grid-column-ef5af772\"><div class=\"gb-container gb-container-ef5af772\">\n\n<figure class=\"gb-block-image gb-block-image-dda01526\"><img loading=\"lazy\" decoding=\"async\" width=\"300\" height=\"300\" class=\"gb-image gb-image-dda01526\" src=\"https:\/\/esacademic.com\/wp-content\/uploads\/2024\/09\/HANNIBAL-RODRIGUEZ.jpg\" alt=\"\" title=\"HANNIBAL RODRIGUEZ\" srcset=\"https:\/\/esacademic.com\/wp-content\/uploads\/2024\/09\/HANNIBAL-RODRIGUEZ.jpg 300w, https:\/\/esacademic.com\/wp-content\/uploads\/2024\/09\/HANNIBAL-RODRIGUEZ-150x150.jpg 150w\" sizes=\"auto, (max-width: 300px) 100vw, 300px\"><\/figure>\n\n\n\n<div class=\"gb-headline gb-headline-08d2bcaf gb-headline-text\"><strong>HANNIBAL RODRIGUEZ<\/strong><\/div>\n\n\n\n<p><em>&Eacute;diteur<\/em><\/p>\n\n\n\n<p>Hannibal, expert en marketing et publicit&eacute;, sera charg&eacute; de g&eacute;rer l&rsquo;ensemble de la strat&eacute;gie publicitaire de Cointrade.\nIl est &eacute;galement sp&eacute;cialiste de la communication digitale et passionn&eacute; par les technologies appliqu&eacute;es &agrave; l&rsquo;environnement web.\nIl est &eacute;galement actuellement CMO de Cointrade, o&ugrave; il dirige les initiatives de marketing et de croissance de la plateforme.  <\/p>\n\n<\/div><\/div>\n<\/div>\n","protected":false},"excerpt":{"rendered":"<p>Rencontrez notre &eacute;quipe Curieux de savoir qui se cache derri&egrave;re le contenu ? Voici les professionnels talentueux qui cr&eacute;ent ce que vous aimez ! Les auteurs d&rsquo;Esacademic apportent une richesse d&rsquo;exp&eacute;rience et de r&eacute;alisations &agrave; chaque article. D&eacute;couvrez leurs points de vue uniques et entrez en contact avec les voix qui fa&ccedil;onnent votre exp&eacute;rience de &#8230; <a title=\"Notre \u00e9quipe\" class=\"read-more\" href=\"https:\/\/esacademic.com\/fr\/nuestro-equipo\/\" aria-label=\"En savoir plus sur Notre \u00e9quipe\">Lire la suite<\/a><\/p>\n","protected":false},"author":1,"featured_media":0,"parent":0,"menu_order":0,"comment_status":"closed","ping_status":"closed","template":"","meta":{"footnotes":""},"class_list":["post-18959","page","type-page","status-publish"],"rank_math_title":"D\u00e9couvrez l'\u00e9quipe d'experts d'Esacademic","rank_math_description":"Chez Esacademic, nous disposons d'une \u00e9quipe d'experts hautement qualifi\u00e9s qui fournissent les derni\u00e8res nouvelles et les derniers articles avec un contenu original et de qualit\u00e9.","rank_math_focus_keyword":"Esacademic","_links":{"self":[{"href":"https:\/\/esacademic.com\/fr\/wp-json\/wp\/v2\/pages\/18959","targetHints":{"allow":["GET"]}}],"collection":[{"href":"https:\/\/esacademic.com\/fr\/wp-json\/wp\/v2\/pages"}],"about":[{"href":"https:\/\/esacademic.com\/fr\/wp-json\/wp\/v2\/types\/page"}],"author":[{"embeddable":true,"href":"https:\/\/esacademic.com\/fr\/wp-json\/wp\/v2\/users\/1"}],"replies":[{"embeddable":true,"href":"https:\/\/esacademic.com\/fr\/wp-json\/wp\/v2\/comments?post=18959"}],"version-history":[{"count":3,"href":"https:\/\/esacademic.com\/fr\/wp-json\/wp\/v2\/pages\/18959\/revisions"}],"predecessor-version":[{"id":18987,"href":"https:\/\/esacademic.com\/fr\/wp-json\/wp\/v2\/pages\/18959\/revisions\/18987"}],"wp:attachment":[{"href":"https:\/\/esacademic.com\/fr\/wp-json\/wp\/v2\/media?parent=18959"}],"curies":[{"name":"wp","href":"https:\/\/api.w.org\/{rel}","templated":true}]}}