{"id":19008,"date":"2022-11-08T18:30:39","date_gmt":"2022-11-08T18:30:39","guid":{"rendered":"https:\/\/esacademic.com\/a-propos-de\/"},"modified":"2025-05-27T14:51:20","modified_gmt":"2025-05-27T14:51:20","slug":"about","status":"publish","type":"page","link":"https:\/\/esacademic.com\/fr\/about\/","title":{"rendered":"\u00c0 propos de nous"},"content":{"rendered":"<?xml encoding=\"UTF-8\"><div class=\"gb-container gb-container-95434aeb\">\n<div class=\"gb-container gb-container-f1f18e98\">\n\n<p><em>ACAD&Eacute;MIQUE : Votre partenaire de confiance pour favoriser l&rsquo;autonomie et l&rsquo;avancement des entreprises<\/em> .<\/p>\n\n\n\n<p>Depuis sa cr&eacute;ation en 2011, ACADEMIC d&eacute;fend le concept de cr&eacute;ation de votre propre chemin vers le succ&egrave;s, en acceptant des risques r&eacute;fl&eacute;chis et en garantissant &agrave; chacun la possibilit&eacute; de transformer ses aspirations en r&eacute;alisations. Notre plateforme est d&eacute;di&eacute;e &agrave; fournir des conseils pratiques et approfondis ainsi que des connaissances professionnelles &agrave; ceux qui souhaitent am&eacute;liorer leurs actifs financiers et leurs entreprises commerciales.<\/p>\n\n\n\n<p>Pour l&rsquo;investisseur exp&eacute;riment&eacute;, l&rsquo;entrepreneur &eacute;mergent ou toute personne int&eacute;ress&eacute;e &agrave; ma&icirc;triser le monde dynamique des affaires, notre objectif est de vous soutenir et de vous guider sur votre chemin vers le succ&egrave;s.<\/p>\n\n\n\n<figure class=\"gb-block-image gb-block-image-1e335a16\"><img loading=\"lazy\" decoding=\"async\" width=\"300\" height=\"300\" class=\"gb-image gb-image-1e335a16\" src=\"https:\/\/esacademic.com\/wp-content\/uploads\/2024\/01\/Academic-logo-400x400-1-300x300.png\" alt=\"Academic logo 400x400\" title=\"Logo acad&eacute;mique 400x400\"><\/figure>\n\n\n\n<h2 class=\"gb-headline gb-headline-e8485f28 gb-headline-text\">Notre mission<\/h2>\n\n\n\n<h3 class=\"gb-headline gb-headline-349d2762 gb-headline-text\">Autonomisation:<\/h3>\n\n\n\n<p class=\"gb-headline gb-headline-9637f459 gb-headline-text\">Au c&oelig;ur de notre philosophie se trouve la ferme conviction que chacun peut atteindre le succ&egrave;s financier et le d&eacute;veloppement commercial, quel que soit son parcours. Nous inspirons les gens &agrave; prendre en charge leur avenir financier, &agrave; prendre des d&eacute;cisions &eacute;clair&eacute;es et &agrave; saisir les opportunit&eacute;s.<\/p>\n\n\n\n<h3 class=\"gb-headline gb-headline-fcac6548 gb-headline-text\">&Eacute;ducation:<\/h3>\n\n\n\n<p>Nous croyons que l&rsquo;illumination est la pierre angulaire de la r&eacute;alisation du potentiel. Engag&eacute;s &agrave; fournir un contenu simple, exploitable et sans jargon, nous informons nos lecteurs sur une vari&eacute;t&eacute; de sujets, des techniques d&rsquo;investissement et des outils de trading aux derni&egrave;res mises &agrave; jour du secteur. Notre mat&eacute;riel est con&ccedil;u pour simplifier les concepts financiers complexes pour une utilisation pratique.<\/p>\n\n\n\n<h3 class=\"gb-headline gb-headline-b8a5b8d3 gb-headline-text\">Innovation:<\/h3>\n\n\n\n<p>Dans l&rsquo;environnement commercial actuel en &eacute;volution rapide, le progr&egrave;s d&eacute;pend de l&rsquo;innovation et de la flexibilit&eacute;. Nous d&eacute;fendons l&rsquo;apprentissage et la d&eacute;couverte continus, en pr&eacute;sentant les derni&egrave;res id&eacute;es, tendances et innovations pour inspirer notre communaut&eacute; &agrave; adopter le changement.<\/p>\n\n\n\n<h3 class=\"gb-headline gb-headline-fee21c28 gb-headline-text\">Notre int&eacute;grit&eacute; &eacute;ditoriale<\/h3>\n\n\n\n<p>Nous adh&eacute;rons &agrave; un principe d&rsquo;impartialit&eacute; dans notre contenu, garantissant que notre public a acc&egrave;s &agrave; des informations justes et &eacute;quilibr&eacute;es. Notre &eacute;quipe de sp&eacute;cialistes se consacre &agrave; fournir des conseils pr&eacute;cis, fiables et transparents, vous aidant &agrave; prendre des d&eacute;cisions &eacute;clair&eacute;es.<\/p>\n\n\n\n<h3 class=\"gb-headline gb-headline-14baf2e2 gb-headline-text\">L&rsquo;exp&eacute;rience ACAD&Eacute;MIQUE<\/h3>\n\n\n\n<p>Notre plateforme s&rsquo;adresse &agrave; ceux qui souhaitent maximiser leur potentiel financier, des entrepreneurs en herbe passionn&eacute;s par le succ&egrave;s et manquant de formation commerciale formelle, aux propri&eacute;taires d&rsquo;entreprise exp&eacute;riment&eacute;s &agrave; la recherche d&rsquo;id&eacute;es innovantes. Nous servons des entrepreneurs qui ont trac&eacute; leur chemin gr&acirc;ce &agrave; leurs efforts et &agrave; leur d&eacute;termination.<\/p>\n\n\n\n<h2 class=\"gb-headline gb-headline-c85e0dea gb-headline-text\">Notre avantage distinctif :<\/h2>\n\n\n\n<p>Port&eacute;e compl&egrave;te : Notre contenu couvre un large spectre, englobant les techniques traditionnelles d&rsquo;investissement et de croissance des entreprises, ainsi que les derni&egrave;res nouveaut&eacute;s en mati&egrave;re de crypto-monnaies et d&rsquo;investissements alternatifs, offrant une vision holistique du monde des affaires.<\/p>\n\n\n\n<p>Contenu accessible : nous &eacute;vitons la terminologie financi&egrave;re compliqu&eacute;e, en veillant &agrave; ce que notre contenu soit simple et compr&eacute;hensible pour tous, permettant aux lecteurs d&rsquo;horizons divers de b&eacute;n&eacute;ficier et d&rsquo;appliquer ces connaissances.<\/p>\n\n\n\n<p>Orientation pratique : Plus que de la th&eacute;orie, nous offrons des conseils pragmatiques pour une application imm&eacute;diate dans vos strat&eacute;gies d&rsquo;investissement et d&rsquo;affaires, dans le but de vous fournir les outils dont vous avez besoin pour le succ&egrave;s que vous d&eacute;sirez.<\/p>\n\n\n\n<h3 class=\"gb-headline gb-headline-fc45b939 gb-headline-text\">Rejoignez l&rsquo;ACAD&Eacute;MIQUE<\/h3>\n\n\n\n<p>Que vous soyez un entrepreneur chevronn&eacute; ou que vous d&eacute;butiez, ACADEMIC est votre principale source de motivation, de connaissances et d&rsquo;autonomisation. Faites partie de notre cercle grandissant d&rsquo;individus autonomes engag&eacute;s &agrave; d&eacute;velopper leur richesse et leurs entreprises commerciales.<\/p>\n\n<\/div>\n<\/div>\n","protected":false},"excerpt":{"rendered":"<p>ACAD&Eacute;MIQUE : Votre partenaire de confiance pour favoriser l&rsquo;autonomie et l&rsquo;avancement des entreprises . Depuis sa cr&eacute;ation en 2011, ACADEMIC d&eacute;fend le concept de cr&eacute;ation de votre propre chemin vers le succ&egrave;s, en acceptant des risques r&eacute;fl&eacute;chis et en garantissant &agrave; chacun la possibilit&eacute; de transformer ses aspirations en r&eacute;alisations. Notre plateforme est d&eacute;di&eacute;e &agrave; &#8230; <a title=\"\u00c0 propos de nous\" class=\"read-more\" href=\"https:\/\/esacademic.com\/fr\/about\/\" aria-label=\"En savoir plus sur \u00c0 propos de nous\">Lire la suite<\/a><\/p>\n","protected":false},"author":1,"featured_media":0,"parent":0,"menu_order":0,"comment_status":"closed","ping_status":"closed","template":"","meta":{"footnotes":""},"class_list":["post-19008","page","type-page","status-publish"],"rank_math_title":"\u00c0 propos de nous\u00a0: Rencontrez l'\u00e9quipe derri\u00e8re la principale source d'informations sur les cryptomonnaies","rank_math_description":"Apprenez-en davantage sur notre mission, notre vision et l'\u00e9quipe exp\u00e9riment\u00e9e derri\u00e8re notre site d'actualit\u00e9s leader sur les crypto-monnaies. D\u00e9couvrez notre parcours et notre engagement \u00e0 fournir les informations les plus pr\u00e9cises et les plus opportunes sur le monde de la crypto-monnaie.","rank_math_focus_keyword":"","_links":{"self":[{"href":"https:\/\/esacademic.com\/fr\/wp-json\/wp\/v2\/pages\/19008","targetHints":{"allow":["GET"]}}],"collection":[{"href":"https:\/\/esacademic.com\/fr\/wp-json\/wp\/v2\/pages"}],"about":[{"href":"https:\/\/esacademic.com\/fr\/wp-json\/wp\/v2\/types\/page"}],"author":[{"embeddable":true,"href":"https:\/\/esacademic.com\/fr\/wp-json\/wp\/v2\/users\/1"}],"replies":[{"embeddable":true,"href":"https:\/\/esacademic.com\/fr\/wp-json\/wp\/v2\/comments?post=19008"}],"version-history":[{"count":3,"href":"https:\/\/esacademic.com\/fr\/wp-json\/wp\/v2\/pages\/19008\/revisions"}],"predecessor-version":[{"id":27294,"href":"https:\/\/esacademic.com\/fr\/wp-json\/wp\/v2\/pages\/19008\/revisions\/27294"}],"wp:attachment":[{"href":"https:\/\/esacademic.com\/fr\/wp-json\/wp\/v2\/media?parent=19008"}],"curies":[{"name":"wp","href":"https:\/\/api.w.org\/{rel}","templated":true}]}}