{"id":19032,"date":"2022-11-08T18:29:37","date_gmt":"2022-11-08T18:29:37","guid":{"rendered":"https:\/\/esacademic.com\/contact\/"},"modified":"2024-10-02T10:15:22","modified_gmt":"2024-10-02T10:15:22","slug":"contact","status":"publish","type":"page","link":"https:\/\/esacademic.com\/fr\/contact\/","title":{"rendered":"Contact"},"content":{"rendered":"<?xml encoding=\"UTF-8\"><div class=\"gb-container gb-container-6cb71469\">\n<div class=\"gb-container gb-container-1fca5493\">\n\n<p>Chez ACADEMIC, nous sommes toujours impatients de vous entendre.\nQue vous ayez une question, un commentaire ou que vous souhaitiez simplement partager vos id&eacute;es, nous sommes l&agrave; pour vous &eacute;couter et vous aider.\nVotre contribution est inestimable pour nous aider &agrave; continuer &agrave; fournir le meilleur contenu et les meilleurs services possibles.  <\/p>\n\n\n\n<h2 class=\"gb-headline gb-headline-792308d3 gb-headline-text\"><strong>Contactez nous<\/strong><\/h2>\n\n\n\n<p>N&rsquo;h&eacute;sitez pas &agrave; nous contacter en utilisant le formulaire de contact ci-dessous.\nRemplissez vos coordonn&eacute;es et votre message, et l&rsquo;un des membres de notre &eacute;quipe vous r&eacute;pondra dans les plus brefs d&eacute;lais.\nNous nous effor&ccedil;ons de r&eacute;pondre &agrave; toutes les demandes dans les 48 heures.  <\/p>\n\n\n\n<h2 class=\"gb-headline gb-headline-c38728fa gb-headline-text\"><strong>Autres possibilit&eacute;s de contact<\/strong><\/h2>\n\n\n\n<p>Si vous pr&eacute;f&eacute;rez, vous pouvez &eacute;galement nous contacter par les moyens suivants :<\/p>\n\n\n\n<ul class=\"wp-block-list\">\n<li><strong>Par e-mail :<\/strong> <a href=\"mailto:info@esacademic.com\">info@esacademic.com<\/a><\/li>\n\n\n\n<li><strong>Notre adresse :<\/strong> C. DE ELOY GONZALO, 27, CHAMBER&Iacute;, 28010 MADRID<\/li>\n<\/ul>\n\n\n\n<h2 class=\"gb-headline gb-headline-5615f003 gb-headline-text\"><strong>Suivez-nous sur<\/strong><\/h2>\n\n\n\n<p>Restez en contact avec ACADEMIC.\nSuivez-nous sur nos r&eacute;seaux sociaux pour obtenir les derni&egrave;res mises &agrave; jour, des informations et du contenu interactif. <\/p>\n\n\n\n<p>Nous sommes impatients de vous lire et sommes &agrave; votre disposition pour r&eacute;pondre &agrave; toutes vos questions.\nNous vous remercions d&rsquo;avoir choisi ACADEMIC comme source d&rsquo;autonomisation commerciale et financi&egrave;re. <\/p>\n\n<\/div>\n<\/div>\n","protected":false},"excerpt":{"rendered":"<p>Chez ACADEMIC, nous sommes toujours impatients de vous entendre. Que vous ayez une question, un commentaire ou que vous souhaitiez simplement partager vos id&eacute;es, nous sommes l&agrave; pour vous &eacute;couter et vous aider. Votre contribution est inestimable pour nous aider &agrave; continuer &agrave; fournir le meilleur contenu et les meilleurs services possibles. Contactez nous N&rsquo;h&eacute;sitez &#8230; <a title=\"Contact\" class=\"read-more\" href=\"https:\/\/esacademic.com\/fr\/contact\/\" aria-label=\"En savoir plus sur Contact\">Lire la suite<\/a><\/p>\n","protected":false},"author":1,"featured_media":0,"parent":0,"menu_order":0,"comment_status":"closed","ping_status":"closed","template":"","meta":{"footnotes":""},"class_list":["post-19032","page","type-page","status-publish"],"rank_math_title":"Contactez notre \u00e9quipe : votre source d'informations sur les crypto-monnaies, d'aide et de soutien.","rank_math_description":"N'h\u00e9sitez pas \u00e0 nous contacter pour toute question, commentaire ou suggestion.\nNotre \u00e9quipe est pr\u00eate \u00e0 vous aider.\nVisitez notre page Contactez-nous pour obtenir tous les d\u00e9tails dont vous avez besoin pour vous connecter avec nos experts de l'actualit\u00e9 des crypto-monnaies.  ","rank_math_focus_keyword":"","_links":{"self":[{"href":"https:\/\/esacademic.com\/fr\/wp-json\/wp\/v2\/pages\/19032","targetHints":{"allow":["GET"]}}],"collection":[{"href":"https:\/\/esacademic.com\/fr\/wp-json\/wp\/v2\/pages"}],"about":[{"href":"https:\/\/esacademic.com\/fr\/wp-json\/wp\/v2\/types\/page"}],"author":[{"embeddable":true,"href":"https:\/\/esacademic.com\/fr\/wp-json\/wp\/v2\/users\/1"}],"replies":[{"embeddable":true,"href":"https:\/\/esacademic.com\/fr\/wp-json\/wp\/v2\/comments?post=19032"}],"version-history":[{"count":1,"href":"https:\/\/esacademic.com\/fr\/wp-json\/wp\/v2\/pages\/19032\/revisions"}],"predecessor-version":[{"id":19034,"href":"https:\/\/esacademic.com\/fr\/wp-json\/wp\/v2\/pages\/19032\/revisions\/19034"}],"wp:attachment":[{"href":"https:\/\/esacademic.com\/fr\/wp-json\/wp\/v2\/media?parent=19032"}],"curies":[{"name":"wp","href":"https:\/\/api.w.org\/{rel}","templated":true}]}}