{"id":20698,"date":"2025-01-02T17:23:56","date_gmt":"2025-01-02T17:23:56","guid":{"rendered":"https:\/\/esacademic.com\/opinions\/"},"modified":"2025-01-02T17:35:18","modified_gmt":"2025-01-02T17:35:18","slug":"opiniones","status":"publish","type":"page","link":"https:\/\/esacademic.com\/fr\/opiniones\/","title":{"rendered":"Opinions"},"content":{"rendered":"<?xml encoding=\"UTF-8\"><div class=\"gb-container gb-container-6e5f1950\">\n<div class=\"gb-container gb-container-3fbb5157\">\n\n<h1 class=\"gb-headline gb-headline-347b396d gb-headline-text\">D&eacute;couvrez les meilleures plateformes de trading, les solutions cryptographiques et les robots automatis&eacute;s.<\/h1>\n\n\n\n<p>Vous &ecirc;tes &agrave; la recherche d&rsquo;outils de trading fiables ? Vous &ecirc;tes au bon endroit. Vous trouverez ici des avis faciles &agrave; comprendre sur les plateformes de trading, les &eacute;changes de crypto-monnaies et les robots de trading automatis&eacute;s. Nous avons simplifi&eacute; les d&eacute;tails pour que tout soit facile &agrave; comprendre. vous ne savez pas par o&ugrave; commencer ? Explorez nos ressources pour trouver ce qui convient &agrave; votre style de trading et &agrave; vos objectifs. Que vous soyez d&eacute;butant ou exp&eacute;riment&eacute;, nous avons ce qu&rsquo;il vous faut. Nos recherches approfondies vous permettent d&rsquo;&eacute;conomiser du temps et des efforts. Pr&ecirc;t &agrave; am&eacute;liorer votre exp&eacute;rience du trading, plongez dans nos ressources et commen&ccedil;ons !         <\/p>\n\n\n\n<div class=\"gb-grid-wrapper gb-grid-wrapper-afc1adbe gb-query-loop-wrapper\">\n<div class=\"gb-grid-column gb-grid-column-f4ed5d77 gb-query-loop-item post-27309 opiniones type-opiniones status-publish format-standard has-post-thumbnail hentry gblocks_pattern_collections-local-patterns\"><div class=\"gb-container gb-container-f4ed5d77\">\n<figure class=\"gb-block-image gb-block-image-8273ce78\"><img loading=\"lazy\" decoding=\"async\" width=\"400\" height=\"224\" src=\"https:\/\/esacademic.com\/wp-content\/uploads\/2025\/03\/Mobile-Trading-Scene2.jpg\" class=\"gb-image-8273ce78\" alt=\"Trading Urbano Nocturno\" srcset=\"https:\/\/esacademic.com\/wp-content\/uploads\/2025\/03\/Mobile-Trading-Scene2.jpg 400w, https:\/\/esacademic.com\/wp-content\/uploads\/2025\/03\/Mobile-Trading-Scene2-300x168.jpg 300w\" sizes=\"auto, (max-width: 400px) 100vw, 400px\" title=\"\"><\/figure>\n\n<h2 class=\"gb-headline gb-headline-19cab21c gb-headline-text\"><a href=\"https:\/\/esacademic.com\/fr\/opiniones\/ethereum-cormax-app\/\">Dynamiser le trading avec K00411&nbsp;: l&rsquo;innovation &agrave; l&rsquo;intersection de l&rsquo;IA et de l&rsquo;informatique quantique<\/a><\/h2>\n\n<div class=\"gb-container gb-container-0315061b\">\n<p class=\"gb-headline gb-headline-92eaf1ff gb-headline-text\"><time class=\"entry-date published\" datetime=\"2025-05-28T07:54:05+00:00\">mai 28, 2025<\/time><\/p>\n\n<p class=\"gb-headline gb-headline-39d42002 gb-headline-text\">Hannibal Rodriguez<\/p>\n<\/div>\n\n<div class=\"gb-headline gb-headline-0b0aea70 gb-headline-text\">En tant qu&rsquo;analyste financier avec plus d&rsquo;une d&eacute;cennie d&rsquo;exp&eacute;rience dans la dynamique du march&eacute; et titulaire de la charte CFA, je vous propose une exploration approfondie de l&rsquo;impact transformateur de K00411 sur l&rsquo;investissement moderne. <\/div>\n<\/div><\/div>\n\n<div class=\"gb-grid-column gb-grid-column-f4ed5d77 gb-query-loop-item post-27313 opiniones type-opiniones status-publish format-standard has-post-thumbnail hentry gblocks_pattern_collections-local-patterns\"><div class=\"gb-container gb-container-f4ed5d77\">\n<figure class=\"gb-block-image gb-block-image-8273ce78\"><img loading=\"lazy\" decoding=\"async\" width=\"400\" height=\"224\" src=\"https:\/\/esacademic.com\/wp-content\/uploads\/2025\/03\/Mobile-Trading-Scene1.jpg\" class=\"gb-image-8273ce78\" alt=\"Trading Digital en Rojo\" srcset=\"https:\/\/esacademic.com\/wp-content\/uploads\/2025\/03\/Mobile-Trading-Scene1.jpg 400w, https:\/\/esacademic.com\/wp-content\/uploads\/2025\/03\/Mobile-Trading-Scene1-300x168.jpg 300w\" sizes=\"auto, (max-width: 400px) 100vw, 400px\" title=\"\"><\/figure>\n\n<h2 class=\"gb-headline gb-headline-19cab21c gb-headline-text\"><a href=\"https:\/\/esacademic.com\/fr\/opiniones\/ethereum-cormax-review\/\">&Agrave; la d&eacute;couverte de K00410&nbsp;: la r&eacute;volution du trading automatis&eacute;<\/a><\/h2>\n\n<div class=\"gb-container gb-container-0315061b\">\n<p class=\"gb-headline gb-headline-92eaf1ff gb-headline-text\"><time class=\"entry-date published\" datetime=\"2025-05-28T07:49:46+00:00\">mai 28, 2025<\/time><\/p>\n\n<p class=\"gb-headline gb-headline-39d42002 gb-headline-text\">John Milla Cano<\/p>\n<\/div>\n\n<div class=\"gb-headline gb-headline-0b0aea70 gb-headline-text\">En tant qu&rsquo;analyste financier chevronn&eacute; avec plus d&rsquo;une d&eacute;cennie d&rsquo;exp&eacute;rience dans les strat&eacute;gies d&rsquo;investissement et une ma&icirc;trise en gestion financi&egrave;re, j&rsquo;apporte des connaissances approfondies pour naviguer dans le monde en constante &eacute;volution de la finance num&eacute;rique. <\/div>\n<\/div><\/div>\n\n<div class=\"gb-grid-column gb-grid-column-f4ed5d77 gb-query-loop-item post-27317 opiniones type-opiniones status-publish format-standard has-post-thumbnail hentry gblocks_pattern_collections-local-patterns\"><div class=\"gb-container gb-container-f4ed5d77\">\n<figure class=\"gb-block-image gb-block-image-8273ce78\"><img loading=\"lazy\" decoding=\"async\" width=\"400\" height=\"150\" src=\"https:\/\/esacademic.com\/wp-content\/uploads\/2025\/03\/Trading-Desk-View1.jpg\" class=\"gb-image-8273ce78\" alt=\"Trading M&oacute;vil en Oscuro\" srcset=\"https:\/\/esacademic.com\/wp-content\/uploads\/2025\/03\/Trading-Desk-View1.jpg 400w, https:\/\/esacademic.com\/wp-content\/uploads\/2025\/03\/Trading-Desk-View1-300x113.jpg 300w\" sizes=\"auto, (max-width: 400px) 100vw, 400px\" title=\"\"><\/figure>\n\n<h2 class=\"gb-headline gb-headline-19cab21c gb-headline-text\"><a href=\"https:\/\/esacademic.com\/fr\/opiniones\/ethereum-cormax\/\">Exploration de K00409&nbsp;: Innovation et d&eacute;fis du trading de cryptomonnaies<\/a><\/h2>\n\n<div class=\"gb-container gb-container-0315061b\">\n<p class=\"gb-headline gb-headline-92eaf1ff gb-headline-text\"><time class=\"entry-date published\" datetime=\"2025-05-28T07:43:49+00:00\">mai 28, 2025<\/time><\/p>\n\n<p class=\"gb-headline gb-headline-39d42002 gb-headline-text\">esacademic<\/p>\n<\/div>\n\n<div class=\"gb-headline gb-headline-0b0aea70 gb-headline-text\">En tant qu&rsquo;analyste financier avec plus d&rsquo;une d&eacute;cennie d&rsquo;exp&eacute;rience et une ma&icirc;trise en finance, j&rsquo;offre un aper&ccedil;u de K00409, une plateforme qui fait des vagues avec ses capacit&eacute;s de robo-trading aliment&eacute;es par l&rsquo;IA. <\/div>\n<\/div><\/div>\n\n<div class=\"gb-grid-column gb-grid-column-f4ed5d77 gb-query-loop-item post-27245 opiniones type-opiniones status-publish format-standard has-post-thumbnail hentry gblocks_pattern_collections-local-patterns\"><div class=\"gb-container gb-container-f4ed5d77\">\n<figure class=\"gb-block-image gb-block-image-8273ce78\"><img loading=\"lazy\" decoding=\"async\" width=\"400\" height=\"224\" src=\"https:\/\/esacademic.com\/wp-content\/uploads\/2025\/03\/Online-Tranding8.jpg\" class=\"gb-image-8273ce78\" alt=\"Elegante Display de Trading\" srcset=\"https:\/\/esacademic.com\/wp-content\/uploads\/2025\/03\/Online-Tranding8.jpg 400w, https:\/\/esacademic.com\/wp-content\/uploads\/2025\/03\/Online-Tranding8-300x168.jpg 300w\" sizes=\"auto, (max-width: 400px) 100vw, 400px\" title=\"\"><\/figure>\n\n<h2 class=\"gb-headline gb-headline-19cab21c gb-headline-text\"><a href=\"https:\/\/esacademic.com\/fr\/opiniones\/instant-akpro-app\/\">Exploration de K00403&nbsp;: Innovation et s&eacute;curit&eacute; dans le trading automatis&eacute;<\/a><\/h2>\n\n<div class=\"gb-container gb-container-0315061b\">\n<p class=\"gb-headline gb-headline-92eaf1ff gb-headline-text\"><time class=\"entry-date published\" datetime=\"2025-05-20T08:23:32+00:00\">mai 20, 2025<\/time><\/p>\n\n<p class=\"gb-headline gb-headline-39d42002 gb-headline-text\">John Milla Cano<\/p>\n<\/div>\n\n<div class=\"gb-headline gb-headline-0b0aea70 gb-headline-text\">En tant qu&rsquo;analyste financier chevronn&eacute; avec plus d&rsquo;une d&eacute;cennie d&rsquo;exp&eacute;rience dans le secteur de l&rsquo;investissement et une d&eacute;signation CFA, je suis ici pour me plonger dans le monde fascinant de K00403 en 2025. <\/div>\n<\/div><\/div>\n\n<div class=\"gb-grid-column gb-grid-column-f4ed5d77 gb-query-loop-item post-27249 opiniones type-opiniones status-publish format-standard has-post-thumbnail hentry gblocks_pattern_collections-local-patterns\"><div class=\"gb-container gb-container-f4ed5d77\">\n<figure class=\"gb-block-image gb-block-image-8273ce78\"><img loading=\"lazy\" decoding=\"async\" width=\"400\" height=\"224\" src=\"https:\/\/esacademic.com\/wp-content\/uploads\/2025\/03\/Online-Tranding7.jpg\" class=\"gb-image-8273ce78\" alt=\"Consulta de Trading Exterior\" srcset=\"https:\/\/esacademic.com\/wp-content\/uploads\/2025\/03\/Online-Tranding7.jpg 400w, https:\/\/esacademic.com\/wp-content\/uploads\/2025\/03\/Online-Tranding7-300x168.jpg 300w\" sizes=\"auto, (max-width: 400px) 100vw, 400px\" title=\"\"><\/figure>\n\n<h2 class=\"gb-headline gb-headline-19cab21c gb-headline-text\"><a href=\"https:\/\/esacademic.com\/fr\/opiniones\/instant-akpro-review\/\">Exploration de K00402&nbsp;: Innovation et s&eacute;curit&eacute; dans le trading de cryptomonnaies<\/a><\/h2>\n\n<div class=\"gb-container gb-container-0315061b\">\n<p class=\"gb-headline gb-headline-92eaf1ff gb-headline-text\"><time class=\"entry-date published\" datetime=\"2025-05-20T08:17:43+00:00\">mai 20, 2025<\/time><\/p>\n\n<p class=\"gb-headline gb-headline-39d42002 gb-headline-text\">Hannibal Rodriguez<\/p>\n<\/div>\n\n<div class=\"gb-headline gb-headline-0b0aea70 gb-headline-text\">En tant qu&rsquo;analyste financier avec plus d&rsquo;une d&eacute;cennie d&rsquo;exp&eacute;rience dans les &eacute;tudes de march&eacute; et la strat&eacute;gie d&rsquo;investissement, je propose une analyse critique du K00402 en 2025. <\/div>\n<\/div><\/div>\n\n<div class=\"gb-grid-column gb-grid-column-f4ed5d77 gb-query-loop-item post-27253 opiniones type-opiniones status-publish format-standard has-post-thumbnail hentry gblocks_pattern_collections-local-patterns\"><div class=\"gb-container gb-container-f4ed5d77\">\n<figure class=\"gb-block-image gb-block-image-8273ce78\"><img loading=\"lazy\" decoding=\"async\" width=\"400\" height=\"224\" src=\"https:\/\/esacademic.com\/wp-content\/uploads\/2025\/03\/Online-Tranding6.jpg\" class=\"gb-image-8273ce78\" alt=\"Trading Urbano Nocturno\" srcset=\"https:\/\/esacademic.com\/wp-content\/uploads\/2025\/03\/Online-Tranding6.jpg 400w, https:\/\/esacademic.com\/wp-content\/uploads\/2025\/03\/Online-Tranding6-300x168.jpg 300w\" sizes=\"auto, (max-width: 400px) 100vw, 400px\" title=\"\"><\/figure>\n\n<h2 class=\"gb-headline gb-headline-19cab21c gb-headline-text\"><a href=\"https:\/\/esacademic.com\/fr\/opiniones\/instant-akpro\/\">Exploration de K00401&nbsp;: La r&eacute;volution de l&rsquo;informatique quantique dans le trading automatis&eacute;<\/a><\/h2>\n\n<div class=\"gb-container gb-container-0315061b\">\n<p class=\"gb-headline gb-headline-92eaf1ff gb-headline-text\"><time class=\"entry-date published\" datetime=\"2025-05-20T08:11:58+00:00\">mai 20, 2025<\/time><\/p>\n\n<p class=\"gb-headline gb-headline-39d42002 gb-headline-text\">John Milla Cano<\/p>\n<\/div>\n\n<div class=\"gb-headline gb-headline-0b0aea70 gb-headline-text\">Bienvenue sur notre blog financier, o&ugrave; nous mettons &agrave; profit des ann&eacute;es d&rsquo;exp&eacute;rience et de recherche financi&egrave;res approfondies pour vous apporter les informations les plus fiables sur le monde en constante &eacute;volution de l&rsquo;investissement.<\/div>\n<\/div><\/div>\n\n<div class=\"gb-grid-column gb-grid-column-f4ed5d77 gb-query-loop-item post-27257 opiniones type-opiniones status-publish format-standard has-post-thumbnail hentry gblocks_pattern_collections-local-patterns\"><div class=\"gb-container gb-container-f4ed5d77\">\n<figure class=\"gb-block-image gb-block-image-8273ce78\"><img loading=\"lazy\" decoding=\"async\" width=\"400\" height=\"224\" src=\"https:\/\/esacademic.com\/wp-content\/uploads\/2025\/03\/Smartphone-showing-trading-data2.jpg\" class=\"gb-image-8273ce78\" alt=\"Trading con Luces de Ciudad\" srcset=\"https:\/\/esacademic.com\/wp-content\/uploads\/2025\/03\/Smartphone-showing-trading-data2.jpg 400w, https:\/\/esacademic.com\/wp-content\/uploads\/2025\/03\/Smartphone-showing-trading-data2-300x168.jpg 300w\" sizes=\"auto, (max-width: 400px) 100vw, 400px\" title=\"\"><\/figure>\n\n<h2 class=\"gb-headline gb-headline-19cab21c gb-headline-text\"><a href=\"https:\/\/esacademic.com\/fr\/opiniones\/energy-proair-app\/\">K00400&nbsp;: R&eacute;volutionner le trading en 2025 gr&acirc;ce &agrave; une technologie et une s&eacute;curit&eacute; avanc&eacute;es<\/a><\/h2>\n\n<div class=\"gb-container gb-container-0315061b\">\n<p class=\"gb-headline gb-headline-92eaf1ff gb-headline-text\"><time class=\"entry-date published\" datetime=\"2025-05-20T08:04:52+00:00\">mai 20, 2025<\/time><\/p>\n\n<p class=\"gb-headline gb-headline-39d42002 gb-headline-text\">John Milla Cano<\/p>\n<\/div>\n\n<div class=\"gb-headline gb-headline-0b0aea70 gb-headline-text\">En tant qu&rsquo;analyste financier chevronn&eacute; avec plus d&rsquo;une d&eacute;cennie d&rsquo;exp&eacute;rience dans le secteur de la fintech et une ma&icirc;trise en finance, je vous apporte un aper&ccedil;u approfondi de la plateforme de trading K00400 en 2025, une &egrave;re o&ugrave; les plateformes de trading sont aussi courantes que les caf&eacute;s.<\/div>\n<\/div><\/div>\n\n<div class=\"gb-grid-column gb-grid-column-f4ed5d77 gb-query-loop-item post-27261 opiniones type-opiniones status-publish format-standard has-post-thumbnail hentry gblocks_pattern_collections-local-patterns\"><div class=\"gb-container gb-container-f4ed5d77\">\n<figure class=\"gb-block-image gb-block-image-8273ce78\"><img loading=\"lazy\" decoding=\"async\" width=\"400\" height=\"224\" src=\"https:\/\/esacademic.com\/wp-content\/uploads\/2025\/03\/Smartphone-showing-trading-data1.jpg\" class=\"gb-image-8273ce78\" alt=\"Trading Nocturno en Smartphone\" srcset=\"https:\/\/esacademic.com\/wp-content\/uploads\/2025\/03\/Smartphone-showing-trading-data1.jpg 400w, https:\/\/esacademic.com\/wp-content\/uploads\/2025\/03\/Smartphone-showing-trading-data1-300x168.jpg 300w\" sizes=\"auto, (max-width: 400px) 100vw, 400px\" title=\"\"><\/figure>\n\n<h2 class=\"gb-headline gb-headline-19cab21c gb-headline-text\"><a href=\"https:\/\/esacademic.com\/fr\/opiniones\/energy-proair-review\/\">K00399 D&eacute;masqu&eacute;&nbsp;: V&eacute;rit&eacute;s et risques du trading de cryptomonnaies et de p&eacute;trole<\/a><\/h2>\n\n<div class=\"gb-container gb-container-0315061b\">\n<p class=\"gb-headline gb-headline-92eaf1ff gb-headline-text\"><time class=\"entry-date published\" datetime=\"2025-05-20T07:58:18+00:00\">mai 20, 2025<\/time><\/p>\n\n<p class=\"gb-headline gb-headline-39d42002 gb-headline-text\">Hannibal Rodriguez<\/p>\n<\/div>\n\n<div class=\"gb-headline gb-headline-0b0aea70 gb-headline-text\">En tant qu&rsquo;analyste financier chevronn&eacute; avec plus d&rsquo;une d&eacute;cennie d&rsquo;exp&eacute;rience en strat&eacute;gie d&rsquo;investissement et en finances personnelles, je m&rsquo;engage &agrave; fournir des informations appuy&eacute;es par des experts et des conseils pratiques. <\/div>\n<\/div><\/div>\n\n<div class=\"gb-grid-column gb-grid-column-f4ed5d77 gb-query-loop-item post-27265 opiniones type-opiniones status-publish format-standard has-post-thumbnail hentry gblocks_pattern_collections-local-patterns\"><div class=\"gb-container gb-container-f4ed5d77\">\n<figure class=\"gb-block-image gb-block-image-8273ce78\"><img loading=\"lazy\" decoding=\"async\" width=\"400\" height=\"224\" src=\"https:\/\/esacademic.com\/wp-content\/uploads\/2025\/03\/Online-Tranding34.jpg\" class=\"gb-image-8273ce78\" alt=\"Smartphone con Trading Oscuro\" srcset=\"https:\/\/esacademic.com\/wp-content\/uploads\/2025\/03\/Online-Tranding34.jpg 400w, https:\/\/esacademic.com\/wp-content\/uploads\/2025\/03\/Online-Tranding34-300x168.jpg 300w\" sizes=\"auto, (max-width: 400px) 100vw, 400px\" title=\"\"><\/figure>\n\n<h2 class=\"gb-headline gb-headline-19cab21c gb-headline-text\"><a href=\"https:\/\/esacademic.com\/fr\/opiniones\/energy-proair\/\">Revue compl&egrave;te du K00398&nbsp;: d&eacute;couvrez la r&eacute;alit&eacute; du trading par IA<\/a><\/h2>\n\n<div class=\"gb-container gb-container-0315061b\">\n<p class=\"gb-headline gb-headline-92eaf1ff gb-headline-text\"><time class=\"entry-date published\" datetime=\"2025-05-20T07:54:25+00:00\">mai 20, 2025<\/time><\/p>\n\n<p class=\"gb-headline gb-headline-39d42002 gb-headline-text\">John Milla Cano<\/p>\n<\/div>\n\n<div class=\"gb-headline gb-headline-0b0aea70 gb-headline-text\">En tant qu&rsquo;analyste financier chevronn&eacute; avec plus d&rsquo;une d&eacute;cennie d&rsquo;exp&eacute;rience et une ma&icirc;trise en finance, je m&rsquo;engage &agrave; vous fournir des informations bien document&eacute;es et soutenues par des experts sur le paysage en &eacute;volution rapide des technologies de trading.<\/div>\n<\/div><\/div>\n\n<div class=\"gb-grid-column gb-grid-column-f4ed5d77 gb-query-loop-item post-27076 opiniones type-opiniones status-publish format-standard has-post-thumbnail hentry gblocks_pattern_collections-local-patterns\"><div class=\"gb-container gb-container-f4ed5d77\">\n<figure class=\"gb-block-image gb-block-image-8273ce78\"><img loading=\"lazy\" decoding=\"async\" width=\"400\" height=\"224\" src=\"https:\/\/esacademic.com\/wp-content\/uploads\/2025\/03\/Online-Tranding31.jpg\" class=\"gb-image-8273ce78\" alt=\"Trading en Laptop Brillante\" srcset=\"https:\/\/esacademic.com\/wp-content\/uploads\/2025\/03\/Online-Tranding31.jpg 400w, https:\/\/esacademic.com\/wp-content\/uploads\/2025\/03\/Online-Tranding31-300x168.jpg 300w\" sizes=\"auto, (max-width: 400px) 100vw, 400px\" title=\"\"><\/figure>\n\n<h2 class=\"gb-headline gb-headline-19cab21c gb-headline-text\"><a href=\"https:\/\/esacademic.com\/fr\/opiniones\/gpt-lispro\/\">D&eacute;couvrez K00395 : Innovation et s&eacute;curit&eacute; dans les &eacute;changes de crypto-monnaies<\/a><\/h2>\n\n<div class=\"gb-container gb-container-0315061b\">\n<p class=\"gb-headline gb-headline-92eaf1ff gb-headline-text\"><time class=\"entry-date published\" datetime=\"2025-05-06T08:40:52+00:00\">mai 6, 2025<\/time><\/p>\n\n<p class=\"gb-headline gb-headline-39d42002 gb-headline-text\">Hannibal Rodriguez<\/p>\n<\/div>\n\n<div class=\"gb-headline gb-headline-0b0aea70 gb-headline-text\">J&rsquo;ai r&eacute;cemment eu l&rsquo;occasion d&rsquo;explorer le K00395, et j&rsquo;ai &eacute;t&eacute; tr&egrave;s impressionn&eacute; par la combinaison de ses capacit&eacute;s de n&eacute;gociation sophistiqu&eacute;es et de son design accessible.<\/div>\n<\/div><\/div>\n<\/div>\n\n<div class=\"gb-container gb-container-521ca76b gb-query-loop-pagination\">\n\n\n<span class=\"gb-button gb-button-5a7bc490 gb-button-text page-numbers gb-block-is-current\" aria-current=\"page\">1<\/span><a class=\"gb-button gb-button-5a7bc490 gb-button-text page-numbers\" href=\"?query-454e84c8-page=2\">2<\/a><a class=\"gb-button gb-button-5a7bc490 gb-button-text page-numbers\" href=\"?query-454e84c8-page=3\">3<\/a><span class=\"gb-button gb-button-5a7bc490 gb-button-text page-numbers dots\">&hellip;<\/span><a class=\"gb-button gb-button-5a7bc490 gb-button-text page-numbers\" href=\"?query-454e84c8-page=36\">36<\/a>\n\n<a class=\"gb-button gb-button-aee549c2 gb-button-text\" href=\"\/fr\/wp-json\/wp\/v2\/pages\/20698?query-454e84c8-page=2\">Suivant<\/a>\n<\/div>\n\n<\/div>\n<\/div>\n","protected":false},"excerpt":{"rendered":"<p>D&eacute;couvrez les meilleures plateformes de trading, les solutions cryptographiques et les robots automatis&eacute;s. Vous &ecirc;tes &agrave; la recherche d&rsquo;outils de trading fiables ? Vous &ecirc;tes au bon endroit. Vous trouverez ici des avis faciles &agrave; comprendre sur les plateformes de trading, les &eacute;changes de crypto-monnaies et les robots de trading automatis&eacute;s. Nous avons simplifi&eacute; les &#8230; <a title=\"Opinions\" class=\"read-more\" href=\"https:\/\/esacademic.com\/fr\/opiniones\/\" aria-label=\"En savoir plus sur Opinions\">Lire la suite<\/a><\/p>\n","protected":false},"author":1,"featured_media":0,"parent":0,"menu_order":0,"comment_status":"closed","ping_status":"closed","template":"","meta":{"footnotes":""},"class_list":["post-20698","page","type-page","status-publish"],"rank_math_title":"Examens impartiaux de plateformes de trading, d'outils de crypto-monnaie et de robots.","rank_math_description":"Explorez les revues d\u00e9taill\u00e9es des principales plateformes de trading, des outils de crypto-monnaie et des robots de trading. Trouvez les solutions parfaites pour am\u00e9liorer votre strat\u00e9gie de trading en toute confiance. ","rank_math_focus_keyword":"plates-formes de n\u00e9gociation","_links":{"self":[{"href":"https:\/\/esacademic.com\/fr\/wp-json\/wp\/v2\/pages\/20698","targetHints":{"allow":["GET"]}}],"collection":[{"href":"https:\/\/esacademic.com\/fr\/wp-json\/wp\/v2\/pages"}],"about":[{"href":"https:\/\/esacademic.com\/fr\/wp-json\/wp\/v2\/types\/page"}],"author":[{"embeddable":true,"href":"https:\/\/esacademic.com\/fr\/wp-json\/wp\/v2\/users\/1"}],"replies":[{"embeddable":true,"href":"https:\/\/esacademic.com\/fr\/wp-json\/wp\/v2\/comments?post=20698"}],"version-history":[{"count":2,"href":"https:\/\/esacademic.com\/fr\/wp-json\/wp\/v2\/pages\/20698\/revisions"}],"predecessor-version":[{"id":20707,"href":"https:\/\/esacademic.com\/fr\/wp-json\/wp\/v2\/pages\/20698\/revisions\/20707"}],"wp:attachment":[{"href":"https:\/\/esacademic.com\/fr\/wp-json\/wp\/v2\/media?parent=20698"}],"curies":[{"name":"wp","href":"https:\/\/api.w.org\/{rel}","templated":true}]}}