{"id":9166,"date":"2022-10-27T22:21:18","date_gmt":"2022-10-27T22:21:18","guid":{"rendered":"https:\/\/esacademic.com\/page-daccueil\/"},"modified":"2025-04-29T06:43:52","modified_gmt":"2025-04-29T06:43:52","slug":"home","status":"publish","type":"page","link":"https:\/\/esacademic.com\/fr\/","title":{"rendered":"Page d&rsquo;accueil"},"content":{"rendered":"<?xml encoding=\"UTF-8\"><div class=\"gb-container gb-container-37ba1468\">\n<div class=\"gb-container gb-container-727cddca\">\n\n<h1 class=\"gb-headline gb-headline-9b722a34 gb-headline-text\">Vous &ecirc;tes novice en mati&egrave;re de commerce ?<\/h1>\n\n\n\n<p class=\"has-text-align-center\">Des ressources compl&egrave;tes, des nouvelles et du mat&eacute;riel p&eacute;dagogique pour les traders de tous niveaux, des d&eacute;butants aux plus exp&eacute;riment&eacute;s.<\/p>\n\n\n<form role=\"search\" method=\"get\" action=\"https:\/\/esacademic.com\/fr\/\" class=\"wp-block-search__button-inside wp-block-search__icon-button aligncenter wp-block-search\"><label class=\"wp-block-search__label screen-reader-text\" for=\"wp-block-search__input-1\">Recherche<\/label><div class=\"wp-block-search__inside-wrapper\" style=\"width: 75%\"><input class=\"wp-block-search__input\" id=\"wp-block-search__input-1\" placeholder=\"Recherche dans Esacademic\" value=\"\" type=\"search\" name=\"s\" required><button aria-label=\"Recherche\" class=\"wp-block-search__button has-icon wp-element-button\" type=\"submit\"><svg class=\"search-icon\" viewbox=\"0 0 24 24\" width=\"24\" height=\"24\">\n\t\t\t\t\t<path d=\"M13 5c-3.3 0-6 2.7-6 6 0 1.4.5 2.7 1.3 3.7l-3.8 3.8 1.1 1.1 3.8-3.8c1 .8 2.3 1.3 3.7 1.3 3.3 0 6-2.7 6-6S16.3 5 13 5zm0 10.5c-2.5 0-4.5-2-4.5-4.5s2-4.5 4.5-4.5 4.5 2 4.5 4.5-2 4.5-4.5 4.5z\"><\/path>\n\t\t\t\t<\/svg><\/button><\/div><\/form>\n<\/div>\n<\/div><div class=\"gb-container gb-container-442b69a1\">\n<div class=\"gb-container gb-container-e0468671\">\n\n<h2 class=\"gb-headline gb-headline-baa8d299 gb-headline-text\">Investir : un guide pour les d&eacute;butants et les traders confirm&eacute;s<\/h2>\n\n\n\n<p>Depuis le d&eacute;but de la pand&eacute;mie de COVID-19, de plus en plus de personnes commencent &agrave; penser &agrave; l&rsquo;argent et &agrave; l&rsquo;investissement. Ils se rendent compte qu&rsquo;il est important de conna&icirc;tre l&rsquo;argent et de savoir comment investir pour avoir un avenir s&ucirc;r. Que vous commenciez &agrave; vous initier &agrave; la n&eacute;gociation ou que vous la pratiquiez depuis longtemps, la compr&eacute;hension du march&eacute; actuel peut vous aider &agrave; prendre de meilleures d&eacute;cisions.  <\/p>\n\n\n\n<p>Si vous &ecirc;tes novice en mati&egrave;re d&rsquo;op&eacute;rations boursi&egrave;res, cela peut &ecirc;tre d&eacute;routant au d&eacute;but, mais il est utile de conna&icirc;tre quelques notions de base. Par exemple, les actions signifient que vous poss&eacute;dez une partie d&rsquo;une soci&eacute;t&eacute;, tandis que les obligations sont des pr&ecirc;ts que vous accordez &agrave; des soci&eacute;t&eacute;s ou &agrave; des gouvernements et qui vous sont rembours&eacute;s sous forme d&rsquo;int&eacute;r&ecirc;ts. Les ETF (exchange-traded funds), ou fonds n&eacute;goci&eacute;s en bourse, sont des paniers contenant diff&eacute;rentes actions ou obligations, ce qui vous permet d&rsquo;obtenir un m&eacute;lange d&rsquo;investissements en une seule fois.  <\/p>\n\n\n\n<p>Il est &eacute;galement bon de comprendre les concepts financiers de base. Cela signifie savoir comment fonctionnent les march&eacute;s et comment lire les informations de base les concernant. M&ecirc;me si vous &ecirc;tes novice, vous pouvez commencer &agrave; observer les tendances du march&eacute; pour voir comment les prix montent et descendent. Cela vous aidera &agrave; savoir quand acheter ou vendre.   <\/p>\n\n\n\n<p>Si vous n&eacute;gociez depuis un certain temps, il se peut que vous utilisiez des techniques plus avanc&eacute;es. Par exemple, vous pouvez examiner les mouvements de prix pass&eacute;s pour analyser ce qui est susceptible de se produire ensuite. C&rsquo;est ce qu&rsquo;on appelle l&rsquo;analyse technique et de nombreux traders l&rsquo;utilisent pour d&eacute;cider quand placer une transaction.  <\/p>\n\n\n\n<p>Ces derni&egrave;res ann&eacute;es, le march&eacute; a beaucoup &eacute;volu&eacute; et de nombreux op&eacute;rateurs ont commenc&eacute; &agrave; utiliser des strat&eacute;gies diff&eacute;rentes. Par exemple, de plus en plus de personnes ach&egrave;tent de l&rsquo;or et des m&eacute;taux pr&eacute;cieux pour se prot&eacute;ger contre l&rsquo;inflation et la volatilit&eacute; du march&eacute;, car ils constituent souvent des valeurs refuges. Les ETF, les contrats &agrave; terme et autres instruments financiers qui suivent le cours de l&rsquo;or, de l&rsquo;argent et d&rsquo;autres m&eacute;taux pr&eacute;cieux offrent un moyen plus facile de s&rsquo;exposer sans poss&eacute;der physiquement les m&eacute;taux.  <\/p>\n\n\n\n<p>La hausse de l&rsquo;inflation a amen&eacute; de nombreuses personnes &agrave; reconsid&eacute;rer leurs finances. De nombreuses personnes qui n&rsquo;investissaient pas auparavant envisagent d&eacute;sormais d&rsquo;investir dans des actions, des obligations, des cryptomonnaies et d&rsquo;autres moyens de faire fructifier leur patrimoine. De plus en plus de personnes utilisent &eacute;galement des plateformes en ligne pour investir et n&eacute;gocier, ce qui facilite la participation de tous.  <\/p>\n\n\n\n<p>Que vous d&eacute;butiez ou que vous traitiez depuis des ann&eacute;es, il y a toujours plus &agrave; apprendre, en particulier sur le <a href=\"https:\/\/quantraderx.com\/fr\/\" target=\"_blank\" rel=\"noopener\">site officiel<\/a>. En vous tenant au courant de l&rsquo;actualit&eacute; des march&eacute;s, vous pouvez prendre des d&eacute;cisions plus judicieuses. Dans le monde d&rsquo;aujourd&rsquo;hui, investir ne consiste pas seulement &agrave; gagner de l&rsquo;argent : il s&rsquo;agit aussi de rester fort face au changement.  <\/p>\n\n<\/div>\n<\/div><div class=\"gb-container gb-container-415ba6a5\">\n<div class=\"gb-container gb-container-897da5cb\">\n\n<blockquote class=\"wp-block-quote is-style-default is-layout-flow wp-block-quote-is-layout-flow\">\n<p>&laquo;&nbsp;<strong>L&rsquo;investissement dans la connaissance est le plus rentable<\/strong>. <br>&ndash; Benjamin Franklin<\/p>\n<\/blockquote>\n\n<\/div>\n<\/div><div class=\"gb-container gb-container-387554b1\">\n<div class=\"gb-container gb-container-ed5e97b7\">\n\n<h2 class=\"gb-headline gb-headline-fdfecace gb-headline-text\">Examens r&eacute;cents de la plate-forme<\/h2>\n\n\n\n<div class=\"gb-grid-wrapper gb-grid-wrapper-543c5156 horiz-scroll gb-query-loop-wrapper\">\n<div class=\"gb-grid-column gb-grid-column-40d08693 gb-query-loop-item post-27309 opiniones type-opiniones status-publish format-standard has-post-thumbnail hentry gblocks_pattern_collections-local-patterns\"><div class=\"gb-container gb-container-40d08693\">\n<figure class=\"gb-block-image gb-block-image-5af88a55\"><img loading=\"lazy\" decoding=\"async\" width=\"400\" height=\"224\" src=\"https:\/\/esacademic.com\/wp-content\/uploads\/2025\/03\/Mobile-Trading-Scene2.jpg\" class=\"gb-image-5af88a55\" alt=\"Trading Urbano Nocturno\" srcset=\"https:\/\/esacademic.com\/wp-content\/uploads\/2025\/03\/Mobile-Trading-Scene2.jpg 400w, https:\/\/esacademic.com\/wp-content\/uploads\/2025\/03\/Mobile-Trading-Scene2-300x168.jpg 300w\" sizes=\"auto, (max-width: 400px) 100vw, 400px\" title=\"\"><\/figure>\n\n<h3 class=\"gb-headline gb-headline-fbe65caf gb-headline-text\"><a href=\"https:\/\/esacademic.com\/fr\/opiniones\/ethereum-cormax-app\/\">Dynamiser le trading avec K00411&nbsp;: l&rsquo;innovation &agrave; l&rsquo;intersection de l&rsquo;IA et de l&rsquo;informatique quantique<\/a><\/h3>\n\n<p class=\"gb-headline gb-headline-7156498b gb-headline-text\"><time class=\"entry-date published\" datetime=\"2025-05-28T07:54:05+00:00\">mai 28, 2025<\/time><\/p>\n\n<div class=\"gb-headline gb-headline-5179b26f gb-headline-text\">En tant qu&rsquo;analyste financier avec plus d&rsquo;une d&eacute;cennie d&rsquo;exp&eacute;rience dans la dynamique du march&eacute; et titulaire de la charte CFA, je vous propose une exploration approfondie de l&rsquo;impact transformateur de K00411 sur l&rsquo;investissement moderne. <\/div>\n<\/div><\/div>\n\n<div class=\"gb-grid-column gb-grid-column-40d08693 gb-query-loop-item post-27313 opiniones type-opiniones status-publish format-standard has-post-thumbnail hentry gblocks_pattern_collections-local-patterns\"><div class=\"gb-container gb-container-40d08693\">\n<figure class=\"gb-block-image gb-block-image-5af88a55\"><img loading=\"lazy\" decoding=\"async\" width=\"400\" height=\"224\" src=\"https:\/\/esacademic.com\/wp-content\/uploads\/2025\/03\/Mobile-Trading-Scene1.jpg\" class=\"gb-image-5af88a55\" alt=\"Trading Digital en Rojo\" srcset=\"https:\/\/esacademic.com\/wp-content\/uploads\/2025\/03\/Mobile-Trading-Scene1.jpg 400w, https:\/\/esacademic.com\/wp-content\/uploads\/2025\/03\/Mobile-Trading-Scene1-300x168.jpg 300w\" sizes=\"auto, (max-width: 400px) 100vw, 400px\" title=\"\"><\/figure>\n\n<h3 class=\"gb-headline gb-headline-fbe65caf gb-headline-text\"><a href=\"https:\/\/esacademic.com\/fr\/opiniones\/ethereum-cormax-review\/\">&Agrave; la d&eacute;couverte de K00410&nbsp;: la r&eacute;volution du trading automatis&eacute;<\/a><\/h3>\n\n<p class=\"gb-headline gb-headline-7156498b gb-headline-text\"><time class=\"entry-date published\" datetime=\"2025-05-28T07:49:46+00:00\">mai 28, 2025<\/time><\/p>\n\n<div class=\"gb-headline gb-headline-5179b26f gb-headline-text\">En tant qu&rsquo;analyste financier chevronn&eacute; avec plus d&rsquo;une d&eacute;cennie d&rsquo;exp&eacute;rience dans les strat&eacute;gies d&rsquo;investissement et une ma&icirc;trise en gestion financi&egrave;re, j&rsquo;apporte des connaissances approfondies pour naviguer dans le monde en constante &eacute;volution de la finance num&eacute;rique. <\/div>\n<\/div><\/div>\n\n<div class=\"gb-grid-column gb-grid-column-40d08693 gb-query-loop-item post-27317 opiniones type-opiniones status-publish format-standard has-post-thumbnail hentry gblocks_pattern_collections-local-patterns\"><div class=\"gb-container gb-container-40d08693\">\n<figure class=\"gb-block-image gb-block-image-5af88a55\"><img loading=\"lazy\" decoding=\"async\" width=\"400\" height=\"150\" src=\"https:\/\/esacademic.com\/wp-content\/uploads\/2025\/03\/Trading-Desk-View1.jpg\" class=\"gb-image-5af88a55\" alt=\"Trading M&oacute;vil en Oscuro\" srcset=\"https:\/\/esacademic.com\/wp-content\/uploads\/2025\/03\/Trading-Desk-View1.jpg 400w, https:\/\/esacademic.com\/wp-content\/uploads\/2025\/03\/Trading-Desk-View1-300x113.jpg 300w\" sizes=\"auto, (max-width: 400px) 100vw, 400px\" title=\"\"><\/figure>\n\n<h3 class=\"gb-headline gb-headline-fbe65caf gb-headline-text\"><a href=\"https:\/\/esacademic.com\/fr\/opiniones\/ethereum-cormax\/\">Exploration de K00409&nbsp;: Innovation et d&eacute;fis du trading de cryptomonnaies<\/a><\/h3>\n\n<p class=\"gb-headline gb-headline-7156498b gb-headline-text\"><time class=\"entry-date published\" datetime=\"2025-05-28T07:43:49+00:00\">mai 28, 2025<\/time><\/p>\n\n<div class=\"gb-headline gb-headline-5179b26f gb-headline-text\">En tant qu&rsquo;analyste financier avec plus d&rsquo;une d&eacute;cennie d&rsquo;exp&eacute;rience et une ma&icirc;trise en finance, j&rsquo;offre un aper&ccedil;u de K00409, une plateforme qui fait des vagues avec ses capacit&eacute;s de robo-trading aliment&eacute;es par l&rsquo;IA. <\/div>\n<\/div><\/div>\n<\/div>\n\n<\/div>\n<\/div><div class=\"gb-container gb-container-2744c6b2\">\n<div class=\"gb-container gb-container-3b81a4a1\">\n<p><!-- TradingView Widget BEGIN --><\/p>\n<div class=\"tradingview-widget-container\">\n<div class=\"tradingview-widget-container__widget\"><\/div>\n<p>  <script type=\"text\/javascript\" src=\"https:\/\/s3.tradingview.com\/external-embedding\/embed-widget-events.js\" async>\n  {\n  \"width\": \"100%\",\n  \"height\": \"400\",\n  \"colorTheme\": \"light\",\n  \"isTransparent\": false,\n  \"locale\": \"en\",\n  \"importanceFilter\": \"-1,0,1\",\n  \"countryFilter\": \"ar,au,br,ca,cn,fr,de,in,id,it,jp,kr,mx,ru,sa,za,tr,gb,us,eu\"\n}\n  <\/script>\n<\/p><\/div>\n<p><!-- TradingView Widget END --><\/p>\n\n<\/div>\n<\/div><div class=\"gb-container gb-container-f128c317\">\n<div class=\"gb-container gb-container-aca134aa\">\n\n<h2 class=\"gb-headline gb-headline-8d4f90c4 gb-headline-text\">Comment l&rsquo;IA aide tous les types de traders de crypto-monnaies<\/h2>\n\n\n\n<p>Le trading de crypto-monnaies ne consiste pas seulement &agrave; investir de l&rsquo;argent et &agrave; esp&eacute;rer le meilleur. Il s&rsquo;agit d&rsquo;essayer de comprendre ce qui se passe sur le march&eacute; et de pr&eacute;voir ce qui pourrait se passer ensuite. C&rsquo;est pourquoi les gens commencent &agrave; utiliser l&rsquo;IA. Ces outils analysent ce qui s&rsquo;est pass&eacute; auparavant et donnent une meilleure id&eacute;e de ce qui pourrait se produire. Ils sont utiles pour ceux qui d&eacute;butent et pour ceux qui n&eacute;gocient depuis un certain temps.   <\/p>\n\n\n\n<p>La n&eacute;gociation est devenue tr&egrave;s compliqu&eacute;e. Il y a tellement de choses &agrave; suivre que cela peut parfois sembler impossible. L&rsquo;IA vous aide en vous montrant des mod&egrave;les et en vous indiquant le moment opportun pour agir ou pour attendre. Peu importe que vous soyez novice ou exp&eacute;riment&eacute;. L&rsquo;IA peut vous &eacute;pargner beaucoup de stress et vous aider &agrave; &eacute;viter les erreurs.    <\/p>\n\n\n\n<p>L&rsquo;IA n&rsquo;est pas magique et ne fonctionnera pas &agrave; votre place, mais elle rend les choses plus faciles et moins confuses. Il ne s&rsquo;agit pas de vous remplacer, mais de vous donner des outils pour prendre de meilleures d&eacute;cisions. Si vous aimez n&eacute;gocier des cryptomonnaies, l&rsquo;IA devient rapidement tr&egrave;s utile. Il s&rsquo;agit d&rsquo;&ecirc;tre intelligent et de garder les choses sous contr&ocirc;le.   <\/p>\n\n<\/div>\n<\/div>\n","protected":false},"excerpt":{"rendered":"<p>Vous &ecirc;tes novice en mati&egrave;re de commerce ? Des ressources compl&egrave;tes, des nouvelles et du mat&eacute;riel p&eacute;dagogique pour les traders de tous niveaux, des d&eacute;butants aux plus exp&eacute;riment&eacute;s. Investir : un guide pour les d&eacute;butants et les traders confirm&eacute;s Depuis le d&eacute;but de la pand&eacute;mie de COVID-19, de plus en plus de personnes commencent &agrave; &#8230; <a title=\"Page d&rsquo;accueil\" class=\"read-more\" href=\"https:\/\/esacademic.com\/fr\/\" aria-label=\"En savoir plus sur Page d&rsquo;accueil\">Lire la suite<\/a><\/p>\n","protected":false},"author":1,"featured_media":0,"parent":0,"menu_order":0,"comment_status":"closed","ping_status":"closed","template":"","meta":{"footnotes":""},"class_list":["post-9166","page","type-page","status-publish"],"rank_math_title":"Esacademic - ressources et actualit\u00e9s pour les commer\u00e7ants de tous niveaux","rank_math_description":"Explorez Esacademic pour trouver des ressources compl\u00e8tes, des actualit\u00e9s et des supports p\u00e9dagogiques con\u00e7us pour les traders de tous niveaux, des d\u00e9butants aux professionnels confirm\u00e9s.","rank_math_focus_keyword":"Esacademic","_links":{"self":[{"href":"https:\/\/esacademic.com\/fr\/wp-json\/wp\/v2\/pages\/9166","targetHints":{"allow":["GET"]}}],"collection":[{"href":"https:\/\/esacademic.com\/fr\/wp-json\/wp\/v2\/pages"}],"about":[{"href":"https:\/\/esacademic.com\/fr\/wp-json\/wp\/v2\/types\/page"}],"author":[{"embeddable":true,"href":"https:\/\/esacademic.com\/fr\/wp-json\/wp\/v2\/users\/1"}],"replies":[{"embeddable":true,"href":"https:\/\/esacademic.com\/fr\/wp-json\/wp\/v2\/comments?post=9166"}],"version-history":[{"count":5,"href":"https:\/\/esacademic.com\/fr\/wp-json\/wp\/v2\/pages\/9166\/revisions"}],"predecessor-version":[{"id":27067,"href":"https:\/\/esacademic.com\/fr\/wp-json\/wp\/v2\/pages\/9166\/revisions\/27067"}],"wp:attachment":[{"href":"https:\/\/esacademic.com\/fr\/wp-json\/wp\/v2\/media?parent=9166"}],"curies":[{"name":"wp","href":"https:\/\/api.w.org\/{rel}","templated":true}]}}