{"id":18968,"date":"2024-09-30T13:57:55","date_gmt":"2024-09-30T13:57:55","guid":{"rendered":"https:\/\/esacademic.com\/nasz-zespol\/"},"modified":"2024-09-30T14:02:06","modified_gmt":"2024-09-30T14:02:06","slug":"nuestro-equipo","status":"publish","type":"page","link":"https:\/\/esacademic.com\/pl\/nuestro-equipo\/","title":{"rendered":"Nasz zesp\u00f3\u0142"},"content":{"rendered":"<?xml encoding=\"UTF-8\"><div class=\"gb-container gb-container-72d7792f\">\n<div class=\"gb-container gb-container-d7aea67a\">\n\n<h1 class=\"gb-headline gb-headline-75ea8883 gb-headline-text\">Poznaj nasz zesp&oacute;&#322;<\/h1>\n\n\n\n<p class=\"gb-headline gb-headline-841be000 gb-headline-text\">Ciekawi Ci&#281;, kto stoi za tre&#347;ci&#261;?\nOto utalentowani profesjonali&#347;ci, kt&oacute;rzy tworz&#261; to, co kochasz!\nAutorzy Esacademic wnosz&#261; do ka&#380;dego artyku&#322;u bogactwo do&#347;wiadcze&#324; i osi&#261;gni&#281;&#263;.\nOdkryj ich unikaln&#261; perspektyw&#281; i poznaj g&#322;osy, kt&oacute;re kszta&#322;tuj&#261; twoje wra&#380;enia z czytania.   <\/p>\n\n<\/div>\n<\/div><div class=\"gb-grid-wrapper gb-grid-wrapper-5678fe82\">\n<div class=\"gb-grid-column gb-grid-column-2e681f96\"><div class=\"gb-container gb-container-2e681f96\">\n\n<figure class=\"gb-block-image gb-block-image-858f9e0e\"><img loading=\"lazy\" decoding=\"async\" width=\"300\" height=\"300\" class=\"gb-image gb-image-858f9e0e\" src=\"https:\/\/esacademic.com\/wp-content\/uploads\/2024\/09\/JOHN-MILLA-CANO.jpg\" alt=\"\" title=\"JOHN MILLA CANO\" srcset=\"https:\/\/esacademic.com\/wp-content\/uploads\/2024\/09\/JOHN-MILLA-CANO.jpg 300w, https:\/\/esacademic.com\/wp-content\/uploads\/2024\/09\/JOHN-MILLA-CANO-150x150.jpg 150w\" sizes=\"auto, (max-width: 300px) 100vw, 300px\"><\/figure>\n\n\n\n<div class=\"gb-headline gb-headline-275fbd66 gb-headline-text\"><strong>JOHN MILLA CANO<\/strong><\/div>\n\n\n\n<p><em>Redaktor naczelny Redaktor wsp&oacute;&#322;pracuj&#261;cy<\/em><\/p>\n\n\n\n<p>Dzi&#281;ki silnemu do&#347;wiadczeniu w biznesie, zw&#322;aszcza w sektorze handlu detalicznego i sprzeda&#380;y, John posiada umiej&#281;tno&#347;ci niezb&#281;dne do prowadzenia projekt&oacute;w na du&#380;&#261; skal&#281;.\nOpr&oacute;cz tego, &#380;e jest dyrektorem generalnym Cointrade, posiada dyplom z administracji biznesowej i zarz&#261;dzania na Uniwersytecie w Alcal&aacute;, co wzmacnia jego zdolno&#347;&#263; do skutecznego zarz&#261;dzania strategicznymi inicjatywami. <\/p>\n\n<\/div><\/div>\n\n<div class=\"gb-grid-column gb-grid-column-ef5af772\"><div class=\"gb-container gb-container-ef5af772\">\n\n<figure class=\"gb-block-image gb-block-image-dda01526\"><img loading=\"lazy\" decoding=\"async\" width=\"300\" height=\"300\" class=\"gb-image gb-image-dda01526\" src=\"https:\/\/esacademic.com\/wp-content\/uploads\/2024\/09\/HANNIBAL-RODRIGUEZ.jpg\" alt=\"\" title=\"HANNIBAL RODRIGUEZ\" srcset=\"https:\/\/esacademic.com\/wp-content\/uploads\/2024\/09\/HANNIBAL-RODRIGUEZ.jpg 300w, https:\/\/esacademic.com\/wp-content\/uploads\/2024\/09\/HANNIBAL-RODRIGUEZ-150x150.jpg 150w\" sizes=\"auto, (max-width: 300px) 100vw, 300px\"><\/figure>\n\n\n\n<div class=\"gb-headline gb-headline-08d2bcaf gb-headline-text\"><strong>HANNIBAL RODRIGUEZ<\/strong><\/div>\n\n\n\n<p><em>Wydawca<\/em><\/p>\n\n\n\n<p>Hannibal, ekspert w dziedzinie marketingu i reklamy, b&#281;dzie odpowiedzialny za zarz&#261;dzanie ca&#322;&#261; strategi&#261; reklamow&#261; Cointrade.\nJest r&oacute;wnie&#380; specjalist&#261; w dziedzinie komunikacji cyfrowej i pasjonuje si&#281; technologiami stosowanymi w &#347;rodowisku internetowym.\nObecnie pe&#322;ni r&oacute;wnie&#380; funkcj&#281; CMO w Cointrade, gdzie kieruje inicjatywami marketingowymi i rozwojowymi platformy.  <\/p>\n\n<\/div><\/div>\n<\/div>\n","protected":false},"excerpt":{"rendered":"<p>Poznaj nasz zesp&oacute;&#322; Ciekawi Ci&#281;, kto stoi za tre&#347;ci&#261;? Oto utalentowani profesjonali&#347;ci, kt&oacute;rzy tworz&#261; to, co kochasz! Autorzy Esacademic wnosz&#261; do ka&#380;dego artyku&#322;u bogactwo do&#347;wiadcze&#324; i osi&#261;gni&#281;&#263;. Odkryj ich unikaln&#261; perspektyw&#281; i poznaj g&#322;osy, kt&oacute;re kszta&#322;tuj&#261; twoje wra&#380;enia z czytania.<\/p>\n","protected":false},"author":1,"featured_media":0,"parent":0,"menu_order":0,"comment_status":"closed","ping_status":"closed","template":"","meta":{"footnotes":""},"class_list":["post-18968","page","type-page","status-publish"],"rank_math_title":"Dowiedz si\u0119 wszystkiego o naszym zespole ekspert\u00f3w | Esacademic","rank_math_description":"W Esacademic mamy zesp\u00f3\u0142 wysoko wykwalifikowanych ekspert\u00f3w, kt\u00f3rzy dostarczaj\u0105 najnowsze wiadomo\u015bci i artyku\u0142y z oryginaln\u0105 i wysokiej jako\u015bci tre\u015bci\u0105.","rank_math_focus_keyword":"Esacademic","_links":{"self":[{"href":"https:\/\/esacademic.com\/pl\/wp-json\/wp\/v2\/pages\/18968","targetHints":{"allow":["GET"]}}],"collection":[{"href":"https:\/\/esacademic.com\/pl\/wp-json\/wp\/v2\/pages"}],"about":[{"href":"https:\/\/esacademic.com\/pl\/wp-json\/wp\/v2\/types\/page"}],"author":[{"embeddable":true,"href":"https:\/\/esacademic.com\/pl\/wp-json\/wp\/v2\/users\/1"}],"replies":[{"embeddable":true,"href":"https:\/\/esacademic.com\/pl\/wp-json\/wp\/v2\/comments?post=18968"}],"version-history":[{"count":1,"href":"https:\/\/esacademic.com\/pl\/wp-json\/wp\/v2\/pages\/18968\/revisions"}],"predecessor-version":[{"id":18971,"href":"https:\/\/esacademic.com\/pl\/wp-json\/wp\/v2\/pages\/18968\/revisions\/18971"}],"wp:attachment":[{"href":"https:\/\/esacademic.com\/pl\/wp-json\/wp\/v2\/media?parent=18968"}],"curies":[{"name":"wp","href":"https:\/\/api.w.org\/{rel}","templated":true}]}}