{"id":18999,"date":"2023-12-15T03:37:22","date_gmt":"2023-12-15T03:37:22","guid":{"rendered":"https:\/\/esacademic.com\/polityka-prywatnosci\/"},"modified":"2024-10-02T10:06:06","modified_gmt":"2024-10-02T10:06:06","slug":"politica-de-privacidad","status":"publish","type":"page","link":"https:\/\/esacademic.com\/pl\/politica-de-privacidad\/","title":{"rendered":"Polityka prywatno\u015bci"},"content":{"rendered":"<?xml encoding=\"UTF-8\"><div class=\"gb-container gb-container-630c5fb6\">\n\n<p>Ostatnia aktualizacja: 31 stycznia 2024 r.<\/p>\n\n\n\n<p>Niniejsza Polityka prywatno&#347;ci opisuje nasze zasady i procedury dotycz&#261;ce gromadzenia, wykorzystywania i ujawniania informacji u&#380;ytkownika podczas korzystania z Us&#322;ugi oraz informuje u&#380;ytkownika o jego prawach do prywatno&#347;ci i o tym, w jaki spos&oacute;b prawo chroni u&#380;ytkownika.<\/p>\n\n\n\n<p>Wykorzystujemy dane osobowe u&#380;ytkownika w celu &#347;wiadczenia i ulepszania Us&#322;ugi.\nKorzystaj&#261;c z Us&#322;ugi, u&#380;ytkownik wyra&#380;a zgod&#281; na gromadzenie i wykorzystywanie informacji zgodnie z niniejsz&#261; Polityk&#261; prywatno&#347;ci. <\/p>\n\n\n\n<h2 class=\"wp-block-heading\">Interpretacja i definicje<\/h2>\n\n\n\n<h3 class=\"wp-block-heading\">Interpretacja<\/h3>\n\n\n\n<p>S&#322;owa, kt&oacute;rych pierwsza litera jest pisana wielk&#261; liter&#261;, maj&#261; zdefiniowane znaczenie na nast&#281;puj&#261;cych warunkach.\nPoni&#380;sze definicje maj&#261; takie samo znaczenie niezale&#380;nie od tego, czy wyst&#281;puj&#261; w liczbie pojedynczej czy mnogiej. <\/p>\n\n\n\n<h3 class=\"wp-block-heading\">Definicje<\/h3>\n\n\n\n<p>Dla cel&oacute;w niniejszej Polityki prywatno&#347;ci:<\/p>\n\n\n\n<ul class=\"wp-block-list\">\n<li>Konto oznacza unikalne konto utworzone dla u&#380;ytkownika w celu uzyskania dost&#281;pu do Us&#322;ugi lub jej cz&#281;&#347;ci.<\/li>\n\n\n\n<li>Podmiot powi&#261;zany oznacza podmiot, kt&oacute;ry kontroluje, jest kontrolowany lub znajduje si&#281; pod wsp&oacute;ln&#261; kontrol&#261; ze stron&#261;, gdzie &bdquo;kontrola&rdquo; oznacza posiadanie 50% lub wi&#281;cej akcji, udzia&#322;&oacute;w lub innych papier&oacute;w warto&#347;ciowych uprawniaj&#261;cych do g&#322;osowania przy wyborze dyrektor&oacute;w lub innych organ&oacute;w zarz&#261;dzaj&#261;cych.<\/li>\n\n\n\n<li>Sp&oacute;&#322;ka (okre&#347;lana w niniejszej Umowie jako &bdquo;Sp&oacute;&#322;ka&rdquo;, &bdquo;My&rdquo;, &bdquo;Nas&rdquo;, &bdquo;Nasz&rdquo; lub &bdquo;Nas&rdquo;) odnosi si&#281; do Academic.<\/li>\n\n\n\n<li>Pliki cookie to ma&#322;e pliki, kt&oacute;re witryna internetowa umieszcza na komputerze, urz&#261;dzeniu mobilnym lub innym urz&#261;dzeniu, kt&oacute;re zawieraj&#261; szczeg&oacute;&#322;owe informacje na temat historii przegl&#261;dania tej witryny, w&#347;r&oacute;d wielu ich zastosowa&#324;.<\/li>\n\n\n\n<li>Kraj odnosi si&#281; do: Singapur<\/li>\n\n\n\n<li>Urz&#261;dzenie oznacza dowolne urz&#261;dzenie, kt&oacute;re mo&#380;e uzyska&#263; dost&#281;p do Us&#322;ugi, takie jak komputer, telefon kom&oacute;rkowy lub tablet cyfrowy.<\/li>\n\n\n\n<li>Dane osobowe to wszelkie informacje dotycz&#261;ce zidentyfikowanej lub mo&#380;liwej do zidentyfikowania osoby fizycznej.<\/li>\n\n\n\n<li>Us&#322;uga odnosi si&#281; do strony internetowej.<\/li>\n\n\n\n<li>Us&#322;ugodawca oznacza ka&#380;d&#261; osob&#281; fizyczn&#261; lub prawn&#261;, kt&oacute;ra przetwarza dane w imieniu Sp&oacute;&#322;ki.\nOdnosi si&#281; to do firm zewn&#281;trznych lub os&oacute;b zatrudnionych przez Sp&oacute;&#322;k&#281; w celu u&#322;atwienia &#347;wiadczenia Us&#322;ugi, &#347;wiadczenia Us&#322;ugi w imieniu Sp&oacute;&#322;ki, &#347;wiadczenia us&#322;ug zwi&#261;zanych z Us&#322;ug&#261; lub pomagania Sp&oacute;&#322;ce w analizowaniu sposobu korzystania z Us&#322;ugi. <\/li>\n\n\n\n<li>Dane dotycz&#261;ce u&#380;ytkowania odnosz&#261; si&#281; do danych gromadzonych automatycznie, generowanych przez korzystanie z Us&#322;ugi lub przez sam&#261; infrastruktur&#281; Us&#322;ugi (np. czas trwania wizyty na stronie).<\/li>\n\n\n\n<li>Strona odsy&#322;a do strony Academic, dost&#281;pnej pod adresem <a href=\"https:\/\/esacademic.com\/pl\/\">https:\/\/esacademic.com\/.<\/a><\/li>\n\n\n\n<li>U&#380;ytkownik odnosi si&#281; odpowiednio do osoby uzyskuj&#261;cej dost&#281;p do Us&#322;ugi lub korzystaj&#261;cej z niej albo do sp&oacute;&#322;ki lub innego podmiotu prawnego, w imieniu kt&oacute;rego taka osoba uzyskuje dost&#281;p do Us&#322;ugi lub z niej korzysta.<\/li>\n<\/ul>\n\n\n\n<h2 class=\"wp-block-heading\">Gromadzenie i wykorzystywanie danych osobowych<\/h2>\n\n\n\n<h3 class=\"wp-block-heading\">Rodzaje gromadzonych danych<\/h3>\n\n\n\n<h4 class=\"wp-block-heading\">Dane osobowe<\/h4>\n\n\n\n<p>Podczas korzystania z naszych us&#322;ug mo&#380;emy poprosi&#263; u&#380;ytkownika o podanie pewnych danych osobowych, kt&oacute;re mog&#261; zosta&#263; wykorzystane do skontaktowania si&#281; z u&#380;ytkownikiem lub jego identyfikacji.\nDane osobowe mog&#261; obejmowa&#263; mi&#281;dzy innymi: <\/p>\n\n\n\n<ul class=\"wp-block-list\">\n<li>Adres e-mail<\/li>\n\n\n\n<li>Imi&#281; i nazwisko<\/li>\n\n\n\n<li>Numer telefonu<\/li>\n\n\n\n<li>Dane u&#380;ytkowania<\/li>\n<\/ul>\n\n\n\n<h4 class=\"wp-block-heading\">Dane u&#380;ytkowania<\/h4>\n\n\n\n<p>Dane dotycz&#261;ce u&#380;ytkowania s&#261; gromadzone automatycznie podczas korzystania z Us&#322;ugi.<\/p>\n\n\n\n<p>Dane dotycz&#261;ce u&#380;ytkowania mog&#261; obejmowa&#263; takie informacje, jak adres protoko&#322;u internetowego urz&#261;dzenia (np. adres IP), typ przegl&#261;darki, wersja przegl&#261;darki, odwiedzane strony naszej Us&#322;ugi, godzina i data wizyty, czas sp&#281;dzony na tych stronach, unikalne identyfikatory urz&#261;dze&#324; i inne dane diagnostyczne.<\/p>\n\n\n\n<p>Gdy u&#380;ytkownik uzyskuje dost&#281;p do Us&#322;ugi za pomoc&#261; urz&#261;dzenia mobilnego, mo&#380;emy automatycznie gromadzi&#263; pewne informacje, w tym mi&#281;dzy innymi rodzaj u&#380;ywanego urz&#261;dzenia mobilnego, unikaln&#261; identyfikacj&#281; urz&#261;dzenia mobilnego, adres IP urz&#261;dzenia mobilnego, system operacyjny, rodzaj u&#380;ywanej mobilnej przegl&#261;darki internetowej, unikalne identyfikatory urz&#261;dze&#324; i inne dane diagnostyczne.<\/p>\n\n\n\n<p>Mo&#380;emy r&oacute;wnie&#380; gromadzi&#263; informacje wysy&#322;ane przez przegl&#261;dark&#281; u&#380;ytkownika za ka&#380;dym razem, gdy odwiedza on nasz&#261; Us&#322;ug&#281; lub gdy uzyskuje do niej dost&#281;p za pomoc&#261; urz&#261;dzenia mobilnego.<\/p>\n\n\n\n<h4 class=\"wp-block-heading\">Technologie &#347;ledzenia i pliki cookie<\/h4>\n\n\n\n<p>U&#380;ywamy plik&oacute;w cookie i podobnych technologii &#347;ledzenia do &#347;ledzenia aktywno&#347;ci w naszym Serwisie i przechowywania okre&#347;lonych informacji.\nStosowane technologie &#347;ledzenia to sygna&#322;y nawigacyjne, znaczniki i skrypty s&#322;u&#380;&#261;ce do gromadzenia i &#347;ledzenia informacji oraz do ulepszania i analizowania naszej Us&#322;ugi.\nStosowane przez nas technologie mog&#261; obejmowa&#263;:  <\/p>\n\n\n\n<ul class=\"wp-block-list\">\n<li>Pliki cookie lub pliki cookie przegl&#261;darki.\nPlik cookie to niewielki plik umieszczany na urz&#261;dzeniu u&#380;ytkownika.\nU&#380;ytkownik mo&#380;e poinstruowa&#263; swoj&#261; przegl&#261;dark&#281;, aby odrzuca&#322;a wszystkie pliki cookie lub wskazywa&#322;a, kiedy plik cookie jest wysy&#322;any.\nJe&#347;li jednak u&#380;ytkownik nie akceptuje plik&oacute;w cookie, mo&#380;e nie by&#263; w stanie korzysta&#263; z niekt&oacute;rych cz&#281;&#347;ci naszej Us&#322;ugi.\nO ile u&#380;ytkownik nie dostosowa&#322; ustawie&#324; przegl&#261;darki tak, aby odrzuca&#322;a pliki cookie, nasza Us&#322;uga mo&#380;e wykorzystywa&#263; pliki cookie.    <\/li>\n\n\n\n<li>Sygna&#322;y nawigacyjne w sieci Web.\nNiekt&oacute;re sekcje naszej Us&#322;ugi i nasze wiadomo&#347;ci e-mail mog&#261; zawiera&#263; ma&#322;e pliki elektroniczne znane jako sygna&#322;y nawigacyjne (znane r&oacute;wnie&#380; jako czyste gify, znaczniki pikselowe i gify jednopikselowe), kt&oacute;re umo&#380;liwiaj&#261; Sp&oacute;&#322;ce na przyk&#322;ad zliczanie u&#380;ytkownik&oacute;w, kt&oacute;rzy odwiedzili te strony.\no otworzyli wiadomo&#347;&#263; e-mail oraz na inne statystyki zwi&#261;zane z witryn&#261; (np. rejestrowanie popularno&#347;ci okre&#347;lonej sekcji oraz sprawdzanie integralno&#347;ci systemu i serwera).  <\/li>\n<\/ul>\n\n\n\n<p>Pliki cookie mog&#261; by&#263; &bdquo;trwa&#322;e&rdquo; lub &bdquo;sesyjne&rdquo;.\nTrwa&#322;e pliki cookie pozostaj&#261; na komputerze osobistym lub urz&#261;dzeniu mobilnym u&#380;ytkownika po wylogowaniu, natomiast sesyjne pliki cookie s&#261; usuwane natychmiast po zamkni&#281;ciu przegl&#261;darki internetowej. <\/p>\n\n\n\n<p>U&#380;ywamy sesyjnych i trwa&#322;ych plik&oacute;w cookie do cel&oacute;w okre&#347;lonych poni&#380;ej:<\/p>\n\n\n\n<ul class=\"wp-block-list\">\n<li>Niezb&#281;dne\/niezb&#281;dne pliki cookie Typ: Sesyjne pliki cookie Zarz&#261;dzane przez: Nas Cel: Te pliki cookie s&#261; niezb&#281;dne do &#347;wiadczenia us&#322;ug dost&#281;pnych za po&#347;rednictwem witryny internetowej i umo&#380;liwienia korzystania z niekt&oacute;rych jej funkcji.\nPomagaj&#261; one uwierzytelnia&#263; u&#380;ytkownik&oacute;w i zapobiega&#263; nieuczciwemu korzystaniu z kont u&#380;ytkownik&oacute;w.\nBez tych plik&oacute;w cookie us&#322;ugi zam&oacute;wione przez u&#380;ytkownika nie mog&#261; by&#263; &#347;wiadczone, a my u&#380;ywamy tych plik&oacute;w cookie wy&#322;&#261;cznie w celu &#347;wiadczenia tych us&#322;ug u&#380;ytkownikowi.  <\/li>\n\n\n\n<li>Polityka dotycz&#261;ca plik&oacute;w cookie \/ Powiadomienie o akceptacji plik&oacute;w cookie Typ: Trwa&#322;e pliki cookie Zarz&#261;dzane przez: Nas Cel: Te pliki cookie identyfikuj&#261;, czy u&#380;ytkownicy zaakceptowali korzystanie z plik&oacute;w cookie w Witrynie.<\/li>\n\n\n\n<li>Funkcjonalne pliki cookie Typ: Trwa&#322;e pliki cookie Zarz&#261;dzane przez: Nas Cel: Te pliki cookie umo&#380;liwiaj&#261; nam zapami&#281;tywanie wybor&oacute;w dokonywanych przez u&#380;ytkownika podczas korzystania z Witryny, takich jak zapami&#281;tywanie danych logowania lub preferencji j&#281;zykowych.\nCelem tych plik&oacute;w cookie jest zapewnienie u&#380;ytkownikowi bardziej spersonalizowanego do&#347;wiadczenia i unikni&#281;cie konieczno&#347;ci ponownego wprowadzania preferencji za ka&#380;dym razem, gdy korzysta z witryny. <\/li>\n<\/ul>\n\n\n\n<p>Aby uzyska&#263; wi&#281;cej informacji na temat u&#380;ywanych przez nas plik&oacute;w cookie i wybor&oacute;w dotycz&#261;cych plik&oacute;w cookie, odwied&#378; nasz&#261; Polityk&#281; plik&oacute;w cookie lub sekcj&#281; Pliki cookie w naszej Polityce prywatno&#347;ci.<\/p>\n\n\n\n<h3 class=\"wp-block-heading\">Wykorzystanie danych osobowych u&#380;ytkownika<\/h3>\n\n\n\n<p>Sp&oacute;&#322;ka mo&#380;e wykorzystywa&#263; Dane Osobowe do nast&#281;puj&#261;cych cel&oacute;w:<\/p>\n\n\n\n<ul class=\"wp-block-list\">\n<li>W celu &#347;wiadczenia i utrzymywania naszej Us&#322;ugi, w tym monitorowania korzystania z naszej Us&#322;ugi.<\/li>\n\n\n\n<li>Zarz&#261;dzanie kontem: zarz&#261;dzanie rejestracj&#261; jako u&#380;ytkownik Us&#322;ugi.\nDane osobowe podane przez u&#380;ytkownika mog&#261; zapewni&#263; mu dost&#281;p do r&oacute;&#380;nych funkcji Us&#322;ugi, kt&oacute;re s&#261; dost&#281;pne dla niego jako zarejestrowanego u&#380;ytkownika. <\/li>\n\n\n\n<li>W celu wykonania umowy: opracowanie, realizacja i wykonanie umowy zakupu produkt&oacute;w, towar&oacute;w lub us&#322;ug zakupionych przez u&#380;ytkownika lub jakiejkolwiek innej umowy zawartej z nami za po&#347;rednictwem Us&#322;ugi.<\/li>\n\n\n\n<li>Aby skontaktowa&#263; si&#281; z u&#380;ytkownikiem: Aby skontaktowa&#263; si&#281; z u&#380;ytkownikiem za po&#347;rednictwem poczty elektronicznej, po&#322;&#261;cze&#324; telefonicznych, wiadomo&#347;ci SMS lub innych r&oacute;wnowa&#380;nych form komunikacji elektronicznej, takich jak powiadomienia push z aplikacji mobilnej dotycz&#261;ce aktualizacji lub komunikat&oacute;w informacyjnych zwi&#261;zanych z zakontraktowanymi funkcjami, produktami lub us&#322;ugami, w tym aktualizacjami zabezpiecze&#324;, w przypadku gdy jest to konieczne lub uzasadnione w celu wdro&#380;enia.<\/li>\n\n\n\n<li>Dostarczanie u&#380;ytkownikowi wiadomo&#347;ci, ofert specjalnych i og&oacute;lnych informacji o innych oferowanych przez nas towarach, us&#322;ugach i wydarzeniach, kt&oacute;re s&#261; podobne do tych, kt&oacute;re u&#380;ytkownik ju&#380; zakupi&#322; lub o kt&oacute;re zapyta&#322;, chyba &#380;e u&#380;ytkownik zrezygnowa&#322; z otrzymywania takich informacji.<\/li>\n\n\n\n<li>Obs&#322;uga &#380;&#261;da&#324; U&#380;ytkownika: Obs&#322;uga i zarz&#261;dzanie &#380;&#261;daniami U&#380;ytkownika kierowanymi do nas.<\/li>\n\n\n\n<li>W przypadku przeniesienia dzia&#322;alno&#347;ci: Mo&#380;emy wykorzystywa&#263; dane u&#380;ytkownika w celu oceny lub przeprowadzenia fuzji, zbycia, restrukturyzacji, reorganizacji, rozwi&#261;zania lub innej sprzeda&#380;y lub przeniesienia cz&#281;&#347;ci lub ca&#322;o&#347;ci naszych aktyw&oacute;w, czy to w ramach kontynuacji dzia&#322;alno&#347;ci, czy w ramach upad&#322;o&#347;ci, likwidacji lub podobnego post&#281;powania, w kt&oacute;rym dane osobowe, kt&oacute;re przechowujemy na temat u&#380;ytkownik&oacute;w naszej us&#322;ugi, znajduj&#261; si&#281; w&#347;r&oacute;d przenoszonych aktyw&oacute;w.<\/li>\n\n\n\n<li>Do innych cel&oacute;w: Mo&#380;emy wykorzystywa&#263; informacje o u&#380;ytkowniku do innych cel&oacute;w, takich jak analiza danych, identyfikacja trend&oacute;w u&#380;ytkowania, okre&#347;lanie skuteczno&#347;ci naszych kampanii promocyjnych oraz ocena i ulepszanie naszej Us&#322;ugi, produkt&oacute;w, us&#322;ug, marketingu i do&#347;wiadcze&#324; u&#380;ytkownika.<\/li>\n<\/ul>\n\n\n\n<p>Mo&#380;emy udost&#281;pnia&#263; dane osobowe u&#380;ytkownika w nast&#281;puj&#261;cych sytuacjach:<\/p>\n\n\n\n<ul class=\"wp-block-list\">\n<li>Dostawcom us&#322;ug: Mo&#380;emy udost&#281;pnia&#263; dane osobowe u&#380;ytkownika dostawcom us&#322;ug w celu monitorowania i analizowania korzystania z naszych us&#322;ug oraz komunikowania si&#281; z u&#380;ytkownikiem.<\/li>\n\n\n\n<li>W przypadku przeniesienia dzia&#322;alno&#347;ci: Mo&#380;emy udost&#281;pnia&#263; lub przekazywa&#263; dane osobowe u&#380;ytkownika w zwi&#261;zku z fuzj&#261;, sprzeda&#380;&#261; aktyw&oacute;w Sp&oacute;&#322;ki, finansowaniem lub przej&#281;ciem ca&#322;o&#347;ci lub cz&#281;&#347;ci naszej dzia&#322;alno&#347;ci przez inn&#261; sp&oacute;&#322;k&#281; lub podczas negocjacji w tej sprawie.<\/li>\n\n\n\n<li>Podmiotom stowarzyszonym: Mo&#380;emy udost&#281;pnia&#263; dane u&#380;ytkownika naszym podmiotom stowarzyszonym, w kt&oacute;rym to przypadku b&#281;dziemy wymaga&#263; od nich przestrzegania niniejszej Polityki prywatno&#347;ci.\nPodmioty stowarzyszone obejmuj&#261; nasz&#261; sp&oacute;&#322;k&#281; dominuj&#261;c&#261; i wszelkie inne sp&oacute;&#322;ki zale&#380;ne, partner&oacute;w joint venture lub inne sp&oacute;&#322;ki, kt&oacute;re kontrolujemy lub kt&oacute;re s&#261; pod wsp&oacute;ln&#261; kontrol&#261; z nami. <\/li>\n\n\n\n<li>Partnerom biznesowym: Mo&#380;emy udost&#281;pnia&#263; dane u&#380;ytkownika naszym partnerom biznesowym w celu oferowania u&#380;ytkownikowi okre&#347;lonych produkt&oacute;w, us&#322;ug lub promocji.<\/li>\n\n\n\n<li>Z innymi u&#380;ytkownikami: gdy u&#380;ytkownik udost&#281;pnia dane osobowe lub w inny spos&oacute;b wchodzi w interakcje w obszarach publicznych z innymi u&#380;ytkownikami, takie informacje mog&#261; by&#263; widoczne dla wszystkich u&#380;ytkownik&oacute;w i mog&#261; by&#263; publicznie rozpowszechniane na zewn&#261;trz.<\/li>\n\n\n\n<li>Za zgod&#261; u&#380;ytkownika: mo&#380;emy ujawni&#263; dane osobowe u&#380;ytkownika w dowolnym innym celu za jego zgod&#261;.<\/li>\n<\/ul>\n\n\n\n<h3 class=\"wp-block-heading\">Przechowywanie danych osobowych u&#380;ytkownika<\/h3>\n\n\n\n<p>Sp&oacute;&#322;ka b&#281;dzie przechowywa&#263; dane osobowe u&#380;ytkownika wy&#322;&#261;cznie tak d&#322;ugo, jak b&#281;dzie to konieczne do cel&oacute;w okre&#347;lonych w niniejszej Polityce prywatno&#347;ci.\nB&#281;dziemy przechowywa&#263; i wykorzystywa&#263; dane osobowe u&#380;ytkownika w zakresie niezb&#281;dnym do wype&#322;nienia naszych zobowi&#261;za&#324; prawnych (na przyk&#322;ad, je&#347;li b&#281;dziemy zobowi&#261;zani do przechowywania danych u&#380;ytkownika w celu zachowania zgodno&#347;ci z obowi&#261;zuj&#261;cymi przepisami prawa), rozstrzygania spor&oacute;w i egzekwowania naszych um&oacute;w prawnych i zasad. <\/p>\n\n\n\n<p>Sp&oacute;&#322;ka b&#281;dzie r&oacute;wnie&#380; przechowywa&#263; Dane o u&#380;ytkowaniu do cel&oacute;w analizy wewn&#281;trznej.\nDane dotycz&#261;ce u&#380;ytkowania s&#261; zazwyczaj przechowywane przez kr&oacute;tszy okres czasu, z wyj&#261;tkiem sytuacji, gdy dane te s&#261; wykorzystywane w celu zwi&#281;kszenia bezpiecze&#324;stwa lub poprawy funkcjonalno&#347;ci naszych us&#322;ug lub gdy jeste&#347;my prawnie zobowi&#261;zani do przechowywania tych danych przez d&#322;u&#380;szy okres czasu. <\/p>\n\n\n\n<h3 class=\"wp-block-heading\">Przekazywanie danych osobowych u&#380;ytkownika<\/h3>\n\n\n\n<p>Informacje U&#380;ytkownika, w tym Dane Osobowe, s&#261; przetwarzane w biurach operacyjnych Sp&oacute;&#322;ki oraz w ka&#380;dym innym miejscu, w kt&oacute;rym znajduj&#261; si&#281; strony zaanga&#380;owane w przetwarzanie.\nOznacza to, &#380;e informacje te mog&#261; by&#263; przekazywane i przechowywane na komputerach znajduj&#261;cych si&#281; poza stanem, prowincj&#261;, krajem lub inn&#261; jurysdykcj&#261; rz&#261;dow&#261; U&#380;ytkownika, gdzie przepisy dotycz&#261;ce ochrony danych mog&#261; r&oacute;&#380;ni&#263; si&#281; od przepis&oacute;w obowi&#261;zuj&#261;cych w jurysdykcji U&#380;ytkownika. <\/p>\n\n\n\n<p>Zgoda u&#380;ytkownika na niniejsz&#261; Polityk&#281; prywatno&#347;ci, po kt&oacute;rej nast&#281;puje przekazanie takich informacji, oznacza akceptacj&#281; tego przekazania.<\/p>\n\n\n\n<p>Firma podejmie wszelkie niezb&#281;dne kroki w celu zapewnienia, &#380;e Dane U&#380;ytkownika s&#261; traktowane w spos&oacute;b bezpieczny i zgodny z niniejsz&#261; Polityk&#261; Prywatno&#347;ci, a &#380;adne przekazywanie Danych Osobowych U&#380;ytkownika do jakiejkolwiek organizacji lub kraju nie b&#281;dzie mia&#322;o miejsca, chyba &#380;e istniej&#261; odpowiednie kontrole, w tym bezpiecze&#324;stwo Danych U&#380;ytkownika i innych danych osobowych.<\/p>\n\n\n\n<h3 class=\"wp-block-heading\">Usuwanie danych osobowych<\/h3>\n\n\n\n<p>U&#380;ytkownik ma prawo do usuni&#281;cia lub za&#380;&#261;dania od nas pomocy w usuni&#281;ciu danych osobowych, kt&oacute;re zebrali&#347;my na jego temat.<\/p>\n\n\n\n<p>Nasza Us&#322;uga mo&#380;e zapewnia&#263; u&#380;ytkownikowi mo&#380;liwo&#347;&#263; usuni&#281;cia pewnych informacji na jego temat z Us&#322;ugi.<\/p>\n\n\n\n<p>U&#380;ytkownik mo&#380;e aktualizowa&#263;, modyfikowa&#263; lub usuwa&#263; swoje dane w dowolnym momencie, loguj&#261;c si&#281; na swoje konto, je&#347;li je posiada, i odwiedzaj&#261;c sekcj&#281; ustawie&#324; konta, kt&oacute;ra umo&#380;liwia zarz&#261;dzanie danymi osobowymi.\nU&#380;ytkownik mo&#380;e r&oacute;wnie&#380; skontaktowa&#263; si&#281; z nami w celu uzyskania dost&#281;pu do swoich danych osobowych, ich poprawienia lub usuni&#281;cia. <\/p>\n\n\n\n<p>Nale&#380;y jednak pami&#281;ta&#263;, &#380;e mo&#380;emy by&#263; zmuszeni do przechowywania pewnych informacji, je&#347;li mamy do tego obowi&#261;zek prawny lub podstaw&#281; prawn&#261;.<\/p>\n\n\n\n<h3 class=\"wp-block-heading\">Ujawnianie danych osobowych u&#380;ytkownika<\/h3>\n\n\n\n<h4 class=\"wp-block-heading\">Transakcje biznesowe<\/h4>\n\n\n\n<p>Je&#347;li Sp&oacute;&#322;ka jest zaanga&#380;owana w fuzj&#281;, przej&#281;cie lub sprzeda&#380; aktyw&oacute;w, dane osobowe u&#380;ytkownika mog&#261; zosta&#263; przekazane.\nPowiadomimy u&#380;ytkownika, zanim jego dane osobowe zostan&#261; przekazane i zaczn&#261; podlega&#263; innej polityce prywatno&#347;ci. <\/p>\n\n\n\n<h4 class=\"wp-block-heading\">Egzekwowanie prawa<\/h4>\n\n\n\n<p>W pewnych okoliczno&#347;ciach Sp&oacute;&#322;ka mo&#380;e by&#263; zobowi&#261;zana do ujawnienia danych osobowych u&#380;ytkownika, je&#347;li jest to wymagane przez prawo lub w odpowiedzi na wa&#380;ne wnioski organ&oacute;w publicznych (np. s&#261;du lub agencji rz&#261;dowej).<\/p>\n\n\n\n<h4 class=\"wp-block-heading\">Inne wymogi prawne<\/h4>\n\n\n\n<p>Sp&oacute;&#322;ka mo&#380;e ujawni&#263; dane osobowe u&#380;ytkownika w dobrej wierze, &#380;e takie dzia&#322;anie jest konieczne do:<\/p>\n\n\n\n<ul class=\"wp-block-list\">\n<li>Wype&#322;nienie obowi&#261;zku prawnego<\/li>\n\n\n\n<li>Ochrona i obrona praw lub aktyw&oacute;w Sp&oacute;&#322;ki<\/li>\n\n\n\n<li>Zapobieganie lub badanie ewentualnych nieprawid&#322;owo&#347;ci w odniesieniu do Us&#322;ugi<\/li>\n\n\n\n<li>Ochrona bezpiecze&#324;stwa osobistego u&#380;ytkownik&oacute;w us&#322;ug lub spo&#322;ecze&#324;stwa.<\/li>\n\n\n\n<li>Ochrona przed odpowiedzialno&#347;ci&#261; prawn&#261;<\/li>\n<\/ul>\n\n\n\n<h3 class=\"wp-block-heading\">Bezpiecze&#324;stwo danych osobowych<\/h3>\n\n\n\n<p>Bezpiecze&#324;stwo Twoich danych osobowych jest dla nas wa&#380;ne, ale pami&#281;taj, &#380;e &#380;adna metoda transmisji przez Internet ani metoda elektronicznego przechowywania danych nie jest w 100% bezpieczna.\nChocia&#380; staramy si&#281; wykorzystywa&#263; komercyjnie akceptowalne &#347;rodki w celu ochrony danych osobowych u&#380;ytkownik&oacute;w, nie mo&#380;emy zagwarantowa&#263; ich ca&#322;kowitego bezpiecze&#324;stwa. <\/p>\n\n\n\n<h2 class=\"wp-block-heading\">Linki do innych stron internetowych<\/h2>\n\n\n\n<p>Nasza Us&#322;uga mo&#380;e zawiera&#263; &#322;&#261;cza do innych stron internetowych, kt&oacute;re nie s&#261; przez nas obs&#322;ugiwane.\nKlikni&#281;cie &#322;&#261;cza strony trzeciej spowoduje przekierowanie do witryny tej strony trzeciej.\nZdecydowanie zach&#281;camy do zapoznania si&#281; z Polityk&#261; prywatno&#347;ci ka&#380;dej odwiedzanej witryny.  <\/p>\n\n\n\n<p>Nie mamy kontroli i nie ponosimy odpowiedzialno&#347;ci za tre&#347;ci, polityk&#281; prywatno&#347;ci lub praktyki stosowane na stronach lub w us&#322;ugach stron trzecich.<\/p>\n\n\n\n<h2 class=\"wp-block-heading\">Zmiany w niniejszej Polityce prywatno&#347;ci<\/h2>\n\n\n\n<p>Od czasu do czasu mo&#380;emy aktualizowa&#263; nasz&#261; Polityk&#281; prywatno&#347;ci.\nPowiadomimy u&#380;ytkownika o wszelkich zmianach, publikuj&#261;c now&#261; Polityk&#281; prywatno&#347;ci na tej stronie. <\/p>\n\n\n\n<p>Poinformujemy u&#380;ytkownika za po&#347;rednictwem wiadomo&#347;ci e-mail i\/lub wyra&#378;nego powiadomienia w naszym Serwisie, zanim zmiana wejdzie w &#380;ycie i zaktualizujemy dat&#281; &bdquo;Ostatniej aktualizacji&rdquo; u g&oacute;ry niniejszej Polityki Prywatno&#347;ci.<\/p>\n\n\n\n<p>Zach&#281;camy do okresowego sprawdzania niniejszej Polityki prywatno&#347;ci pod k&#261;tem wszelkich zmian.\nZmiany w niniejszej Polityce prywatno&#347;ci wchodz&#261; w &#380;ycie z chwil&#261; ich opublikowania na tej stronie. <\/p>\n\n\n\n<h2 class=\"wp-block-heading\">Kontakt z nami<\/h2>\n\n\n\n<p>W przypadku jakichkolwiek pyta&#324; dotycz&#261;cych niniejszej Polityki prywatno&#347;ci mo&#380;na si&#281; z nami skontaktowa&#263;:<\/p>\n\n\n\n<ul class=\"wp-block-list\">\n<li>E-mail: <a href=\"mailto:info@esacademic.com\">info@esacademic.com<\/a><\/li>\n\n\n\n<li>Odwied&#378; t&#281; stron&#281; w naszym serwisie: <a href=\"https:\/\/esacademic.com\/contact\/\">https:\/\/esacademic.com\/contact\/<\/a><\/li>\n<\/ul>\n\n<\/div>\n","protected":false},"excerpt":{"rendered":"<p>Ostatnia aktualizacja: 31 stycznia 2024 r. Niniejsza Polityka prywatno&#347;ci opisuje nasze zasady i procedury dotycz&#261;ce gromadzenia, wykorzystywania i ujawniania informacji u&#380;ytkownika podczas korzystania z Us&#322;ugi oraz informuje u&#380;ytkownika o jego prawach do prywatno&#347;ci i o tym, w jaki spos&oacute;b prawo chroni u&#380;ytkownika. Wykorzystujemy dane osobowe u&#380;ytkownika w celu &#347;wiadczenia i ulepszania Us&#322;ugi. Korzystaj&#261;c z Us&#322;ugi, &#8230; <a title=\"Polityka prywatno\u015bci\" class=\"read-more\" href=\"https:\/\/esacademic.com\/pl\/politica-de-privacidad\/\" aria-label=\"Dowiedz si\u0119 wi\u0119cej o Polityka prywatno\u015bci\">Dowiedz si\u0119 wi\u0119cej<\/a><\/p>\n","protected":false},"author":1,"featured_media":0,"parent":0,"menu_order":0,"comment_status":"closed","ping_status":"open","template":"","meta":{"footnotes":""},"class_list":["post-18999","page","type-page","status-publish"],"rank_math_title":"","rank_math_description":"","rank_math_focus_keyword":"","_links":{"self":[{"href":"https:\/\/esacademic.com\/pl\/wp-json\/wp\/v2\/pages\/18999","targetHints":{"allow":["GET"]}}],"collection":[{"href":"https:\/\/esacademic.com\/pl\/wp-json\/wp\/v2\/pages"}],"about":[{"href":"https:\/\/esacademic.com\/pl\/wp-json\/wp\/v2\/types\/page"}],"author":[{"embeddable":true,"href":"https:\/\/esacademic.com\/pl\/wp-json\/wp\/v2\/users\/1"}],"replies":[{"embeddable":true,"href":"https:\/\/esacademic.com\/pl\/wp-json\/wp\/v2\/comments?post=18999"}],"version-history":[{"count":1,"href":"https:\/\/esacademic.com\/pl\/wp-json\/wp\/v2\/pages\/18999\/revisions"}],"predecessor-version":[{"id":19002,"href":"https:\/\/esacademic.com\/pl\/wp-json\/wp\/v2\/pages\/18999\/revisions\/19002"}],"wp:attachment":[{"href":"https:\/\/esacademic.com\/pl\/wp-json\/wp\/v2\/media?parent=18999"}],"curies":[{"name":"wp","href":"https:\/\/api.w.org\/{rel}","templated":true}]}}