{"id":19018,"date":"2022-11-08T18:30:39","date_gmt":"2022-11-08T18:30:39","guid":{"rendered":"https:\/\/esacademic.com\/o\/"},"modified":"2025-05-27T14:51:58","modified_gmt":"2025-05-27T14:51:58","slug":"about","status":"publish","type":"page","link":"https:\/\/esacademic.com\/pl\/about\/","title":{"rendered":"O nas"},"content":{"rendered":"<?xml encoding=\"UTF-8\"><div class=\"gb-container gb-container-95434aeb\">\n<div class=\"gb-container gb-container-f1f18e98\">\n\n<p><em>AKADEMICKIE: Tw&oacute;j zaufany partner w zakresie wspierania autonomii i rozwoju biznesu<\/em> .<\/p>\n\n\n\n<p>Od pocz&#261;tku swojego istnienia w 2011 r. ACADEMIC promuje ide&#281; tworzenia w&#322;asnej &#347;cie&#380;ki do sukcesu, podejmowania przemy&#347;lanego ryzyka i zapewniania ka&#380;demu mo&#380;liwo&#347;ci przekszta&#322;cenia swoich aspiracji w osi&#261;gni&#281;cia. Nasza platforma ma na celu dostarczanie dog&#322;&#281;bnych, praktycznych wskaz&oacute;wek i profesjonalnej wiedzy tym, kt&oacute;rzy chc&#261; poprawi&#263; jako&#347;&#263; swoich aktyw&oacute;w finansowych i przedsi&#281;wzi&#281;&#263; biznesowych.<\/p>\n\n\n\n<p>Zar&oacute;wno do&#347;wiadczeni inwestorzy, pocz&#261;tkuj&#261;cy przedsi&#281;biorcy, jak i osoby zainteresowane poznaniem dynamicznego &#347;wiata biznesu &ndash; naszym celem jest wspieranie i prowadzenie ich na drodze do sukcesu.<\/p>\n\n\n\n<figure class=\"gb-block-image gb-block-image-1e335a16\"><img loading=\"lazy\" decoding=\"async\" width=\"300\" height=\"300\" class=\"gb-image gb-image-1e335a16\" src=\"https:\/\/esacademic.com\/wp-content\/uploads\/2024\/01\/Academic-logo-400x400-1-300x300.png\" alt=\"Academic logo 400x400\" title=\"Logo akademickie 400x400\"><\/figure>\n\n\n\n<h2 class=\"gb-headline gb-headline-e8485f28 gb-headline-text\">Nasza misja<\/h2>\n\n\n\n<h3 class=\"gb-headline gb-headline-349d2762 gb-headline-text\">Wzmocnienie:<\/h3>\n\n\n\n<p class=\"gb-headline gb-headline-9637f459 gb-headline-text\">Podstaw&#261; naszej filozofii jest g&#322;&#281;bokie przekonanie, &#380;e ka&#380;dy mo&#380;e osi&#261;gn&#261;&#263; sukces finansowy i rozwin&#261;&#263; biznes, niezale&#380;nie od swojego pochodzenia. Inspirujemy ludzi do wzi&#281;cia odpowiedzialno&#347;ci za swoj&#261; przysz&#322;o&#347;&#263; finansow&#261;, podejmowania &#347;wiadomych decyzji i wykorzystywania szans.<\/p>\n\n\n\n<h3 class=\"gb-headline gb-headline-fcac6548 gb-headline-text\">Edukacja:<\/h3>\n\n\n\n<p>Wierzymy, &#380;e o&#347;wiecenie jest podstaw&#261; realizacji naszego potencja&#322;u. Staramy si&#281; dostarcza&#263; czytelnikom jasne, praktyczne i pozbawione &#380;argonu tre&#347;ci. Informujemy ich o r&oacute;&#380;nych tematach, od technik inwestycyjnych i narz&#281;dzi handlowych po najnowsze informacje z bran&#380;y. Nasze materia&#322;y zosta&#322;y stworzone po to, aby upro&#347;ci&#263; skomplikowane zagadnienia finansowe i u&#322;atwi&#263; ich praktyczne wykorzystanie.<\/p>\n\n\n\n<h3 class=\"gb-headline gb-headline-b8a5b8d3 gb-headline-text\">Innowacja:<\/h3>\n\n\n\n<p>W dzisiejszym, szybko zmieniaj&#261;cym si&#281; &#347;rodowisku biznesowym post&#281;p zale&#380;y od innowacyjno&#347;ci i elastyczno&#347;ci. Jeste&#347;my zwolennikami ci&#261;g&#322;ego uczenia si&#281; i dokonywania odkry&#263;, prezentuj&#261;c najnowsze spostrze&#380;enia, trendy i innowacyjne pomys&#322;y, aby inspirowa&#263; nasz&#261; spo&#322;eczno&#347;&#263; do przyjmowania zmian.<\/p>\n\n\n\n<h3 class=\"gb-headline gb-headline-fee21c28 gb-headline-text\">Nasza rzetelno&#347;&#263; redakcyjna<\/h3>\n\n\n\n<p>Kierujemy si&#281; zasad&#261; bezstronno&#347;ci publikowanych przez nas tre&#347;ci, dbaj&#261;c o to, aby nasi odbiorcy mieli dost&#281;p do uczciwych i wywa&#380;onych informacji. Nasz zesp&oacute;&#322; specjalist&oacute;w jest oddany zapewnianiu dok&#322;adnych, rzetelnych i przejrzystych porad, pomagaj&#261;c Ci podejmowa&#263; &#347;wiadome decyzje.<\/p>\n\n\n\n<h3 class=\"gb-headline gb-headline-14baf2e2 gb-headline-text\">DO&#346;WIADCZENIE AKADEMICKIE<\/h3>\n\n\n\n<p>Nasza platforma jest skierowana do os&oacute;b chc&#261;cych zmaksymalizowa&#263; sw&oacute;j potencja&#322; finansowy, od pocz&#261;tkuj&#261;cych przedsi&#281;biorc&oacute;w z pasj&#261; do sukcesu, kt&oacute;rym brakuje formalnego szkolenia biznesowego, po do&#347;wiadczonych w&#322;a&#347;cicieli firm poszukuj&#261;cych innowacyjnych pomys&#322;&oacute;w. Obs&#322;ugujemy osoby przedsi&#281;biorcze, kt&oacute;re wytyczy&#322;y swoj&#261; drog&#281; dzi&#281;ki ogromnemu wysi&#322;kowi i determinacji.<\/p>\n\n\n\n<h2 class=\"gb-headline gb-headline-c85e0dea gb-headline-text\">Nasza wyr&oacute;&#380;niaj&#261;ca si&#281; przewaga:<\/h2>\n\n\n\n<p>Kompleksowy zakres: Nasze tre&#347;ci obejmuj&#261; szerokie spektrum, w tym tradycyjne techniki inwestycyjne i rozwoju biznesu, a tak&#380;e najnowsze informacje na temat kryptowalut i inwestycji alternatywnych, oferuj&#261;c holistyczny obraz &#347;wiata biznesu.<\/p>\n\n\n\n<p>Przyst&#281;pna tre&#347;&#263;: Unikamy skomplikowanej terminologii finansowej, dbaj&#261;c o to, aby nasze tre&#347;ci by&#322;y proste i zrozumia&#322;e dla ka&#380;dego, co pozwala czytelnikom z r&oacute;&#380;nych &#347;rodowisk czerpa&#263; korzy&#347;ci z tej wiedzy i stosowa&#263; j&#261; w praktyce.<\/p>\n\n\n\n<p>Praktyczne wskaz&oacute;wki: Oferujemy nie tylko teori&#281;, ale i praktyczne porady do natychmiastowego zastosowania w Twoich strategiach inwestycyjnych i biznesowych. Naszym celem jest wyposa&#380;enie Ci&#281; w narz&#281;dzia niezb&#281;dne do osi&#261;gni&#281;cia upragnionego sukcesu.<\/p>\n\n\n\n<h3 class=\"gb-headline gb-headline-fc45b939 gb-headline-text\">Do&#322;&#261;cz do AKADEMICKICH<\/h3>\n\n\n\n<p>Niezale&#380;nie od tego, czy jeste&#347; do&#347;wiadczonym przedsi&#281;biorc&#261;, czy dopiero zaczynasz, AKADEMIA jest Twoim g&#322;&oacute;wnym &#378;r&oacute;d&#322;em motywacji, wiedzy i poczucia sprawczo&#347;ci. Zosta&#324; cz&#281;&#347;ci&#261; naszego rosn&#261;cego kr&#281;gu niezale&#380;nych os&oacute;b, kt&oacute;rym zale&#380;y na pomna&#380;aniu swojego maj&#261;tku i rozwijaniu dzia&#322;alno&#347;ci gospodarczej.<\/p>\n\n<\/div>\n<\/div>\n","protected":false},"excerpt":{"rendered":"<p>AKADEMICKIE: Tw&oacute;j zaufany partner w zakresie wspierania autonomii i rozwoju biznesu . Od pocz&#261;tku swojego istnienia w 2011 r. ACADEMIC promuje ide&#281; tworzenia w&#322;asnej &#347;cie&#380;ki do sukcesu, podejmowania przemy&#347;lanego ryzyka i zapewniania ka&#380;demu mo&#380;liwo&#347;ci przekszta&#322;cenia swoich aspiracji w osi&#261;gni&#281;cia. Nasza platforma ma na celu dostarczanie dog&#322;&#281;bnych, praktycznych wskaz&oacute;wek i profesjonalnej wiedzy tym, kt&oacute;rzy chc&#261; poprawi&#263; &#8230; <a title=\"O nas\" class=\"read-more\" href=\"https:\/\/esacademic.com\/pl\/about\/\" aria-label=\"Dowiedz si\u0119 wi\u0119cej o O nas\">Dowiedz si\u0119 wi\u0119cej<\/a><\/p>\n","protected":false},"author":1,"featured_media":0,"parent":0,"menu_order":0,"comment_status":"closed","ping_status":"closed","template":"","meta":{"footnotes":""},"class_list":["post-19018","page","type-page","status-publish"],"rank_math_title":"O nas: Poznaj zesp\u00f3\u0142 stoj\u0105cy za wiod\u0105cym \u017ar\u00f3d\u0142em wiadomo\u015bci o kryptowalutach","rank_math_description":"Dowiedz si\u0119 wi\u0119cej o naszej misji, wizji i do\u015bwiadczonym zespole, kt\u00f3ry stoi za nasz\u0105 wiod\u0105c\u0105 witryn\u0105 po\u015bwi\u0119con\u0105 wiadomo\u015bciom na temat kryptowalut. Poznaj nasz\u0105 podr\u00f3\u017c i zaanga\u017cowanie w dostarczanie najdok\u0142adniejszych i najaktualniejszych informacji na temat \u015bwiata kryptowalut.","rank_math_focus_keyword":"","_links":{"self":[{"href":"https:\/\/esacademic.com\/pl\/wp-json\/wp\/v2\/pages\/19018","targetHints":{"allow":["GET"]}}],"collection":[{"href":"https:\/\/esacademic.com\/pl\/wp-json\/wp\/v2\/pages"}],"about":[{"href":"https:\/\/esacademic.com\/pl\/wp-json\/wp\/v2\/types\/page"}],"author":[{"embeddable":true,"href":"https:\/\/esacademic.com\/pl\/wp-json\/wp\/v2\/users\/1"}],"replies":[{"embeddable":true,"href":"https:\/\/esacademic.com\/pl\/wp-json\/wp\/v2\/comments?post=19018"}],"version-history":[{"count":3,"href":"https:\/\/esacademic.com\/pl\/wp-json\/wp\/v2\/pages\/19018\/revisions"}],"predecessor-version":[{"id":27300,"href":"https:\/\/esacademic.com\/pl\/wp-json\/wp\/v2\/pages\/19018\/revisions\/27300"}],"wp:attachment":[{"href":"https:\/\/esacademic.com\/pl\/wp-json\/wp\/v2\/media?parent=19018"}],"curies":[{"name":"wp","href":"https:\/\/api.w.org\/{rel}","templated":true}]}}