{"id":19040,"date":"2022-11-08T18:29:37","date_gmt":"2022-11-08T18:29:37","guid":{"rendered":"https:\/\/esacademic.com\/kontakt\/"},"modified":"2024-10-02T10:15:26","modified_gmt":"2024-10-02T10:15:26","slug":"contact","status":"publish","type":"page","link":"https:\/\/esacademic.com\/pl\/contact\/","title":{"rendered":"Kontakt"},"content":{"rendered":"<?xml encoding=\"UTF-8\"><div class=\"gb-container gb-container-6cb71469\">\n<div class=\"gb-container gb-container-1fca5493\">\n\n<p>W ACADEMIC zawsze ch&#281;tnie s&#322;uchamy opinii u&#380;ytkownik&oacute;w.\nNiezale&#380;nie od tego, czy masz pytanie, komentarz, czy po prostu chcesz podzieli&#263; si&#281; swoimi przemy&#347;leniami, jeste&#347;my tutaj, aby s&#322;ucha&#263; i pomaga&#263;.\nTw&oacute;j wk&#322;ad jest nieoceniony w pomaganiu nam w dalszym dostarczaniu najlepszych mo&#380;liwych tre&#347;ci i us&#322;ug.  <\/p>\n\n\n\n<h2 class=\"gb-headline gb-headline-792308d3 gb-headline-text\"><strong>Skontaktuj si&#281; z nami<\/strong><\/h2>\n\n\n\n<p>Zach&#281;camy do skontaktowania si&#281; z nami za pomoc&#261; poni&#380;szego formularza kontaktowego.\nWpisz swoje dane i wiadomo&#347;&#263;, a jeden z cz&#322;onk&oacute;w naszego zespo&#322;u skontaktuje si&#281; z Tob&#261; tak szybko, jak to mo&#380;liwe.\nStaramy si&#281; odpowiada&#263; na wszystkie zapytania w ci&#261;gu 48 godzin.  <\/p>\n\n\n\n<h2 class=\"gb-headline gb-headline-c38728fa gb-headline-text\"><strong>Alternatywne opcje kontaktu<\/strong><\/h2>\n\n\n\n<p>Je&#347;li wolisz, mo&#380;esz r&oacute;wnie&#380; skontaktowa&#263; si&#281; z nami w nast&#281;puj&#261;cy spos&oacute;b:<\/p>\n\n\n\n<ul class=\"wp-block-list\">\n<li><strong>E-mail:<\/strong> <a href=\"mailto:info@esacademic.com\">info@esacademic.com<\/a><\/li>\n\n\n\n<li><strong>Nasz adres:<\/strong> C. DE ELOY GONZALO, 27, CHAMBER&Iacute;, 28010 MADRID<\/li>\n<\/ul>\n\n\n\n<h2 class=\"gb-headline gb-headline-5615f003 gb-headline-text\"><strong>&#346;led&#378; nas pod adresem<\/strong><\/h2>\n\n\n\n<p>B&#261;d&#378; na bie&#380;&#261;co z ACADEMIC.\n&#346;led&#378; nas na naszych kana&#322;ach spo&#322;eczno&#347;ciowych, aby uzyska&#263; najnowsze aktualizacje, spostrze&#380;enia i interaktywne tre&#347;ci. <\/p>\n\n\n\n<p>Z niecierpliwo&#347;ci&#261; czekamy na wiadomo&#347;&#263; od Ciebie i jeste&#347;my tutaj, aby pom&oacute;c Ci w przypadku jakichkolwiek pyta&#324;.\nDzi&#281;kujemy za wybranie ACADEMIC jako &#378;r&oacute;d&#322;a wsparcia biznesowego i finansowego. <\/p>\n\n<\/div>\n<\/div>\n","protected":false},"excerpt":{"rendered":"<p>W ACADEMIC zawsze ch&#281;tnie s&#322;uchamy opinii u&#380;ytkownik&oacute;w. Niezale&#380;nie od tego, czy masz pytanie, komentarz, czy po prostu chcesz podzieli&#263; si&#281; swoimi przemy&#347;leniami, jeste&#347;my tutaj, aby s&#322;ucha&#263; i pomaga&#263;. Tw&oacute;j wk&#322;ad jest nieoceniony w pomaganiu nam w dalszym dostarczaniu najlepszych mo&#380;liwych tre&#347;ci i us&#322;ug. Skontaktuj si&#281; z nami Zach&#281;camy do skontaktowania si&#281; z nami za pomoc&#261; &#8230; <a title=\"Kontakt\" class=\"read-more\" href=\"https:\/\/esacademic.com\/pl\/contact\/\" aria-label=\"Dowiedz si\u0119 wi\u0119cej o Kontakt\">Dowiedz si\u0119 wi\u0119cej<\/a><\/p>\n","protected":false},"author":1,"featured_media":0,"parent":0,"menu_order":0,"comment_status":"closed","ping_status":"closed","template":"","meta":{"footnotes":""},"class_list":["post-19040","page","type-page","status-publish"],"rank_math_title":"Kontakt z naszym zespo\u0142em: \u017ar\u00f3d\u0142o wiadomo\u015bci, pomocy i wsparcia w zakresie kryptowalut","rank_math_description":"Prosimy o kontakt w przypadku jakichkolwiek pyta\u0144, komentarzy lub sugestii.\nNasz zesp\u00f3\u0142 jest gotowy do pomocy.\nOdwied\u017a nasz\u0105 stron\u0119 Kontakt, aby uzyska\u0107 wszystkie szczeg\u00f3\u0142y potrzebne do po\u0142\u0105czenia si\u0119 z naszymi ekspertami od wiadomo\u015bci kryptowalutowych.  ","rank_math_focus_keyword":"","_links":{"self":[{"href":"https:\/\/esacademic.com\/pl\/wp-json\/wp\/v2\/pages\/19040","targetHints":{"allow":["GET"]}}],"collection":[{"href":"https:\/\/esacademic.com\/pl\/wp-json\/wp\/v2\/pages"}],"about":[{"href":"https:\/\/esacademic.com\/pl\/wp-json\/wp\/v2\/types\/page"}],"author":[{"embeddable":true,"href":"https:\/\/esacademic.com\/pl\/wp-json\/wp\/v2\/users\/1"}],"replies":[{"embeddable":true,"href":"https:\/\/esacademic.com\/pl\/wp-json\/wp\/v2\/comments?post=19040"}],"version-history":[{"count":1,"href":"https:\/\/esacademic.com\/pl\/wp-json\/wp\/v2\/pages\/19040\/revisions"}],"predecessor-version":[{"id":19042,"href":"https:\/\/esacademic.com\/pl\/wp-json\/wp\/v2\/pages\/19040\/revisions\/19042"}],"wp:attachment":[{"href":"https:\/\/esacademic.com\/pl\/wp-json\/wp\/v2\/media?parent=19040"}],"curies":[{"name":"wp","href":"https:\/\/api.w.org\/{rel}","templated":true}]}}