{"id":20714,"date":"2025-01-02T17:23:56","date_gmt":"2025-01-02T17:23:56","guid":{"rendered":"https:\/\/esacademic.com\/opinie\/"},"modified":"2025-01-02T17:35:36","modified_gmt":"2025-01-02T17:35:36","slug":"opiniones","status":"publish","type":"page","link":"https:\/\/esacademic.com\/pl\/opiniones\/","title":{"rendered":"Opinie"},"content":{"rendered":"<?xml encoding=\"UTF-8\"><div class=\"gb-container gb-container-6e5f1950\">\n<div class=\"gb-container gb-container-3fbb5157\">\n\n<h1 class=\"gb-headline gb-headline-347b396d gb-headline-text\">Odkryj najlepsze platformy handlowe, rozwi&#261;zania kryptograficzne i zautomatyzowane boty<\/h1>\n\n\n\n<p>Szukasz niezawodnych narz&#281;dzi handlowych? Trafi&#322;e&#347; we w&#322;a&#347;ciwe miejsce. Tutaj znajdziesz &#322;atwe do zrozumienia recenzje platform handlowych, gie&#322;d kryptowalut i automatycznych robot&oacute;w handlowych. Upro&#347;cili&#347;my szczeg&oacute;&#322;y, aby wszystko by&#322;o &#322;atwe do zrozumienia. Nie wiesz od czego zacz&#261;&#263;? Zapoznaj si&#281; z naszymi zasobami, aby znale&#378;&#263; to, co odpowiada Twojemu stylowi handlu i celom. Niezale&#380;nie od tego, czy jeste&#347; pocz&#261;tkuj&#261;cym, czy do&#347;wiadczonym traderem, mamy co&#347; dla Ciebie. Nasze dog&#322;&#281;bne badania oszcz&#281;dzaj&#261; czas i wysi&#322;ek &ndash; gotowy, aby poprawi&#263; swoje do&#347;wiadczenie handlowe, zanurz si&#281; i zacznijmy!         <\/p>\n\n\n\n<div class=\"gb-grid-wrapper gb-grid-wrapper-afc1adbe gb-query-loop-wrapper\">\n<div class=\"gb-grid-column gb-grid-column-f4ed5d77 gb-query-loop-item post-27320 opiniones type-opiniones status-publish format-standard has-post-thumbnail hentry gblocks_pattern_collections-local-patterns\"><div class=\"gb-container gb-container-f4ed5d77\">\n<figure class=\"gb-block-image gb-block-image-8273ce78\"><img loading=\"lazy\" decoding=\"async\" width=\"400\" height=\"224\" src=\"https:\/\/esacademic.com\/wp-content\/uploads\/2025\/03\/Mobile-Trading-Scene2.jpg\" class=\"gb-image-8273ce78\" alt=\"Trading Urbano Nocturno\" srcset=\"https:\/\/esacademic.com\/wp-content\/uploads\/2025\/03\/Mobile-Trading-Scene2.jpg 400w, https:\/\/esacademic.com\/wp-content\/uploads\/2025\/03\/Mobile-Trading-Scene2-300x168.jpg 300w\" sizes=\"auto, (max-width: 400px) 100vw, 400px\" title=\"\"><\/figure>\n\n<h2 class=\"gb-headline gb-headline-19cab21c gb-headline-text\"><a href=\"https:\/\/esacademic.com\/pl\/opiniones\/ethereum-cormax-app\/\">Wzmocnienie handlu dzi&#281;ki K00411: Innowacja na styku sztucznej inteligencji i oblicze&#324; kwantowych<\/a><\/h2>\n\n<div class=\"gb-container gb-container-0315061b\">\n<p class=\"gb-headline gb-headline-92eaf1ff gb-headline-text\"><time class=\"entry-date published\" datetime=\"2025-05-28T07:54:05+00:00\">28 maja, 2025<\/time><\/p>\n\n<p class=\"gb-headline gb-headline-39d42002 gb-headline-text\">Hannibal Rodriguez<\/p>\n<\/div>\n\n<div class=\"gb-headline gb-headline-0b0aea70 gb-headline-text\">Jako analityk finansowy z ponad dziesi&#281;cioletnim do&#347;wiadczeniem w zakresie dynamiki rynku i posiadacz tytu&#322;u CFA, przedstawiam Pa&#324;stwu dog&#322;&#281;bn&#261; analiz&#281; transformacyjnego wp&#322;ywu dokumentu K00411 na nowoczesne inwestowanie. <\/div>\n<\/div><\/div>\n\n<div class=\"gb-grid-column gb-grid-column-f4ed5d77 gb-query-loop-item post-27324 opiniones type-opiniones status-publish format-standard has-post-thumbnail hentry gblocks_pattern_collections-local-patterns\"><div class=\"gb-container gb-container-f4ed5d77\">\n<figure class=\"gb-block-image gb-block-image-8273ce78\"><img loading=\"lazy\" decoding=\"async\" width=\"400\" height=\"224\" src=\"https:\/\/esacademic.com\/wp-content\/uploads\/2025\/03\/Mobile-Trading-Scene1.jpg\" class=\"gb-image-8273ce78\" alt=\"Trading Digital en Rojo\" srcset=\"https:\/\/esacademic.com\/wp-content\/uploads\/2025\/03\/Mobile-Trading-Scene1.jpg 400w, https:\/\/esacademic.com\/wp-content\/uploads\/2025\/03\/Mobile-Trading-Scene1-300x168.jpg 300w\" sizes=\"auto, (max-width: 400px) 100vw, 400px\" title=\"\"><\/figure>\n\n<h2 class=\"gb-headline gb-headline-19cab21c gb-headline-text\"><a href=\"https:\/\/esacademic.com\/pl\/opiniones\/ethereum-cormax-review\/\">Eksploracja K00410: Rewolucja w zautomatyzowanym handlu<\/a><\/h2>\n\n<div class=\"gb-container gb-container-0315061b\">\n<p class=\"gb-headline gb-headline-92eaf1ff gb-headline-text\"><time class=\"entry-date published\" datetime=\"2025-05-28T07:49:46+00:00\">28 maja, 2025<\/time><\/p>\n\n<p class=\"gb-headline gb-headline-39d42002 gb-headline-text\">John Milla Cano<\/p>\n<\/div>\n\n<div class=\"gb-headline gb-headline-0b0aea70 gb-headline-text\">Jako do&#347;wiadczony analityk finansowy z ponad dziesi&#281;cioletnim do&#347;wiadczeniem w zakresie strategii inwestycyjnych i tytu&#322;em magistra w zakresie zarz&#261;dzania finansami, dysponuj&#281; szerok&#261; wiedz&#261;, kt&oacute;ra u&#322;atwia mi poruszanie si&#281; w ci&#261;gle zmieniaj&#261;cym si&#281; &#347;wiecie finans&oacute;w cyfrowych. <\/div>\n<\/div><\/div>\n\n<div class=\"gb-grid-column gb-grid-column-f4ed5d77 gb-query-loop-item post-27328 opiniones type-opiniones status-publish format-standard has-post-thumbnail hentry gblocks_pattern_collections-local-patterns\"><div class=\"gb-container gb-container-f4ed5d77\">\n<figure class=\"gb-block-image gb-block-image-8273ce78\"><img loading=\"lazy\" decoding=\"async\" width=\"400\" height=\"150\" src=\"https:\/\/esacademic.com\/wp-content\/uploads\/2025\/03\/Trading-Desk-View1.jpg\" class=\"gb-image-8273ce78\" alt=\"Trading M&oacute;vil en Oscuro\" srcset=\"https:\/\/esacademic.com\/wp-content\/uploads\/2025\/03\/Trading-Desk-View1.jpg 400w, https:\/\/esacademic.com\/wp-content\/uploads\/2025\/03\/Trading-Desk-View1-300x113.jpg 300w\" sizes=\"auto, (max-width: 400px) 100vw, 400px\" title=\"\"><\/figure>\n\n<h2 class=\"gb-headline gb-headline-19cab21c gb-headline-text\"><a href=\"https:\/\/esacademic.com\/pl\/opiniones\/ethereum-cormax\/\">Eksploracja K00409: Innowacje i wyzwania w handlu kryptowalutami<\/a><\/h2>\n\n<div class=\"gb-container gb-container-0315061b\">\n<p class=\"gb-headline gb-headline-92eaf1ff gb-headline-text\"><time class=\"entry-date published\" datetime=\"2025-05-28T07:43:49+00:00\">28 maja, 2025<\/time><\/p>\n\n<p class=\"gb-headline gb-headline-39d42002 gb-headline-text\">esacademic<\/p>\n<\/div>\n\n<div class=\"gb-headline gb-headline-0b0aea70 gb-headline-text\">Jako analityk finansowy z ponad dziesi&#281;cioletnim do&#347;wiadczeniem i tytu&#322;em magistra finans&oacute;w, oferuj&#281; swoj&#261; wiedz&#281; na temat K00409, platformy, kt&oacute;ra robi furor&#281; dzi&#281;ki swoim mo&#380;liwo&#347;ciom robo-handlowym opartym na sztucznej inteligencji. <\/div>\n<\/div><\/div>\n\n<div class=\"gb-grid-column gb-grid-column-f4ed5d77 gb-query-loop-item post-27267 opiniones type-opiniones status-publish format-standard has-post-thumbnail hentry gblocks_pattern_collections-local-patterns\"><div class=\"gb-container gb-container-f4ed5d77\">\n<figure class=\"gb-block-image gb-block-image-8273ce78\"><img loading=\"lazy\" decoding=\"async\" width=\"400\" height=\"224\" src=\"https:\/\/esacademic.com\/wp-content\/uploads\/2025\/03\/Online-Tranding10.jpg\" class=\"gb-image-8273ce78\" alt=\"Trading M&oacute;vil al Atardecer\" srcset=\"https:\/\/esacademic.com\/wp-content\/uploads\/2025\/03\/Online-Tranding10.jpg 400w, https:\/\/esacademic.com\/wp-content\/uploads\/2025\/03\/Online-Tranding10-300x168.jpg 300w\" sizes=\"auto, (max-width: 400px) 100vw, 400px\" title=\"\"><\/figure>\n\n<h2 class=\"gb-headline gb-headline-19cab21c gb-headline-text\"><a href=\"https:\/\/esacademic.com\/pl\/opiniones\/chain-adipex-xp\/\">K00405: Innowacje i adopcja instytucjonalna w erze tokenizacji<\/a><\/h2>\n\n<div class=\"gb-container gb-container-0315061b\">\n<p class=\"gb-headline gb-headline-92eaf1ff gb-headline-text\"><time class=\"entry-date published\" datetime=\"2025-05-27T09:23:51+00:00\">27 maja, 2025<\/time><\/p>\n\n<p class=\"gb-headline gb-headline-39d42002 gb-headline-text\">John Milla Cano<\/p>\n<\/div>\n\n<div class=\"gb-headline gb-headline-0b0aea70 gb-headline-text\">Jako do&#347;wiadczony analityk finansowy z ponad dziesi&#281;cioletnim do&#347;wiadczeniem na rynkach kryptowalut i posiadaczem tytu&#322;u MBA w zakresie finans&oacute;w, przedstawiam Pa&#324;stwu rzeteln&#261; analiz&#281; aktualizacji K00405 na 2025 r., popart&#261; spostrze&#380;eniami ekspert&oacute;w bran&#380;owych i wskaz&oacute;wkami regulacyjnymi. <\/div>\n<\/div><\/div>\n\n<div class=\"gb-grid-column gb-grid-column-f4ed5d77 gb-query-loop-item post-27240 opiniones type-opiniones status-publish format-standard has-post-thumbnail hentry gblocks_pattern_collections-local-patterns\"><div class=\"gb-container gb-container-f4ed5d77\">\n<figure class=\"gb-block-image gb-block-image-8273ce78\"><img loading=\"lazy\" decoding=\"async\" width=\"400\" height=\"224\" src=\"https:\/\/esacademic.com\/wp-content\/uploads\/2025\/03\/Online-Tranding8.jpg\" class=\"gb-image-8273ce78\" alt=\"Elegante Display de Trading\" srcset=\"https:\/\/esacademic.com\/wp-content\/uploads\/2025\/03\/Online-Tranding8.jpg 400w, https:\/\/esacademic.com\/wp-content\/uploads\/2025\/03\/Online-Tranding8-300x168.jpg 300w\" sizes=\"auto, (max-width: 400px) 100vw, 400px\" title=\"\"><\/figure>\n\n<h2 class=\"gb-headline gb-headline-19cab21c gb-headline-text\"><a href=\"https:\/\/esacademic.com\/pl\/opiniones\/instant-akpro-app\/\">Eksploracja K00403: Innowacje i bezpiecze&#324;stwo w handlu automatycznym<\/a><\/h2>\n\n<div class=\"gb-container gb-container-0315061b\">\n<p class=\"gb-headline gb-headline-92eaf1ff gb-headline-text\"><time class=\"entry-date published\" datetime=\"2025-05-20T08:23:32+00:00\">20 maja, 2025<\/time><\/p>\n\n<p class=\"gb-headline gb-headline-39d42002 gb-headline-text\">John Milla Cano<\/p>\n<\/div>\n\n<div class=\"gb-headline gb-headline-0b0aea70 gb-headline-text\">Jako do&#347;wiadczony analityk finansowy z ponad dziesi&#281;cioletnim do&#347;wiadczeniem w bran&#380;y inwestycyjnej i tytu&#322;em CFA, jestem tutaj, aby zag&#322;&#281;bi&#263; si&#281; w intryguj&#261;cy &#347;wiat K00403 w roku 2025. <\/div>\n<\/div><\/div>\n\n<div class=\"gb-grid-column gb-grid-column-f4ed5d77 gb-query-loop-item post-27236 opiniones type-opiniones status-publish format-standard has-post-thumbnail hentry gblocks_pattern_collections-local-patterns\"><div class=\"gb-container gb-container-f4ed5d77\">\n<figure class=\"gb-block-image gb-block-image-8273ce78\"><img loading=\"lazy\" decoding=\"async\" width=\"400\" height=\"224\" src=\"https:\/\/esacademic.com\/wp-content\/uploads\/2025\/03\/Online-Tranding7.jpg\" class=\"gb-image-8273ce78\" alt=\"Consulta de Trading Exterior\" srcset=\"https:\/\/esacademic.com\/wp-content\/uploads\/2025\/03\/Online-Tranding7.jpg 400w, https:\/\/esacademic.com\/wp-content\/uploads\/2025\/03\/Online-Tranding7-300x168.jpg 300w\" sizes=\"auto, (max-width: 400px) 100vw, 400px\" title=\"\"><\/figure>\n\n<h2 class=\"gb-headline gb-headline-19cab21c gb-headline-text\"><a href=\"https:\/\/esacademic.com\/pl\/opiniones\/instant-akpro-review\/\">Eksploracja K00402: Innowacje i bezpiecze&#324;stwo w handlu kryptowalutami<\/a><\/h2>\n\n<div class=\"gb-container gb-container-0315061b\">\n<p class=\"gb-headline gb-headline-92eaf1ff gb-headline-text\"><time class=\"entry-date published\" datetime=\"2025-05-20T08:17:43+00:00\">20 maja, 2025<\/time><\/p>\n\n<p class=\"gb-headline gb-headline-39d42002 gb-headline-text\">Hannibal Rodriguez<\/p>\n<\/div>\n\n<div class=\"gb-headline gb-headline-0b0aea70 gb-headline-text\">Jako analityk finansowy z ponad dziesi&#281;cioletnim do&#347;wiadczeniem w badaniach rynku i strategiach inwestycyjnych, oferuj&#281; krytyczn&#261; analiz&#281; K00402 w roku 2025. <\/div>\n<\/div><\/div>\n\n<div class=\"gb-grid-column gb-grid-column-f4ed5d77 gb-query-loop-item post-27232 opiniones type-opiniones status-publish format-standard has-post-thumbnail hentry gblocks_pattern_collections-local-patterns\"><div class=\"gb-container gb-container-f4ed5d77\">\n<figure class=\"gb-block-image gb-block-image-8273ce78\"><img loading=\"lazy\" decoding=\"async\" width=\"400\" height=\"224\" src=\"https:\/\/esacademic.com\/wp-content\/uploads\/2025\/03\/Online-Tranding6.jpg\" class=\"gb-image-8273ce78\" alt=\"Trading Urbano Nocturno\" srcset=\"https:\/\/esacademic.com\/wp-content\/uploads\/2025\/03\/Online-Tranding6.jpg 400w, https:\/\/esacademic.com\/wp-content\/uploads\/2025\/03\/Online-Tranding6-300x168.jpg 300w\" sizes=\"auto, (max-width: 400px) 100vw, 400px\" title=\"\"><\/figure>\n\n<h2 class=\"gb-headline gb-headline-19cab21c gb-headline-text\"><a href=\"https:\/\/esacademic.com\/pl\/opiniones\/instant-akpro\/\">Eksploracja K00401: Rewolucja w dziedzinie oblicze&#324; kwantowych w zautomatyzowanym handlu<\/a><\/h2>\n\n<div class=\"gb-container gb-container-0315061b\">\n<p class=\"gb-headline gb-headline-92eaf1ff gb-headline-text\"><time class=\"entry-date published\" datetime=\"2025-05-20T08:11:58+00:00\">20 maja, 2025<\/time><\/p>\n\n<p class=\"gb-headline gb-headline-39d42002 gb-headline-text\">John Milla Cano<\/p>\n<\/div>\n\n<div class=\"gb-headline gb-headline-0b0aea70 gb-headline-text\">Witamy na naszym blogu po&#347;wi&#281;conym finansom, gdzie wykorzystujemy nasze wieloletnie bogate do&#347;wiadczenie i badania finansowe, aby zapewni&#263; Ci najbardziej wiarygodne informacje na temat ci&#261;gle zmieniaj&#261;cego si&#281; &#347;wiata inwestycji.<\/div>\n<\/div><\/div>\n\n<div class=\"gb-grid-column gb-grid-column-f4ed5d77 gb-query-loop-item post-27228 opiniones type-opiniones status-publish format-standard has-post-thumbnail hentry gblocks_pattern_collections-local-patterns\"><div class=\"gb-container gb-container-f4ed5d77\">\n<figure class=\"gb-block-image gb-block-image-8273ce78\"><img loading=\"lazy\" decoding=\"async\" width=\"400\" height=\"224\" src=\"https:\/\/esacademic.com\/wp-content\/uploads\/2025\/03\/Smartphone-showing-trading-data2.jpg\" class=\"gb-image-8273ce78\" alt=\"Trading con Luces de Ciudad\" srcset=\"https:\/\/esacademic.com\/wp-content\/uploads\/2025\/03\/Smartphone-showing-trading-data2.jpg 400w, https:\/\/esacademic.com\/wp-content\/uploads\/2025\/03\/Smartphone-showing-trading-data2-300x168.jpg 300w\" sizes=\"auto, (max-width: 400px) 100vw, 400px\" title=\"\"><\/figure>\n\n<h2 class=\"gb-headline gb-headline-19cab21c gb-headline-text\"><a href=\"https:\/\/esacademic.com\/pl\/opiniones\/energy-proair-app\/\">K00400: Rewolucja w handlu w 2025 roku dzi&#281;ki zaawansowanej technologii i bezpiecze&#324;stwu<\/a><\/h2>\n\n<div class=\"gb-container gb-container-0315061b\">\n<p class=\"gb-headline gb-headline-92eaf1ff gb-headline-text\"><time class=\"entry-date published\" datetime=\"2025-05-20T08:04:52+00:00\">20 maja, 2025<\/time><\/p>\n\n<p class=\"gb-headline gb-headline-39d42002 gb-headline-text\">John Milla Cano<\/p>\n<\/div>\n\n<div class=\"gb-headline gb-headline-0b0aea70 gb-headline-text\">Jako do&#347;wiadczony analityk finansowy z ponad dziesi&#281;cioletnim do&#347;wiadczeniem w bran&#380;y fintech i tytu&#322;em magistra w dziedzinie finans&oacute;w, przedstawiam dog&#322;&#281;bn&#261; analiz&#281; platformy transakcyjnej K00400 w 2025 roku, w erze, w kt&oacute;rej platformy transakcyjne s&#261; tak powszechne jak kawiarnie.<\/div>\n<\/div><\/div>\n\n<div class=\"gb-grid-column gb-grid-column-f4ed5d77 gb-query-loop-item post-27224 opiniones type-opiniones status-publish format-standard has-post-thumbnail hentry gblocks_pattern_collections-local-patterns\"><div class=\"gb-container gb-container-f4ed5d77\">\n<figure class=\"gb-block-image gb-block-image-8273ce78\"><img loading=\"lazy\" decoding=\"async\" width=\"400\" height=\"224\" src=\"https:\/\/esacademic.com\/wp-content\/uploads\/2025\/03\/Smartphone-showing-trading-data1.jpg\" class=\"gb-image-8273ce78\" alt=\"Trading Nocturno en Smartphone\" srcset=\"https:\/\/esacademic.com\/wp-content\/uploads\/2025\/03\/Smartphone-showing-trading-data1.jpg 400w, https:\/\/esacademic.com\/wp-content\/uploads\/2025\/03\/Smartphone-showing-trading-data1-300x168.jpg 300w\" sizes=\"auto, (max-width: 400px) 100vw, 400px\" title=\"\"><\/figure>\n\n<h2 class=\"gb-headline gb-headline-19cab21c gb-headline-text\"><a href=\"https:\/\/esacademic.com\/pl\/opiniones\/energy-proair-review\/\">K00399 Ods&#322;oni&#281;te: Prawda i ryzyko zwi&#261;zane z handlem kryptowalutami i rop&#261;<\/a><\/h2>\n\n<div class=\"gb-container gb-container-0315061b\">\n<p class=\"gb-headline gb-headline-92eaf1ff gb-headline-text\"><time class=\"entry-date published\" datetime=\"2025-05-20T07:58:18+00:00\">20 maja, 2025<\/time><\/p>\n\n<p class=\"gb-headline gb-headline-39d42002 gb-headline-text\">Hannibal Rodriguez<\/p>\n<\/div>\n\n<div class=\"gb-headline gb-headline-0b0aea70 gb-headline-text\">Jako do&#347;wiadczony analityk finansowy z ponad dziesi&#281;cioletnim do&#347;wiadczeniem w zakresie strategii inwestycyjnych i finans&oacute;w osobistych, staram si&#281; dostarcza&#263; poparte opiniami ekspert&oacute;w spostrze&#380;enia i praktyczne porady. <\/div>\n<\/div><\/div>\n\n<div class=\"gb-grid-column gb-grid-column-f4ed5d77 gb-query-loop-item post-27220 opiniones type-opiniones status-publish format-standard has-post-thumbnail hentry gblocks_pattern_collections-local-patterns\"><div class=\"gb-container gb-container-f4ed5d77\">\n<figure class=\"gb-block-image gb-block-image-8273ce78\"><img loading=\"lazy\" decoding=\"async\" width=\"400\" height=\"224\" src=\"https:\/\/esacademic.com\/wp-content\/uploads\/2025\/03\/Online-Tranding34.jpg\" class=\"gb-image-8273ce78\" alt=\"Smartphone con Trading Oscuro\" srcset=\"https:\/\/esacademic.com\/wp-content\/uploads\/2025\/03\/Online-Tranding34.jpg 400w, https:\/\/esacademic.com\/wp-content\/uploads\/2025\/03\/Online-Tranding34-300x168.jpg 300w\" sizes=\"auto, (max-width: 400px) 100vw, 400px\" title=\"\"><\/figure>\n\n<h2 class=\"gb-headline gb-headline-19cab21c gb-headline-text\"><a href=\"https:\/\/esacademic.com\/pl\/opiniones\/energy-proair\/\">K00398 Pe&#322;na recenzja: Odkryj rzeczywisto&#347;&#263; stoj&#261;c&#261; za handlem AI<\/a><\/h2>\n\n<div class=\"gb-container gb-container-0315061b\">\n<p class=\"gb-headline gb-headline-92eaf1ff gb-headline-text\"><time class=\"entry-date published\" datetime=\"2025-05-20T07:54:25+00:00\">20 maja, 2025<\/time><\/p>\n\n<p class=\"gb-headline gb-headline-39d42002 gb-headline-text\">John Milla Cano<\/p>\n<\/div>\n\n<div class=\"gb-headline gb-headline-0b0aea70 gb-headline-text\">Jako do&#347;wiadczony analityk finansowy z ponad dziesi&#281;cioletnim do&#347;wiadczeniem i tytu&#322;em magistra finans&oacute;w, dok&#322;adam wszelkich stara&#324;, aby dostarcza&#263; Ci rzetelnie zbadanych, popartych opiniami ekspert&oacute;w spostrze&#380;e&#324; na temat szybko zmieniaj&#261;cego si&#281; krajobrazu technologii handlowych.<\/div>\n<\/div><\/div>\n<\/div>\n\n<div class=\"gb-container gb-container-521ca76b gb-query-loop-pagination\">\n\n\n<span class=\"gb-button gb-button-5a7bc490 gb-button-text page-numbers gb-block-is-current\" aria-current=\"page\">1<\/span><a class=\"gb-button gb-button-5a7bc490 gb-button-text page-numbers\" href=\"?query-454e84c8-page=2\">2<\/a><a class=\"gb-button gb-button-5a7bc490 gb-button-text page-numbers\" href=\"?query-454e84c8-page=3\">3<\/a><span class=\"gb-button gb-button-5a7bc490 gb-button-text page-numbers dots\">&hellip;<\/span><a class=\"gb-button gb-button-5a7bc490 gb-button-text page-numbers\" href=\"?query-454e84c8-page=36\">36<\/a>\n\n<a class=\"gb-button gb-button-aee549c2 gb-button-text\" href=\"\/pl\/wp-json\/wp\/v2\/pages\/20714?query-454e84c8-page=2\">Nast&#281;pny<\/a>\n<\/div>\n\n<\/div>\n<\/div>\n","protected":false},"excerpt":{"rendered":"<p>Odkryj najlepsze platformy handlowe, rozwi&#261;zania kryptograficzne i zautomatyzowane boty Szukasz niezawodnych narz&#281;dzi handlowych? Trafi&#322;e&#347; we w&#322;a&#347;ciwe miejsce. Tutaj znajdziesz &#322;atwe do zrozumienia recenzje platform handlowych, gie&#322;d kryptowalut i automatycznych robot&oacute;w handlowych. Upro&#347;cili&#347;my szczeg&oacute;&#322;y, aby wszystko by&#322;o &#322;atwe do zrozumienia. Nie wiesz od czego zacz&#261;&#263;? Zapoznaj si&#281; z naszymi zasobami, aby znale&#378;&#263; to, co odpowiada Twojemu &#8230; <a title=\"Opinie\" class=\"read-more\" href=\"https:\/\/esacademic.com\/pl\/opiniones\/\" aria-label=\"Dowiedz si\u0119 wi\u0119cej o Opinie\">Dowiedz si\u0119 wi\u0119cej<\/a><\/p>\n","protected":false},"author":1,"featured_media":0,"parent":0,"menu_order":0,"comment_status":"closed","ping_status":"closed","template":"","meta":{"footnotes":""},"class_list":["post-20714","page","type-page","status-publish"],"rank_math_title":"Bezstronne recenzje platform handlowych, narz\u0119dzi kryptowalutowych i bot\u00f3w","rank_math_description":"Zapoznaj si\u0119 ze szczeg\u00f3\u0142owymi recenzjami wiod\u0105cych platform handlowych, narz\u0119dzi kryptowalutowych i robot\u00f3w handlowych. Znajd\u017a idealne rozwi\u0105zania, aby bez obaw ulepszy\u0107 swoj\u0105 strategi\u0119 handlow\u0105. ","rank_math_focus_keyword":"platformy transakcyjne","_links":{"self":[{"href":"https:\/\/esacademic.com\/pl\/wp-json\/wp\/v2\/pages\/20714","targetHints":{"allow":["GET"]}}],"collection":[{"href":"https:\/\/esacademic.com\/pl\/wp-json\/wp\/v2\/pages"}],"about":[{"href":"https:\/\/esacademic.com\/pl\/wp-json\/wp\/v2\/types\/page"}],"author":[{"embeddable":true,"href":"https:\/\/esacademic.com\/pl\/wp-json\/wp\/v2\/users\/1"}],"replies":[{"embeddable":true,"href":"https:\/\/esacademic.com\/pl\/wp-json\/wp\/v2\/comments?post=20714"}],"version-history":[{"count":1,"href":"https:\/\/esacademic.com\/pl\/wp-json\/wp\/v2\/pages\/20714\/revisions"}],"predecessor-version":[{"id":20715,"href":"https:\/\/esacademic.com\/pl\/wp-json\/wp\/v2\/pages\/20714\/revisions\/20715"}],"wp:attachment":[{"href":"https:\/\/esacademic.com\/pl\/wp-json\/wp\/v2\/media?parent=20714"}],"curies":[{"name":"wp","href":"https:\/\/api.w.org\/{rel}","templated":true}]}}