{"id":9170,"date":"2022-10-27T22:21:18","date_gmt":"2022-10-27T22:21:18","guid":{"rendered":"https:\/\/esacademic.com\/strona-glowna\/"},"modified":"2024-12-11T08:32:46","modified_gmt":"2024-12-11T08:32:46","slug":"home","status":"publish","type":"page","link":"https:\/\/esacademic.com\/pl\/","title":{"rendered":"Strona g\u0142\u00f3wna"},"content":{"rendered":"<?xml encoding=\"UTF-8\"><div class=\"gb-container gb-container-37ba1468\">\n<div class=\"gb-container gb-container-727cddca\">\n\n<h1 class=\"gb-headline gb-headline-9b722a34 gb-headline-text\">Nowy w handlu?<\/h1>\n\n\n\n<p class=\"has-text-align-center\">Kompleksowe zasoby, wiadomo&#347;ci i materia&#322;y edukacyjne dla trader&oacute;w na wszystkich poziomach, od pocz&#261;tkuj&#261;cych do zaawansowanych.<\/p>\n\n\n<form role=\"search\" method=\"get\" action=\"https:\/\/esacademic.com\/pl\/\" class=\"wp-block-search__button-inside wp-block-search__icon-button aligncenter wp-block-search\"><label class=\"wp-block-search__label screen-reader-text\" for=\"wp-block-search__input-1\">Wyszukiwanie<\/label><div class=\"wp-block-search__inside-wrapper\" style=\"width: 75%\"><input class=\"wp-block-search__input\" id=\"wp-block-search__input-1\" placeholder=\"Wyszukiwanie w Esacademic\" value=\"\" type=\"search\" name=\"s\" required><button aria-label=\"Wyszukiwanie\" class=\"wp-block-search__button has-icon wp-element-button\" type=\"submit\"><svg class=\"search-icon\" viewbox=\"0 0 24 24\" width=\"24\" height=\"24\">\n\t\t\t\t\t<path d=\"M13 5c-3.3 0-6 2.7-6 6 0 1.4.5 2.7 1.3 3.7l-3.8 3.8 1.1 1.1 3.8-3.8c1 .8 2.3 1.3 3.7 1.3 3.3 0 6-2.7 6-6S16.3 5 13 5zm0 10.5c-2.5 0-4.5-2-4.5-4.5s2-4.5 4.5-4.5 4.5 2 4.5 4.5-2 4.5-4.5 4.5z\"><\/path>\n\t\t\t\t<\/svg><\/button><\/div><\/form>\n<\/div>\n<\/div><div class=\"gb-container gb-container-442b69a1\">\n<div class=\"gb-container gb-container-e0468671\">\n\n<h2 class=\"gb-headline gb-headline-baa8d299 gb-headline-text\">Inwestowanie: przewodnik dla pocz&#261;tkuj&#261;cych i zaawansowanych inwestor&oacute;w<\/h2>\n\n\n\n<p>Odk&#261;d rozpocz&#281;&#322;a si&#281; pandemia COVID-19, coraz wi&#281;cej os&oacute;b zaczyna my&#347;le&#263; o pieni&#261;dzach i inwestowaniu. Zdaj&#261; sobie spraw&#281;, &#380;e wiedza o pieni&#261;dzach i sposobach inwestowania jest wa&#380;na dla bezpiecznej przysz&#322;o&#347;ci. Niezale&#380;nie od tego, czy dopiero zaczynasz uczy&#263; si&#281; handlu, czy robisz to od d&#322;u&#380;szego czasu, zrozumienie obecnego rynku mo&#380;e pom&oacute;c w podejmowaniu lepszych decyzji.  <\/p>\n\n\n\n<p>Je&#347;li jeste&#347; nowy w handlu, na pocz&#261;tku mo&#380;e to by&#263; myl&#261;ce, ale warto zna&#263; pewne podstawy. Na przyk&#322;ad akcje oznaczaj&#261;, &#380;e jeste&#347; w&#322;a&#347;cicielem cz&#281;&#347;ci firmy, podczas gdy obligacje to po&#380;yczki udzielane firmom lub rz&#261;dom, kt&oacute;re sp&#322;acasz wraz z odsetkami. Fundusze ETF (exchange-traded funds) s&#261; jak koszyki zawieraj&#261;ce r&oacute;&#380;ne akcje lub obligacje, daj&#261;c ci mieszank&#281; inwestycji jednocze&#347;nie.  <\/p>\n\n\n\n<p>Dobrze jest r&oacute;wnie&#380; rozumie&#263; podstawowe poj&#281;cia finansowe. Oznacza to wiedz&#281; o tym, jak dzia&#322;aj&#261; rynki i jak odczytywa&#263; podstawowe informacje na ich temat. Nawet je&#347;li jeste&#347; nowy, mo&#380;esz zacz&#261;&#263; obserwowa&#263; trendy rynkowe, aby zobaczy&#263;, jak ceny rosn&#261; i spadaj&#261;. Dzi&#281;ki temu b&#281;dziesz wiedzie&#263;, kiedy kupowa&#263; lub sprzedawa&#263;.   <\/p>\n\n\n\n<p>Je&#347;li handlujesz ju&#380; od jakiego&#347; czasu, mo&#380;esz korzysta&#263; z bardziej zaawansowanych technik. Na przyk&#322;ad, mo&#380;esz spojrze&#263; na przesz&#322;e ruchy cen, aby przeanalizowa&#263;, co mo&#380;e si&#281; wydarzy&#263; w przysz&#322;o&#347;ci. Nazywa si&#281; to analiz&#261; techniczn&#261; i wielu trader&oacute;w korzysta z niej, aby zdecydowa&#263;, kiedy zawrze&#263; transakcj&#281;.  <\/p>\n\n\n\n<p>W ostatnich latach rynek bardzo si&#281; zmieni&#322; i wielu trader&oacute;w zacz&#281;&#322;o stosowa&#263; r&oacute;&#380;ne strategie. Na przyk&#322;ad, wi&#281;cej os&oacute;b kupuje obecnie z&#322;oto i metale szlachetne w celu ochrony przed inflacj&#261; i zmienno&#347;ci&#261; rynku, poniewa&#380; cz&#281;sto dzia&#322;aj&#261; one jako bezpieczne przystanie. Fundusze ETF, kontrakty futures i inne instrumenty finansowe, kt&oacute;re &#347;ledz&#261; cen&#281; z&#322;ota, srebra i innych metali szlachetnych, oferuj&#261; &#322;atwiejszy spos&oacute;b na uzyskanie ekspozycji bez fizycznego posiadania metali.  <\/p>\n\n\n\n<p>Rosn&#261;ca inflacja sk&#322;oni&#322;a wiele os&oacute;b do ponownego przemy&#347;lenia swoich finans&oacute;w. Wiele os&oacute;b, kt&oacute;re wcze&#347;niej nie inwestowa&#322;y, rozwa&#380;a teraz akcje, obligacje, kryptowaluty i inne sposoby na powi&#281;kszenie swojego maj&#261;tku. Coraz wi&#281;cej os&oacute;b korzysta r&oacute;wnie&#380; z platform internetowych do inwestowania i handlu, co u&#322;atwia wszystkim uczestnictwo.  <\/p>\n\n\n\n<p>Niezale&#380;nie od tego, czy dopiero zaczynasz, czy handlujesz od lat, zawsze jest co&#347;, czego mo&#380;esz si&#281; nauczy&#263;. B&#281;d&#261;c na bie&#380;&#261;co z wydarzeniami na rynku, mo&#380;esz podejmowa&#263; m&#261;drzejsze decyzje. W dzisiejszym &#347;wiecie inwestowanie to nie tylko zarabianie pieni&#281;dzy &ndash; to tak&#380;e utrzymywanie silnej pozycji w obliczu zmian.  <\/p>\n\n<\/div>\n<\/div><div class=\"gb-container gb-container-415ba6a5\">\n<div class=\"gb-container gb-container-897da5cb\">\n\n<blockquote class=\"wp-block-quote is-style-default is-layout-flow wp-block-quote-is-layout-flow\">\n<p><strong>&bdquo;Inwestycja w wiedz&#281; jest najlepiej oprocentowana<\/strong>&bdquo;. <br>&ndash; Benjamin Franklin<\/p>\n<\/blockquote>\n\n<\/div>\n<\/div><div class=\"gb-container gb-container-387554b1\">\n<div class=\"gb-container gb-container-ed5e97b7\">\n\n<h2 class=\"gb-headline gb-headline-fdfecace gb-headline-text\">Najnowsze recenzje platform<\/h2>\n\n\n\n<div class=\"gb-grid-wrapper gb-grid-wrapper-543c5156 horiz-scroll gb-query-loop-wrapper\"><\/div>\n\n<\/div>\n<\/div><div class=\"gb-container gb-container-2744c6b2\">\n<div class=\"gb-container gb-container-3b81a4a1\">\n<p><!-- TradingView Widget BEGIN --><\/p>\n<div class=\"tradingview-widget-container\">\n<div class=\"tradingview-widget-container__widget\"><\/div>\n<p>  <script type=\"text\/javascript\" src=\"https:\/\/s3.tradingview.com\/external-embedding\/embed-widget-events.js\" async>\n  {\n  \"width\": \"100%\",\n  \"height\": \"400\",\n  \"colorTheme\": \"light\",\n  \"isTransparent\": false,\n  \"locale\": \"en\",\n  \"importanceFilter\": \"-1,0,1\",\n  \"countryFilter\": \"ar,au,br,ca,cn,fr,de,in,id,it,jp,kr,mx,ru,sa,za,tr,gb,us,eu\"\n}\n  <\/script>\n<\/p><\/div>\n<p><!-- TradingView Widget END --><\/p>\n\n<\/div>\n<\/div><div class=\"gb-container gb-container-f128c317\">\n<div class=\"gb-container gb-container-aca134aa\">\n\n<h2 class=\"gb-headline gb-headline-8d4f90c4 gb-headline-text\">Jak sztuczna inteligencja pomaga wszystkim rodzajom trader&oacute;w kryptowalut?<\/h2>\n\n\n\n<p>Handel kryptowalutami to nie tylko inwestowanie pieni&#281;dzy i liczenie na najlepsze. Chodzi o pr&oacute;b&#281; zrozumienia tego, co dzieje si&#281; na rynku i zastanowienia si&#281;, co mo&#380;e si&#281; wydarzy&#263; w przysz&#322;o&#347;ci. W&#322;a&#347;nie dlatego ludzie zaczynaj&#261; korzysta&#263; ze sztucznej inteligencji. Narz&#281;dzia te analizuj&#261; to, co wydarzy&#322;o si&#281; wcze&#347;niej i daj&#261; lepsze wyobra&#380;enie o tym, co mo&#380;e si&#281; wydarzy&#263;. S&#261; one przydatne zar&oacute;wno dla tych, kt&oacute;rzy dopiero zaczynaj&#261;, jak i dla tych, kt&oacute;rzy handluj&#261; ju&#380; od jakiego&#347; czasu.   <\/p>\n\n\n\n<p>Handel sta&#322; si&#281; do&#347;&#263; skomplikowany. Jest tak wiele rzeczy do &#347;ledzenia, &#380;e czasami mo&#380;e si&#281; to wydawa&#263; niemo&#380;liwe. Sztuczna inteligencja pomaga, pokazuj&#261;c wzorce i informuj&#261;c, kiedy mo&#380;e by&#263; dobry czas na dzia&#322;anie, a kiedy po prostu poczeka&#263;. Nie ma znaczenia, czy jeste&#347; nowy, czy do&#347;wiadczony. Mo&#380;e to zaoszcz&#281;dzi&#263; wiele stresu i pom&oacute;c unikn&#261;&#263; b&#322;&#281;d&oacute;w.    <\/p>\n\n\n\n<p>Sztuczna inteligencja nie jest magi&#261; i nie b&#281;dzie dzia&#322;a&#263; za Ciebie, ale u&#322;atwia prac&#281; i czyni j&#261; mniej zagmatwan&#261;. Nie chodzi o zast&#261;pienie u&#380;ytkownika, ale o zapewnienie mu narz&#281;dzi do podejmowania lepszych decyzji. Je&#347;li lubisz handlowa&#263; kryptowalutami, sztuczna inteligencja szybko staje si&#281; naprawd&#281; przydatna. Chodzi o to, by by&#263; inteligentnym i mie&#263; wszystko pod kontrol&#261;.   <\/p>\n\n<\/div>\n<\/div>\n","protected":false},"excerpt":{"rendered":"<p>Nowy w handlu? Kompleksowe zasoby, wiadomo&#347;ci i materia&#322;y edukacyjne dla trader&oacute;w na wszystkich poziomach, od pocz&#261;tkuj&#261;cych do zaawansowanych. Inwestowanie: przewodnik dla pocz&#261;tkuj&#261;cych i zaawansowanych inwestor&oacute;w Odk&#261;d rozpocz&#281;&#322;a si&#281; pandemia COVID-19, coraz wi&#281;cej os&oacute;b zaczyna my&#347;le&#263; o pieni&#261;dzach i inwestowaniu. Zdaj&#261; sobie spraw&#281;, &#380;e wiedza o pieni&#261;dzach i sposobach inwestowania jest wa&#380;na dla bezpiecznej przysz&#322;o&#347;ci. Niezale&#380;nie &#8230; <a title=\"Strona g\u0142\u00f3wna\" class=\"read-more\" href=\"https:\/\/esacademic.com\/pl\/\" aria-label=\"Dowiedz si\u0119 wi\u0119cej o Strona g\u0142\u00f3wna\">Dowiedz si\u0119 wi\u0119cej<\/a><\/p>\n","protected":false},"author":1,"featured_media":0,"parent":0,"menu_order":0,"comment_status":"closed","ping_status":"closed","template":"","meta":{"footnotes":""},"class_list":["post-9170","page","type-page","status-publish"],"rank_math_title":"Esacademic - zasoby i wiadomo\u015bci dla trader\u00f3w na wszystkich poziomach zaawansowania","rank_math_description":"Odkryj Esacademic, aby zapozna\u0107 si\u0119 z kompleksowymi zasobami, wiadomo\u015bciami i materia\u0142ami edukacyjnymi przeznaczonymi dla trader\u00f3w na wszystkich poziomach, od pocz\u0105tkuj\u0105cych po zaawansowanych profesjonalist\u00f3w.","rank_math_focus_keyword":"Esacademic","_links":{"self":[{"href":"https:\/\/esacademic.com\/pl\/wp-json\/wp\/v2\/pages\/9170","targetHints":{"allow":["GET"]}}],"collection":[{"href":"https:\/\/esacademic.com\/pl\/wp-json\/wp\/v2\/pages"}],"about":[{"href":"https:\/\/esacademic.com\/pl\/wp-json\/wp\/v2\/types\/page"}],"author":[{"embeddable":true,"href":"https:\/\/esacademic.com\/pl\/wp-json\/wp\/v2\/users\/1"}],"replies":[{"embeddable":true,"href":"https:\/\/esacademic.com\/pl\/wp-json\/wp\/v2\/comments?post=9170"}],"version-history":[{"count":4,"href":"https:\/\/esacademic.com\/pl\/wp-json\/wp\/v2\/pages\/9170\/revisions"}],"predecessor-version":[{"id":20291,"href":"https:\/\/esacademic.com\/pl\/wp-json\/wp\/v2\/pages\/9170\/revisions\/20291"}],"wp:attachment":[{"href":"https:\/\/esacademic.com\/pl\/wp-json\/wp\/v2\/media?parent=9170"}],"curies":[{"name":"wp","href":"https:\/\/api.w.org\/{rel}","templated":true}]}}