{"id":19013,"date":"2022-11-08T18:30:39","date_gmt":"2022-11-08T18:30:39","guid":{"rendered":"https:\/\/esacademic.com\/sobre-voce\/"},"modified":"2025-05-27T14:51:58","modified_gmt":"2025-05-27T14:51:58","slug":"about","status":"publish","type":"page","link":"https:\/\/esacademic.com\/pt-br\/about\/","title":{"rendered":"Sobre n\u00f3s"},"content":{"rendered":"<?xml encoding=\"UTF-8\"><div class=\"gb-container gb-container-95434aeb\">\n<div class=\"gb-container gb-container-f1f18e98\">\n\n<p><em>ACAD&Ecirc;MICO: Seu parceiro de confian&ccedil;a para promover a autonomia e o progresso dos neg&oacute;cios<\/em> .<\/p>\n\n\n\n<p>Desde sua cria&ccedil;&atilde;o em 2011, a ACADEMIC defende o conceito de criar seu pr&oacute;prio caminho para o sucesso, assumindo riscos ponderados e garantindo que todos tenham a oportunidade de transformar suas aspira&ccedil;&otilde;es em realiza&ccedil;&otilde;es. Nossa plataforma &eacute; dedicada a fornecer orienta&ccedil;&atilde;o pr&aacute;tica e aprofundada, al&eacute;m de conhecimento profissional para aqueles que desejam melhorar seus ativos financeiros e empreendimentos comerciais.<\/p>\n\n\n\n<p>Seja para o investidor experiente, o empreendedor emergente ou qualquer pessoa interessada em dominar o mundo din&acirc;mico dos neg&oacute;cios, nosso objetivo &eacute; apoiar e orientar voc&ecirc; em seu caminho para o sucesso.<\/p>\n\n\n\n<figure class=\"gb-block-image gb-block-image-1e335a16\"><img loading=\"lazy\" decoding=\"async\" width=\"300\" height=\"300\" class=\"gb-image gb-image-1e335a16\" src=\"https:\/\/esacademic.com\/wp-content\/uploads\/2024\/01\/Academic-logo-400x400-1-300x300.png\" alt=\"Academic logo 400x400\" title=\"Logotipo acad&ecirc;mico 400x400\"><\/figure>\n\n\n\n<h2 class=\"gb-headline gb-headline-e8485f28 gb-headline-text\">Nossa miss&atilde;o<\/h2>\n\n\n\n<h3 class=\"gb-headline gb-headline-349d2762 gb-headline-text\">Empoderamento:<\/h3>\n\n\n\n<p class=\"gb-headline gb-headline-9637f459 gb-headline-text\">No cerne do nosso esp&iacute;rito est&aacute; a firme convic&ccedil;&atilde;o de que todos podem alcan&ccedil;ar sucesso financeiro e desenvolvimento empresarial, independentemente da sua origem. N&oacute;s inspiramos as pessoas a assumirem o controle de seu futuro financeiro, tomarem decis&otilde;es informadas e aproveitarem oportunidades.<\/p>\n\n\n\n<h3 class=\"gb-headline gb-headline-fcac6548 gb-headline-text\">Educa&ccedil;&atilde;o:<\/h3>\n\n\n\n<p>Acreditamos que a ilumina&ccedil;&atilde;o &eacute; a base para concretizar o potencial. Comprometidos em fornecer conte&uacute;do direto, pr&aacute;tico e sem jarg&otilde;es, informamos nossos leitores sobre uma variedade de t&oacute;picos, desde t&eacute;cnicas de investimento e ferramentas de negocia&ccedil;&atilde;o at&eacute; as &uacute;ltimas atualiza&ccedil;&otilde;es do setor. Nosso material foi criado para simplificar conceitos financeiros complexos para uso pr&aacute;tico.<\/p>\n\n\n\n<h3 class=\"gb-headline gb-headline-b8a5b8d3 gb-headline-text\">Inova&ccedil;&atilde;o:<\/h3>\n\n\n\n<p>No atual ambiente de neg&oacute;cios em r&aacute;pida evolu&ccedil;&atilde;o, o progresso depende de inova&ccedil;&atilde;o e flexibilidade. Defendemos o aprendizado e a descoberta cont&iacute;nuos, apresentando os &uacute;ltimos insights, tend&ecirc;ncias e ideias inovadoras para inspirar nossa comunidade a abra&ccedil;ar a mudan&ccedil;a.<\/p>\n\n\n\n<h3 class=\"gb-headline gb-headline-fee21c28 gb-headline-text\">Nossa integridade editorial<\/h3>\n\n\n\n<p>Seguimos o princ&iacute;pio de imparcialidade em nosso conte&uacute;do, garantindo que nosso p&uacute;blico tenha acesso a informa&ccedil;&otilde;es justas e equilibradas. Nossa equipe de especialistas se dedica a fornecer orienta&ccedil;&atilde;o precisa, confi&aacute;vel e transparente, ajudando voc&ecirc; a tomar decis&otilde;es informadas.<\/p>\n\n\n\n<h3 class=\"gb-headline gb-headline-14baf2e2 gb-headline-text\">A experi&ecirc;ncia ACAD&Ecirc;MICA<\/h3>\n\n\n\n<p>Nossa plataforma &eacute; voltada para aqueles que desejam maximizar seu potencial financeiro, desde aspirantes a empreendedores apaixonados pelo sucesso e sem treinamento formal em neg&oacute;cios at&eacute; empres&aacute;rios experientes que buscam ideias inovadoras. Atendemos indiv&iacute;duos empreendedores que trilharam seu caminho por meio de muito esfor&ccedil;o e determina&ccedil;&atilde;o.<\/p>\n\n\n\n<h2 class=\"gb-headline gb-headline-c85e0dea gb-headline-text\">Nossa vantagem distintiva:<\/h2>\n\n\n\n<p>Escopo abrangente: Nosso conte&uacute;do abrange um amplo espectro, abrangendo t&eacute;cnicas tradicionais de investimento e crescimento empresarial, bem como o que h&aacute; de mais recente em criptomoedas e investimentos alternativos, oferecendo uma vis&atilde;o hol&iacute;stica do mundo dos neg&oacute;cios.<\/p>\n\n\n\n<p>Conte&uacute;do acess&iacute;vel: evitamos terminologia financeira complicada, garantindo que nosso conte&uacute;do seja simples e compreens&iacute;vel para todos, permitindo que leitores de diversas origens se beneficiem e apliquem esse conhecimento.<\/p>\n\n\n\n<p>Orienta&ccedil;&atilde;o pr&aacute;tica: Mais do que teoria, oferecemos conselhos pragm&aacute;ticos para aplica&ccedil;&atilde;o imediata em suas estrat&eacute;gias de investimento e neg&oacute;cios, com o objetivo de fornecer as ferramentas necess&aacute;rias para o sucesso que voc&ecirc; deseja.<\/p>\n\n\n\n<h3 class=\"gb-headline gb-headline-fc45b939 gb-headline-text\">Junte-se ao ACAD&Ecirc;MICO<\/h3>\n\n\n\n<p>Seja voc&ecirc; um empreendedor veterano ou esteja apenas come&ccedil;ando, o ACADEMIC &eacute; sua principal fonte de motiva&ccedil;&atilde;o, conhecimento e capacita&ccedil;&atilde;o. Fa&ccedil;a parte do nosso crescente c&iacute;rculo de indiv&iacute;duos autossuficientes comprometidos em aumentar seu patrim&ocirc;nio e empreendimentos comerciais.<\/p>\n\n<\/div>\n<\/div>\n","protected":false},"excerpt":{"rendered":"<p>ACAD&Ecirc;MICO: Seu parceiro de confian&ccedil;a para promover a autonomia e o progresso dos neg&oacute;cios . Desde sua cria&ccedil;&atilde;o em 2011, a ACADEMIC defende o conceito de criar seu pr&oacute;prio caminho para o sucesso, assumindo riscos ponderados e garantindo que todos tenham a oportunidade de transformar suas aspira&ccedil;&otilde;es em realiza&ccedil;&otilde;es. Nossa plataforma &eacute; dedicada a fornecer &#8230; <a title=\"Sobre n\u00f3s\" class=\"read-more\" href=\"https:\/\/esacademic.com\/pt-br\/about\/\" aria-label=\"Read more about Sobre n\u00f3s\">Ler mais<\/a><\/p>\n","protected":false},"author":1,"featured_media":0,"parent":0,"menu_order":0,"comment_status":"closed","ping_status":"closed","template":"","meta":{"footnotes":""},"class_list":["post-19013","page","type-page","status-publish"],"rank_math_title":"Sobre n\u00f3s: Conhe\u00e7a a equipe por tr\u00e1s da principal fonte de not\u00edcias sobre criptomoedas","rank_math_description":"Saiba mais sobre nossa miss\u00e3o, vis\u00e3o e a equipe experiente por tr\u00e1s do nosso site l\u00edder de not\u00edcias sobre criptomoedas. Descubra nossa jornada e compromisso em fornecer as informa\u00e7\u00f5es mais precisas e oportunas sobre o mundo das criptomoedas.","rank_math_focus_keyword":"","_links":{"self":[{"href":"https:\/\/esacademic.com\/pt-br\/wp-json\/wp\/v2\/pages\/19013","targetHints":{"allow":["GET"]}}],"collection":[{"href":"https:\/\/esacademic.com\/pt-br\/wp-json\/wp\/v2\/pages"}],"about":[{"href":"https:\/\/esacademic.com\/pt-br\/wp-json\/wp\/v2\/types\/page"}],"author":[{"embeddable":true,"href":"https:\/\/esacademic.com\/pt-br\/wp-json\/wp\/v2\/users\/1"}],"replies":[{"embeddable":true,"href":"https:\/\/esacademic.com\/pt-br\/wp-json\/wp\/v2\/comments?post=19013"}],"version-history":[{"count":3,"href":"https:\/\/esacademic.com\/pt-br\/wp-json\/wp\/v2\/pages\/19013\/revisions"}],"predecessor-version":[{"id":27302,"href":"https:\/\/esacademic.com\/pt-br\/wp-json\/wp\/v2\/pages\/19013\/revisions\/27302"}],"wp:attachment":[{"href":"https:\/\/esacademic.com\/pt-br\/wp-json\/wp\/v2\/media?parent=19013"}],"curies":[{"name":"wp","href":"https:\/\/api.w.org\/{rel}","templated":true}]}}