{"id":19035,"date":"2022-11-08T18:29:37","date_gmt":"2022-11-08T18:29:37","guid":{"rendered":"https:\/\/esacademic.com\/contato\/"},"modified":"2024-10-02T10:15:26","modified_gmt":"2024-10-02T10:15:26","slug":"contact","status":"publish","type":"page","link":"https:\/\/esacademic.com\/pt-br\/contact\/","title":{"rendered":"Contato"},"content":{"rendered":"<?xml encoding=\"UTF-8\"><div class=\"gb-container gb-container-6cb71469\">\n<div class=\"gb-container gb-container-1fca5493\">\n\n<p>Na ACADEMIC, estamos sempre ansiosos para ouvir voc&ecirc;.\nSe voc&ecirc; tiver uma pergunta, um coment&aacute;rio ou apenas quiser compartilhar suas ideias, estamos aqui para ouvir e ajudar.\nSua opini&atilde;o &eacute; inestim&aacute;vel para nos ajudar a continuar a fornecer o melhor conte&uacute;do e servi&ccedil;os poss&iacute;veis.  <\/p>\n\n\n\n<h2 class=\"gb-headline gb-headline-792308d3 gb-headline-text\"><strong>Entre em contato conosco<\/strong><\/h2>\n\n\n\n<p>Sinta-se &agrave; vontade para entrar em contato conosco usando o formul&aacute;rio de contato abaixo.\nPreencha seus dados e sua mensagem, e um dos membros da nossa equipe entrar&aacute; em contato com voc&ecirc; o mais r&aacute;pido poss&iacute;vel.\nN&oacute;s nos esfor&ccedil;amos para responder a todas as perguntas dentro de 48 horas.  <\/p>\n\n\n\n<h2 class=\"gb-headline gb-headline-c38728fa gb-headline-text\"><strong>Op&ccedil;&otilde;es alternativas de contato<\/strong><\/h2>\n\n\n\n<p>Se preferir, voc&ecirc; tamb&eacute;m pode entrar em contato conosco pelos seguintes meios:<\/p>\n\n\n\n<ul class=\"wp-block-list\">\n<li><strong>Por e-mail:<\/strong> <a href=\"mailto:info@esacademic.com\">info@esacademic.com<\/a><\/li>\n\n\n\n<li><strong>Nosso endere&ccedil;o:<\/strong> C. DE ELOY GONZALO, 27, CHAMBER&Iacute;, 28010 MADRID<\/li>\n<\/ul>\n\n\n\n<h2 class=\"gb-headline gb-headline-5615f003 gb-headline-text\"><strong>Siga-nos em<\/strong><\/h2>\n\n\n\n<p>Mantenha-se conectado com a ACADEMIC.\nSiga-nos em nossos canais de m&iacute;dia social para obter as &uacute;ltimas atualiza&ccedil;&otilde;es, insights e conte&uacute;do interativo. <\/p>\n\n\n\n<p>Aguardamos seu contato e estamos &agrave; disposi&ccedil;&atilde;o para ajud&aacute;-lo com qualquer d&uacute;vida que voc&ecirc; possa ter.\nObrigado por escolher a ACADEMIC como sua fonte de capacita&ccedil;&atilde;o comercial e financeira. <\/p>\n\n<\/div>\n<\/div>\n","protected":false},"excerpt":{"rendered":"<p>Na ACADEMIC, estamos sempre ansiosos para ouvir voc&ecirc;. Se voc&ecirc; tiver uma pergunta, um coment&aacute;rio ou apenas quiser compartilhar suas ideias, estamos aqui para ouvir e ajudar. Sua opini&atilde;o &eacute; inestim&aacute;vel para nos ajudar a continuar a fornecer o melhor conte&uacute;do e servi&ccedil;os poss&iacute;veis. Entre em contato conosco Sinta-se &agrave; vontade para entrar em contato &#8230; <a title=\"Contato\" class=\"read-more\" href=\"https:\/\/esacademic.com\/pt-br\/contact\/\" aria-label=\"Read more about Contato\">Ler mais<\/a><\/p>\n","protected":false},"author":1,"featured_media":0,"parent":0,"menu_order":0,"comment_status":"closed","ping_status":"closed","template":"","meta":{"footnotes":""},"class_list":["post-19035","page","type-page","status-publish"],"rank_math_title":"Entre em contato com nossa equipe: sua fonte de not\u00edcias, ajuda e suporte sobre criptomoedas","rank_math_description":"Entre em contato conosco em caso de d\u00favidas, coment\u00e1rios ou sugest\u00f5es.\nNossa equipe est\u00e1 pronta para ajudar voc\u00ea.\nVisite nossa p\u00e1gina Fale conosco para obter todos os detalhes de que voc\u00ea precisa para se conectar com nossos especialistas em not\u00edcias sobre criptomoedas.  ","rank_math_focus_keyword":"","_links":{"self":[{"href":"https:\/\/esacademic.com\/pt-br\/wp-json\/wp\/v2\/pages\/19035","targetHints":{"allow":["GET"]}}],"collection":[{"href":"https:\/\/esacademic.com\/pt-br\/wp-json\/wp\/v2\/pages"}],"about":[{"href":"https:\/\/esacademic.com\/pt-br\/wp-json\/wp\/v2\/types\/page"}],"author":[{"embeddable":true,"href":"https:\/\/esacademic.com\/pt-br\/wp-json\/wp\/v2\/users\/1"}],"replies":[{"embeddable":true,"href":"https:\/\/esacademic.com\/pt-br\/wp-json\/wp\/v2\/comments?post=19035"}],"version-history":[{"count":1,"href":"https:\/\/esacademic.com\/pt-br\/wp-json\/wp\/v2\/pages\/19035\/revisions"}],"predecessor-version":[{"id":19039,"href":"https:\/\/esacademic.com\/pt-br\/wp-json\/wp\/v2\/pages\/19035\/revisions\/19039"}],"wp:attachment":[{"href":"https:\/\/esacademic.com\/pt-br\/wp-json\/wp\/v2\/media?parent=19035"}],"curies":[{"name":"wp","href":"https:\/\/api.w.org\/{rel}","templated":true}]}}