{"id":20712,"date":"2025-01-02T17:23:56","date_gmt":"2025-01-02T17:23:56","guid":{"rendered":"https:\/\/esacademic.com\/opinioes\/"},"modified":"2025-01-02T17:35:36","modified_gmt":"2025-01-02T17:35:36","slug":"opiniones","status":"publish","type":"page","link":"https:\/\/esacademic.com\/pt-br\/opiniones\/","title":{"rendered":"Opini\u00f5es"},"content":{"rendered":"<?xml encoding=\"UTF-8\"><div class=\"gb-container gb-container-6e5f1950\">\n<div class=\"gb-container gb-container-3fbb5157\">\n\n<h1 class=\"gb-headline gb-headline-347b396d gb-headline-text\">Descubra as melhores plataformas de negocia&ccedil;&atilde;o, solu&ccedil;&otilde;es criptogr&aacute;ficas e bots automatizados<\/h1>\n\n\n\n<p>Voc&ecirc; est&aacute; procurando ferramentas de negocia&ccedil;&atilde;o confi&aacute;veis? Voc&ecirc; veio ao lugar certo. Aqui voc&ecirc; encontrar&aacute; an&aacute;lises f&aacute;ceis de entender sobre plataformas de negocia&ccedil;&atilde;o, bolsas de criptomoedas e rob&ocirc;s de negocia&ccedil;&atilde;o automatizados. Simplificamos os detalhes para facilitar a compreens&atilde;o de tudo. Voc&ecirc; n&atilde;o sabe por onde come&ccedil;ar? Explore nossos recursos para encontrar o que melhor se adapta ao seu estilo e objetivos de negocia&ccedil;&atilde;o. Seja voc&ecirc; um iniciante ou um operador experiente, temos algo para voc&ecirc;. Nossa pesquisa aprofundada economiza tempo e esfor&ccedil;o para voc&ecirc; &ndash; pronto para aprimorar sua experi&ecirc;ncia de negocia&ccedil;&atilde;o, mergulhe de cabe&ccedil;a e vamos come&ccedil;ar!         <\/p>\n\n\n\n<div class=\"gb-grid-wrapper gb-grid-wrapper-afc1adbe gb-query-loop-wrapper\">\n<div class=\"gb-grid-column gb-grid-column-f4ed5d77 gb-query-loop-item post-27321 opiniones type-opiniones status-publish format-standard has-post-thumbnail hentry gblocks_pattern_collections-local-patterns\"><div class=\"gb-container gb-container-f4ed5d77\">\n<figure class=\"gb-block-image gb-block-image-8273ce78\"><img loading=\"lazy\" decoding=\"async\" width=\"400\" height=\"224\" src=\"https:\/\/esacademic.com\/wp-content\/uploads\/2025\/03\/Mobile-Trading-Scene2.jpg\" class=\"gb-image-8273ce78\" alt=\"Trading Urbano Nocturno\" srcset=\"https:\/\/esacademic.com\/wp-content\/uploads\/2025\/03\/Mobile-Trading-Scene2.jpg 400w, https:\/\/esacademic.com\/wp-content\/uploads\/2025\/03\/Mobile-Trading-Scene2-300x168.jpg 300w\" sizes=\"auto, (max-width: 400px) 100vw, 400px\" title=\"\"><\/figure>\n\n<h2 class=\"gb-headline gb-headline-19cab21c gb-headline-text\"><a href=\"https:\/\/esacademic.com\/pt-br\/opiniones\/ethereum-cormax-app\/\">Potencializando a negocia&ccedil;&atilde;o com K00411: Inova&ccedil;&atilde;o na intersec&ccedil;&atilde;o entre IA e computa&ccedil;&atilde;o qu&acirc;ntica<\/a><\/h2>\n\n<div class=\"gb-container gb-container-0315061b\">\n<p class=\"gb-headline gb-headline-92eaf1ff gb-headline-text\"><time class=\"entry-date published\" datetime=\"2025-05-28T07:54:05+00:00\">maio 28, 2025<\/time><\/p>\n\n<p class=\"gb-headline gb-headline-39d42002 gb-headline-text\">Hannibal Rodriguez<\/p>\n<\/div>\n\n<div class=\"gb-headline gb-headline-0b0aea70 gb-headline-text\">Como analista financeiro com mais de uma d&eacute;cada de experi&ecirc;ncia em din&acirc;mica de mercado e detentor do certificado CFA, trago a voc&ecirc; uma explora&ccedil;&atilde;o aprofundada do impacto transformador do K00411 no investimento moderno. <\/div>\n<\/div><\/div>\n\n<div class=\"gb-grid-column gb-grid-column-f4ed5d77 gb-query-loop-item post-27325 opiniones type-opiniones status-publish format-standard has-post-thumbnail hentry gblocks_pattern_collections-local-patterns\"><div class=\"gb-container gb-container-f4ed5d77\">\n<figure class=\"gb-block-image gb-block-image-8273ce78\"><img loading=\"lazy\" decoding=\"async\" width=\"400\" height=\"224\" src=\"https:\/\/esacademic.com\/wp-content\/uploads\/2025\/03\/Mobile-Trading-Scene1.jpg\" class=\"gb-image-8273ce78\" alt=\"Trading Digital en Rojo\" srcset=\"https:\/\/esacademic.com\/wp-content\/uploads\/2025\/03\/Mobile-Trading-Scene1.jpg 400w, https:\/\/esacademic.com\/wp-content\/uploads\/2025\/03\/Mobile-Trading-Scene1-300x168.jpg 300w\" sizes=\"auto, (max-width: 400px) 100vw, 400px\" title=\"\"><\/figure>\n\n<h2 class=\"gb-headline gb-headline-19cab21c gb-headline-text\"><a href=\"https:\/\/esacademic.com\/pt-br\/opiniones\/ethereum-cormax-review\/\">Explorando K00410: Revolu&ccedil;&atilde;o na Negocia&ccedil;&atilde;o Automatizada<\/a><\/h2>\n\n<div class=\"gb-container gb-container-0315061b\">\n<p class=\"gb-headline gb-headline-92eaf1ff gb-headline-text\"><time class=\"entry-date published\" datetime=\"2025-05-28T07:49:46+00:00\">maio 28, 2025<\/time><\/p>\n\n<p class=\"gb-headline gb-headline-39d42002 gb-headline-text\">John Milla Cano<\/p>\n<\/div>\n\n<div class=\"gb-headline gb-headline-0b0aea70 gb-headline-text\">Como analista financeiro experiente, com mais de uma d&eacute;cada de experi&ecirc;ncia em estrat&eacute;gias de investimento e mestrado em Gest&atilde;o Financeira, trago amplo conhecimento para navegar no mundo em constante evolu&ccedil;&atilde;o das finan&ccedil;as digitais. <\/div>\n<\/div><\/div>\n\n<div class=\"gb-grid-column gb-grid-column-f4ed5d77 gb-query-loop-item post-27329 opiniones type-opiniones status-publish format-standard has-post-thumbnail hentry gblocks_pattern_collections-local-patterns\"><div class=\"gb-container gb-container-f4ed5d77\">\n<figure class=\"gb-block-image gb-block-image-8273ce78\"><img loading=\"lazy\" decoding=\"async\" width=\"400\" height=\"150\" src=\"https:\/\/esacademic.com\/wp-content\/uploads\/2025\/03\/Trading-Desk-View1.jpg\" class=\"gb-image-8273ce78\" alt=\"Trading M&oacute;vil en Oscuro\" srcset=\"https:\/\/esacademic.com\/wp-content\/uploads\/2025\/03\/Trading-Desk-View1.jpg 400w, https:\/\/esacademic.com\/wp-content\/uploads\/2025\/03\/Trading-Desk-View1-300x113.jpg 300w\" sizes=\"auto, (max-width: 400px) 100vw, 400px\" title=\"\"><\/figure>\n\n<h2 class=\"gb-headline gb-headline-19cab21c gb-headline-text\"><a href=\"https:\/\/esacademic.com\/pt-br\/opiniones\/ethereum-cormax\/\">Explorando K00409: Inova&ccedil;&atilde;o e Desafios na Negocia&ccedil;&atilde;o de Criptomoedas<\/a><\/h2>\n\n<div class=\"gb-container gb-container-0315061b\">\n<p class=\"gb-headline gb-headline-92eaf1ff gb-headline-text\"><time class=\"entry-date published\" datetime=\"2025-05-28T07:43:49+00:00\">maio 28, 2025<\/time><\/p>\n\n<p class=\"gb-headline gb-headline-39d42002 gb-headline-text\">esacademic<\/p>\n<\/div>\n\n<div class=\"gb-headline gb-headline-0b0aea70 gb-headline-text\">Como analista financeiro com mais de uma d&eacute;cada de experi&ecirc;ncia e mestrado em Finan&ccedil;as, ofere&ccedil;o insights sobre o K00409, uma plataforma que est&aacute; causando impacto com seus recursos de negocia&ccedil;&atilde;o rob&oacute;tica com tecnologia de IA. <\/div>\n<\/div><\/div>\n\n<div class=\"gb-grid-column gb-grid-column-f4ed5d77 gb-query-loop-item post-27241 opiniones type-opiniones status-publish format-standard has-post-thumbnail hentry gblocks_pattern_collections-local-patterns\"><div class=\"gb-container gb-container-f4ed5d77\">\n<figure class=\"gb-block-image gb-block-image-8273ce78\"><img loading=\"lazy\" decoding=\"async\" width=\"400\" height=\"224\" src=\"https:\/\/esacademic.com\/wp-content\/uploads\/2025\/03\/Online-Tranding8.jpg\" class=\"gb-image-8273ce78\" alt=\"Elegante Display de Trading\" srcset=\"https:\/\/esacademic.com\/wp-content\/uploads\/2025\/03\/Online-Tranding8.jpg 400w, https:\/\/esacademic.com\/wp-content\/uploads\/2025\/03\/Online-Tranding8-300x168.jpg 300w\" sizes=\"auto, (max-width: 400px) 100vw, 400px\" title=\"\"><\/figure>\n\n<h2 class=\"gb-headline gb-headline-19cab21c gb-headline-text\"><a href=\"https:\/\/esacademic.com\/pt-br\/opiniones\/instant-akpro-app\/\">Explorando K00403: Inova&ccedil;&atilde;o e Seguran&ccedil;a em Negocia&ccedil;&atilde;o Automatizada<\/a><\/h2>\n\n<div class=\"gb-container gb-container-0315061b\">\n<p class=\"gb-headline gb-headline-92eaf1ff gb-headline-text\"><time class=\"entry-date published\" datetime=\"2025-05-20T08:23:32+00:00\">maio 20, 2025<\/time><\/p>\n\n<p class=\"gb-headline gb-headline-39d42002 gb-headline-text\">John Milla Cano<\/p>\n<\/div>\n\n<div class=\"gb-headline gb-headline-0b0aea70 gb-headline-text\">Como analista financeiro experiente com mais de uma d&eacute;cada de experi&ecirc;ncia no setor de investimentos e uma designa&ccedil;&atilde;o CFA, estou aqui para mergulhar no mundo intrigante do K00403 em 2025. <\/div>\n<\/div><\/div>\n\n<div class=\"gb-grid-column gb-grid-column-f4ed5d77 gb-query-loop-item post-27237 opiniones type-opiniones status-publish format-standard has-post-thumbnail hentry gblocks_pattern_collections-local-patterns\"><div class=\"gb-container gb-container-f4ed5d77\">\n<figure class=\"gb-block-image gb-block-image-8273ce78\"><img loading=\"lazy\" decoding=\"async\" width=\"400\" height=\"224\" src=\"https:\/\/esacademic.com\/wp-content\/uploads\/2025\/03\/Online-Tranding7.jpg\" class=\"gb-image-8273ce78\" alt=\"Consulta de Trading Exterior\" srcset=\"https:\/\/esacademic.com\/wp-content\/uploads\/2025\/03\/Online-Tranding7.jpg 400w, https:\/\/esacademic.com\/wp-content\/uploads\/2025\/03\/Online-Tranding7-300x168.jpg 300w\" sizes=\"auto, (max-width: 400px) 100vw, 400px\" title=\"\"><\/figure>\n\n<h2 class=\"gb-headline gb-headline-19cab21c gb-headline-text\"><a href=\"https:\/\/esacademic.com\/pt-br\/opiniones\/instant-akpro-review\/\">Explorando K00402: Inova&ccedil;&atilde;o e Seguran&ccedil;a na Negocia&ccedil;&atilde;o de Criptomoedas<\/a><\/h2>\n\n<div class=\"gb-container gb-container-0315061b\">\n<p class=\"gb-headline gb-headline-92eaf1ff gb-headline-text\"><time class=\"entry-date published\" datetime=\"2025-05-20T08:17:43+00:00\">maio 20, 2025<\/time><\/p>\n\n<p class=\"gb-headline gb-headline-39d42002 gb-headline-text\">Hannibal Rodriguez<\/p>\n<\/div>\n\n<div class=\"gb-headline gb-headline-0b0aea70 gb-headline-text\">Como analista financeiro com mais de uma d&eacute;cada de experi&ecirc;ncia em pesquisa de mercado e estrat&eacute;gia de investimento, ofere&ccedil;o uma an&aacute;lise cr&iacute;tica do K00402 em 2025. <\/div>\n<\/div><\/div>\n\n<div class=\"gb-grid-column gb-grid-column-f4ed5d77 gb-query-loop-item post-27233 opiniones type-opiniones status-publish format-standard has-post-thumbnail hentry gblocks_pattern_collections-local-patterns\"><div class=\"gb-container gb-container-f4ed5d77\">\n<figure class=\"gb-block-image gb-block-image-8273ce78\"><img loading=\"lazy\" decoding=\"async\" width=\"400\" height=\"224\" src=\"https:\/\/esacademic.com\/wp-content\/uploads\/2025\/03\/Online-Tranding6.jpg\" class=\"gb-image-8273ce78\" alt=\"Trading Urbano Nocturno\" srcset=\"https:\/\/esacademic.com\/wp-content\/uploads\/2025\/03\/Online-Tranding6.jpg 400w, https:\/\/esacademic.com\/wp-content\/uploads\/2025\/03\/Online-Tranding6-300x168.jpg 300w\" sizes=\"auto, (max-width: 400px) 100vw, 400px\" title=\"\"><\/figure>\n\n<h2 class=\"gb-headline gb-headline-19cab21c gb-headline-text\"><a href=\"https:\/\/esacademic.com\/pt-br\/opiniones\/instant-akpro\/\">Explorando K00401: A Revolu&ccedil;&atilde;o da Computa&ccedil;&atilde;o Qu&acirc;ntica na Negocia&ccedil;&atilde;o Automatizada<\/a><\/h2>\n\n<div class=\"gb-container gb-container-0315061b\">\n<p class=\"gb-headline gb-headline-92eaf1ff gb-headline-text\"><time class=\"entry-date published\" datetime=\"2025-05-20T08:11:58+00:00\">maio 20, 2025<\/time><\/p>\n\n<p class=\"gb-headline gb-headline-39d42002 gb-headline-text\">John Milla Cano<\/p>\n<\/div>\n\n<div class=\"gb-headline gb-headline-0b0aea70 gb-headline-text\">Bem-vindo ao nosso blog de finan&ccedil;as, onde aproveitamos anos de ampla experi&ecirc;ncia e pesquisa financeira para trazer a voc&ecirc; os insights mais confi&aacute;veis sobre o mundo dos investimentos em constante mudan&ccedil;a.<\/div>\n<\/div><\/div>\n\n<div class=\"gb-grid-column gb-grid-column-f4ed5d77 gb-query-loop-item post-27229 opiniones type-opiniones status-publish format-standard has-post-thumbnail hentry gblocks_pattern_collections-local-patterns\"><div class=\"gb-container gb-container-f4ed5d77\">\n<figure class=\"gb-block-image gb-block-image-8273ce78\"><img loading=\"lazy\" decoding=\"async\" width=\"400\" height=\"224\" src=\"https:\/\/esacademic.com\/wp-content\/uploads\/2025\/03\/Smartphone-showing-trading-data2.jpg\" class=\"gb-image-8273ce78\" alt=\"Trading con Luces de Ciudad\" srcset=\"https:\/\/esacademic.com\/wp-content\/uploads\/2025\/03\/Smartphone-showing-trading-data2.jpg 400w, https:\/\/esacademic.com\/wp-content\/uploads\/2025\/03\/Smartphone-showing-trading-data2-300x168.jpg 300w\" sizes=\"auto, (max-width: 400px) 100vw, 400px\" title=\"\"><\/figure>\n\n<h2 class=\"gb-headline gb-headline-19cab21c gb-headline-text\"><a href=\"https:\/\/esacademic.com\/pt-br\/opiniones\/energy-proair-app\/\">K00400: Revolucionando a negocia&ccedil;&atilde;o em 2025 com tecnologia e seguran&ccedil;a avan&ccedil;adas<\/a><\/h2>\n\n<div class=\"gb-container gb-container-0315061b\">\n<p class=\"gb-headline gb-headline-92eaf1ff gb-headline-text\"><time class=\"entry-date published\" datetime=\"2025-05-20T08:04:52+00:00\">maio 20, 2025<\/time><\/p>\n\n<p class=\"gb-headline gb-headline-39d42002 gb-headline-text\">John Milla Cano<\/p>\n<\/div>\n\n<div class=\"gb-headline gb-headline-0b0aea70 gb-headline-text\">Como analista financeiro experiente com mais de uma d&eacute;cada de experi&ecirc;ncia no setor de fintech e mestrado em finan&ccedil;as, trago a voc&ecirc;s uma an&aacute;lise aprofundada da plataforma de negocia&ccedil;&atilde;o K00400 em 2025, uma era em que as plataformas de negocia&ccedil;&atilde;o s&atilde;o t&atilde;o comuns quanto cafeterias.<\/div>\n<\/div><\/div>\n\n<div class=\"gb-grid-column gb-grid-column-f4ed5d77 gb-query-loop-item post-27225 opiniones type-opiniones status-publish format-standard has-post-thumbnail hentry gblocks_pattern_collections-local-patterns\"><div class=\"gb-container gb-container-f4ed5d77\">\n<figure class=\"gb-block-image gb-block-image-8273ce78\"><img loading=\"lazy\" decoding=\"async\" width=\"400\" height=\"224\" src=\"https:\/\/esacademic.com\/wp-content\/uploads\/2025\/03\/Smartphone-showing-trading-data1.jpg\" class=\"gb-image-8273ce78\" alt=\"Trading Nocturno en Smartphone\" srcset=\"https:\/\/esacademic.com\/wp-content\/uploads\/2025\/03\/Smartphone-showing-trading-data1.jpg 400w, https:\/\/esacademic.com\/wp-content\/uploads\/2025\/03\/Smartphone-showing-trading-data1-300x168.jpg 300w\" sizes=\"auto, (max-width: 400px) 100vw, 400px\" title=\"\"><\/figure>\n\n<h2 class=\"gb-headline gb-headline-19cab21c gb-headline-text\"><a href=\"https:\/\/esacademic.com\/pt-br\/opiniones\/energy-proair-review\/\">K00399 Desmascarado: Verdades e Riscos da Negocia&ccedil;&atilde;o de Criptomoedas e Petr&oacute;leo<\/a><\/h2>\n\n<div class=\"gb-container gb-container-0315061b\">\n<p class=\"gb-headline gb-headline-92eaf1ff gb-headline-text\"><time class=\"entry-date published\" datetime=\"2025-05-20T07:58:18+00:00\">maio 20, 2025<\/time><\/p>\n\n<p class=\"gb-headline gb-headline-39d42002 gb-headline-text\">Hannibal Rodriguez<\/p>\n<\/div>\n\n<div class=\"gb-headline gb-headline-0b0aea70 gb-headline-text\">Como analista financeiro experiente, com mais de uma d&eacute;cada de experi&ecirc;ncia em estrat&eacute;gia de investimento e finan&ccedil;as pessoais, estou comprometido em fornecer insights e conselhos pr&aacute;ticos apoiados por especialistas. <\/div>\n<\/div><\/div>\n\n<div class=\"gb-grid-column gb-grid-column-f4ed5d77 gb-query-loop-item post-27221 opiniones type-opiniones status-publish format-standard has-post-thumbnail hentry gblocks_pattern_collections-local-patterns\"><div class=\"gb-container gb-container-f4ed5d77\">\n<figure class=\"gb-block-image gb-block-image-8273ce78\"><img loading=\"lazy\" decoding=\"async\" width=\"400\" height=\"224\" src=\"https:\/\/esacademic.com\/wp-content\/uploads\/2025\/03\/Online-Tranding34.jpg\" class=\"gb-image-8273ce78\" alt=\"Smartphone con Trading Oscuro\" srcset=\"https:\/\/esacademic.com\/wp-content\/uploads\/2025\/03\/Online-Tranding34.jpg 400w, https:\/\/esacademic.com\/wp-content\/uploads\/2025\/03\/Online-Tranding34-300x168.jpg 300w\" sizes=\"auto, (max-width: 400px) 100vw, 400px\" title=\"\"><\/figure>\n\n<h2 class=\"gb-headline gb-headline-19cab21c gb-headline-text\"><a href=\"https:\/\/esacademic.com\/pt-br\/opiniones\/energy-proair\/\">An&aacute;lise completa do K00398: Descubra a realidade por tr&aacute;s da negocia&ccedil;&atilde;o de IA<\/a><\/h2>\n\n<div class=\"gb-container gb-container-0315061b\">\n<p class=\"gb-headline gb-headline-92eaf1ff gb-headline-text\"><time class=\"entry-date published\" datetime=\"2025-05-20T07:54:25+00:00\">maio 20, 2025<\/time><\/p>\n\n<p class=\"gb-headline gb-headline-39d42002 gb-headline-text\">John Milla Cano<\/p>\n<\/div>\n\n<div class=\"gb-headline gb-headline-0b0aea70 gb-headline-text\">Como analista financeiro experiente, com mais de uma d&eacute;cada de experi&ecirc;ncia e mestrado em Finan&ccedil;as, estou comprometido em fornecer a voc&ecirc; insights bem pesquisados e respaldados por especialistas sobre o cen&aacute;rio em r&aacute;pida evolu&ccedil;&atilde;o das tecnologias de negocia&ccedil;&atilde;o.<\/div>\n<\/div><\/div>\n\n<div class=\"gb-grid-column gb-grid-column-f4ed5d77 gb-query-loop-item post-27089 opiniones type-opiniones status-publish format-standard has-post-thumbnail hentry gblocks_pattern_collections-local-patterns\"><div class=\"gb-container gb-container-f4ed5d77\">\n<figure class=\"gb-block-image gb-block-image-8273ce78\"><img loading=\"lazy\" decoding=\"async\" width=\"400\" height=\"224\" src=\"https:\/\/esacademic.com\/wp-content\/uploads\/2025\/03\/Online-Tranding31.jpg\" class=\"gb-image-8273ce78\" alt=\"Trading en Laptop Brillante\" srcset=\"https:\/\/esacademic.com\/wp-content\/uploads\/2025\/03\/Online-Tranding31.jpg 400w, https:\/\/esacademic.com\/wp-content\/uploads\/2025\/03\/Online-Tranding31-300x168.jpg 300w\" sizes=\"auto, (max-width: 400px) 100vw, 400px\" title=\"\"><\/figure>\n\n<h2 class=\"gb-headline gb-headline-19cab21c gb-headline-text\"><a href=\"https:\/\/esacademic.com\/pt-br\/opiniones\/gpt-lispro\/\">Descubra o K00395: Inova&ccedil;&atilde;o e seguran&ccedil;a no com&eacute;rcio de criptomoedas<\/a><\/h2>\n\n<div class=\"gb-container gb-container-0315061b\">\n<p class=\"gb-headline gb-headline-92eaf1ff gb-headline-text\"><time class=\"entry-date published\" datetime=\"2025-05-06T08:40:52+00:00\">maio 6, 2025<\/time><\/p>\n\n<p class=\"gb-headline gb-headline-39d42002 gb-headline-text\">Hannibal Rodriguez<\/p>\n<\/div>\n\n<div class=\"gb-headline gb-headline-0b0aea70 gb-headline-text\">Recentemente, tive a oportunidade de explorar o K00395 e fiquei realmente impressionado com sua combina&ccedil;&atilde;o de recursos sofisticados de negocia&ccedil;&atilde;o e design acess&iacute;vel.<\/div>\n<\/div><\/div>\n<\/div>\n\n<div class=\"gb-container gb-container-521ca76b gb-query-loop-pagination\">\n\n\n<span class=\"gb-button gb-button-5a7bc490 gb-button-text page-numbers gb-block-is-current\" aria-current=\"page\">1<\/span><a class=\"gb-button gb-button-5a7bc490 gb-button-text page-numbers\" href=\"?query-454e84c8-page=2\">2<\/a><a class=\"gb-button gb-button-5a7bc490 gb-button-text page-numbers\" href=\"?query-454e84c8-page=3\">3<\/a><span class=\"gb-button gb-button-5a7bc490 gb-button-text page-numbers dots\">&hellip;<\/span><a class=\"gb-button gb-button-5a7bc490 gb-button-text page-numbers\" href=\"?query-454e84c8-page=36\">36<\/a>\n\n<a class=\"gb-button gb-button-aee549c2 gb-button-text\" href=\"\/pt-br\/wp-json\/wp\/v2\/pages\/20712?query-454e84c8-page=2\">Pr&oacute;ximo<\/a>\n<\/div>\n\n<\/div>\n<\/div>\n","protected":false},"excerpt":{"rendered":"<p>Descubra as melhores plataformas de negocia&ccedil;&atilde;o, solu&ccedil;&otilde;es criptogr&aacute;ficas e bots automatizados Voc&ecirc; est&aacute; procurando ferramentas de negocia&ccedil;&atilde;o confi&aacute;veis? Voc&ecirc; veio ao lugar certo. Aqui voc&ecirc; encontrar&aacute; an&aacute;lises f&aacute;ceis de entender sobre plataformas de negocia&ccedil;&atilde;o, bolsas de criptomoedas e rob&ocirc;s de negocia&ccedil;&atilde;o automatizados. Simplificamos os detalhes para facilitar a compreens&atilde;o de tudo. Voc&ecirc; n&atilde;o sabe por &#8230; <a title=\"Opini\u00f5es\" class=\"read-more\" href=\"https:\/\/esacademic.com\/pt-br\/opiniones\/\" aria-label=\"Read more about Opini\u00f5es\">Ler mais<\/a><\/p>\n","protected":false},"author":1,"featured_media":0,"parent":0,"menu_order":0,"comment_status":"closed","ping_status":"closed","template":"","meta":{"footnotes":""},"class_list":["post-20712","page","type-page","status-publish"],"rank_math_title":"Avalia\u00e7\u00f5es imparciais de plataformas de negocia\u00e7\u00e3o, ferramentas de criptomoeda e bots","rank_math_description":"Explore an\u00e1lises detalhadas das principais plataformas de negocia\u00e7\u00e3o, ferramentas de criptomoeda e rob\u00f4s de negocia\u00e7\u00e3o. Encontre as solu\u00e7\u00f5es perfeitas para aprimorar sua estrat\u00e9gia de negocia\u00e7\u00e3o com confian\u00e7a. ","rank_math_focus_keyword":"plataformas de negocia\u00e7\u00e3o","_links":{"self":[{"href":"https:\/\/esacademic.com\/pt-br\/wp-json\/wp\/v2\/pages\/20712","targetHints":{"allow":["GET"]}}],"collection":[{"href":"https:\/\/esacademic.com\/pt-br\/wp-json\/wp\/v2\/pages"}],"about":[{"href":"https:\/\/esacademic.com\/pt-br\/wp-json\/wp\/v2\/types\/page"}],"author":[{"embeddable":true,"href":"https:\/\/esacademic.com\/pt-br\/wp-json\/wp\/v2\/users\/1"}],"replies":[{"embeddable":true,"href":"https:\/\/esacademic.com\/pt-br\/wp-json\/wp\/v2\/comments?post=20712"}],"version-history":[{"count":1,"href":"https:\/\/esacademic.com\/pt-br\/wp-json\/wp\/v2\/pages\/20712\/revisions"}],"predecessor-version":[{"id":20713,"href":"https:\/\/esacademic.com\/pt-br\/wp-json\/wp\/v2\/pages\/20712\/revisions\/20713"}],"wp:attachment":[{"href":"https:\/\/esacademic.com\/pt-br\/wp-json\/wp\/v2\/media?parent=20712"}],"curies":[{"name":"wp","href":"https:\/\/api.w.org\/{rel}","templated":true}]}}