{"id":4731,"date":"2022-10-27T22:21:18","date_gmt":"2022-10-27T22:21:18","guid":{"rendered":"https:\/\/esacademic.com\/pagina-inicial\/"},"modified":"2024-12-11T08:32:46","modified_gmt":"2024-12-11T08:32:46","slug":"home","status":"publish","type":"page","link":"https:\/\/esacademic.com\/pt-br\/","title":{"rendered":"P\u00e1gina inicial"},"content":{"rendered":"<?xml encoding=\"UTF-8\"><div class=\"gb-container gb-container-37ba1468\">\n<div class=\"gb-container gb-container-727cddca\">\n\n<h1 class=\"gb-headline gb-headline-9b722a34 gb-headline-text\">Voc&ecirc; &eacute; novo no mercado?<\/h1>\n\n\n\n<p class=\"has-text-align-center\">Recursos abrangentes, not&iacute;cias e materiais educacionais para traders de todos os n&iacute;veis, de iniciantes a avan&ccedil;ados.<\/p>\n\n\n<form role=\"search\" method=\"get\" action=\"https:\/\/esacademic.com\/pt-br\/\" class=\"wp-block-search__button-inside wp-block-search__icon-button aligncenter wp-block-search\"><label class=\"wp-block-search__label screen-reader-text\" for=\"wp-block-search__input-1\">Pesquisar<\/label><div class=\"wp-block-search__inside-wrapper\" style=\"width: 75%\"><input class=\"wp-block-search__input\" id=\"wp-block-search__input-1\" placeholder=\"Pesquisar no Esacademic\" value=\"\" type=\"search\" name=\"s\" required><button aria-label=\"Pesquisar\" class=\"wp-block-search__button has-icon wp-element-button\" type=\"submit\"><svg class=\"search-icon\" viewbox=\"0 0 24 24\" width=\"24\" height=\"24\">\n\t\t\t\t\t<path d=\"M13 5c-3.3 0-6 2.7-6 6 0 1.4.5 2.7 1.3 3.7l-3.8 3.8 1.1 1.1 3.8-3.8c1 .8 2.3 1.3 3.7 1.3 3.3 0 6-2.7 6-6S16.3 5 13 5zm0 10.5c-2.5 0-4.5-2-4.5-4.5s2-4.5 4.5-4.5 4.5 2 4.5 4.5-2 4.5-4.5 4.5z\"><\/path>\n\t\t\t\t<\/svg><\/button><\/div><\/form>\n<\/div>\n<\/div><div class=\"gb-container gb-container-442b69a1\">\n<div class=\"gb-container gb-container-e0468671\">\n\n<h2 class=\"gb-headline gb-headline-baa8d299 gb-headline-text\">Investir: um guia para iniciantes e operadores avan&ccedil;ados<\/h2>\n\n\n\n<p>Desde o in&iacute;cio da pandemia da COVID-19, cada vez mais pessoas est&atilde;o come&ccedil;ando a pensar em dinheiro e em investimentos. Elas percebem que saber sobre dinheiro e como investir &eacute; importante para um futuro seguro. Se voc&ecirc; est&aacute; apenas come&ccedil;ando a aprender sobre negocia&ccedil;&atilde;o ou se j&aacute; faz isso h&aacute; muito tempo, entender o mercado atual pode ajud&aacute;-lo a tomar decis&otilde;es melhores.  <\/p>\n\n\n\n<p>Se voc&ecirc; n&atilde;o tem experi&ecirc;ncia em negocia&ccedil;&atilde;o, pode ser confuso no in&iacute;cio, mas &eacute; &uacute;til conhecer alguns conceitos b&aacute;sicos. Por exemplo, a&ccedil;&otilde;es significam que voc&ecirc; &eacute; propriet&aacute;rio de uma parte de uma empresa, enquanto t&iacute;tulos s&atilde;o empr&eacute;stimos que voc&ecirc; faz a empresas ou governos e que s&atilde;o pagos com juros. Os ETFs, ou fundos negociados em bolsa, s&atilde;o como cestas contendo diferentes a&ccedil;&otilde;es ou t&iacute;tulos, oferecendo a voc&ecirc; uma combina&ccedil;&atilde;o de investimentos de uma s&oacute; vez.  <\/p>\n\n\n\n<p>Tamb&eacute;m &eacute; bom que voc&ecirc; entenda os conceitos financeiros b&aacute;sicos. Isso significa saber como os mercados funcionam e como ler informa&ccedil;&otilde;es b&aacute;sicas sobre eles. Mesmo que seja novato, voc&ecirc; pode come&ccedil;ar a observar as tend&ecirc;ncias do mercado para ver como os pre&ccedil;os sobem e descem. Isso ajuda voc&ecirc; a saber quando comprar ou vender.   <\/p>\n\n\n\n<p>Se voc&ecirc; j&aacute; est&aacute; negociando h&aacute; algum tempo, pode estar usando t&eacute;cnicas mais avan&ccedil;adas. Por exemplo, voc&ecirc; pode observar os movimentos de pre&ccedil;os anteriores para analisar o que provavelmente acontecer&aacute; em seguida. Isso &eacute; chamado de an&aacute;lise t&eacute;cnica e muitos traders a utilizam para ajud&aacute;-los a decidir quando fazer uma negocia&ccedil;&atilde;o.  <\/p>\n\n\n\n<p>Nos &uacute;ltimos anos, o mercado mudou muito e muitos traders come&ccedil;aram a usar estrat&eacute;gias diferentes. Por exemplo, mais pessoas agora compram ouro e metais preciosos para se protegerem contra a infla&ccedil;&atilde;o e a volatilidade do mercado, j&aacute; que eles geralmente funcionam como portos seguros. ETFs, contratos futuros e outros instrumentos financeiros que acompanham o pre&ccedil;o do ouro, da prata e de outros metais preciosos oferecem uma maneira mais f&aacute;cil de obter exposi&ccedil;&atilde;o sem possuir fisicamente os metais.  <\/p>\n\n\n\n<p>O aumento da infla&ccedil;&atilde;o fez com que muitas pessoas reconsiderassem suas finan&ccedil;as. Muitas pessoas que antes n&atilde;o investiam agora est&atilde;o considerando a&ccedil;&otilde;es, t&iacute;tulos, criptomoedas e outras formas de aumentar sua riqueza. Cada vez mais pessoas tamb&eacute;m est&atilde;o usando plataformas on-line para investir e negociar, facilitando a participa&ccedil;&atilde;o de todos.  <\/p>\n\n\n\n<p>Quer voc&ecirc; esteja apenas come&ccedil;ando ou j&aacute; esteja negociando h&aacute; anos, sempre h&aacute; mais a aprender. Mantendo-se atualizado com os desenvolvimentos do mercado, voc&ecirc; pode tomar decis&otilde;es mais inteligentes. No mundo de hoje, investir n&atilde;o &eacute; apenas ganhar dinheiro &ndash; &eacute; manter-se forte diante das mudan&ccedil;as.  <\/p>\n\n<\/div>\n<\/div><div class=\"gb-container gb-container-415ba6a5\">\n<div class=\"gb-container gb-container-897da5cb\">\n\n<blockquote class=\"wp-block-quote is-style-default is-layout-flow wp-block-quote-is-layout-flow\">\n<p><strong>&ldquo;Um investimento em conhecimento rende os melhores juros.<\/strong>&rdquo; <br>&ndash; Benjamin Franklin<\/p>\n<\/blockquote>\n\n<\/div>\n<\/div><div class=\"gb-container gb-container-387554b1\">\n<div class=\"gb-container gb-container-ed5e97b7\">\n\n<h2 class=\"gb-headline gb-headline-fdfecace gb-headline-text\">Avalia&ccedil;&otilde;es recentes da plataforma<\/h2>\n\n\n\n<div class=\"gb-grid-wrapper gb-grid-wrapper-543c5156 horiz-scroll gb-query-loop-wrapper\"><\/div>\n\n<\/div>\n<\/div><div class=\"gb-container gb-container-2744c6b2\">\n<div class=\"gb-container gb-container-3b81a4a1\">\n<p><!-- TradingView Widget BEGIN --><\/p>\n<div class=\"tradingview-widget-container\">\n<div class=\"tradingview-widget-container__widget\"><\/div>\n<p>  <script type=\"text\/javascript\" src=\"https:\/\/s3.tradingview.com\/external-embedding\/embed-widget-events.js\" async>\n  {\n  \"width\": \"100%\",\n  \"height\": \"400\",\n  \"colorTheme\": \"light\",\n  \"isTransparent\": false,\n  \"locale\": \"en\",\n  \"importanceFilter\": \"-1,0,1\",\n  \"countryFilter\": \"ar,au,br,ca,cn,fr,de,in,id,it,jp,kr,mx,ru,sa,za,tr,gb,us,eu\"\n}\n  <\/script>\n<\/p><\/div>\n<p><!-- TradingView Widget END --><\/p>\n\n<\/div>\n<\/div><div class=\"gb-container gb-container-f128c317\">\n<div class=\"gb-container gb-container-aca134aa\">\n\n<h2 class=\"gb-headline gb-headline-8d4f90c4 gb-headline-text\">Como a IA ajuda todos os tipos de operadores de criptomoedas<\/h2>\n\n\n\n<p>A negocia&ccedil;&atilde;o de criptomoedas n&atilde;o se trata apenas de investir dinheiro e esperar o melhor. Trata-se de tentar entender o que est&aacute; acontecendo no mercado e descobrir o que pode acontecer em seguida. &Eacute; por isso que as pessoas est&atilde;o come&ccedil;ando a usar IA. Essas ferramentas analisam o que aconteceu antes e d&atilde;o uma ideia melhor do que pode acontecer. Elas s&atilde;o &uacute;teis para quem est&aacute; come&ccedil;ando e para quem j&aacute; est&aacute; negociando h&aacute; algum tempo.   <\/p>\n\n\n\n<p>A negocia&ccedil;&atilde;o se tornou bastante complicada. H&aacute; tantas coisas para acompanhar que, &agrave;s vezes, pode parecer imposs&iacute;vel. A IA ajuda mostrando padr&otilde;es e permitindo que voc&ecirc; saiba quando pode ser um bom momento para agir ou quando deve apenas esperar. N&atilde;o importa se voc&ecirc; &eacute; novo ou experiente. Ela pode poupar voc&ecirc; de muito estresse e ajud&aacute;-lo a evitar erros.    <\/p>\n\n\n\n<p>A IA n&atilde;o &eacute; m&aacute;gica e n&atilde;o funcionar&aacute; para voc&ecirc;, mas torna as coisas mais f&aacute;ceis e menos confusas. N&atilde;o se trata de substituir voc&ecirc;, mas de fornecer ferramentas para que voc&ecirc; tome decis&otilde;es melhores. Se voc&ecirc; gosta de negociar criptomoedas, a IA est&aacute; rapidamente se tornando muito &uacute;til. Trata-se de ser inteligente e manter as coisas sob controle.   <\/p>\n\n<\/div>\n<\/div>\n","protected":false},"excerpt":{"rendered":"<p>Voc&ecirc; &eacute; novo no mercado? Recursos abrangentes, not&iacute;cias e materiais educacionais para traders de todos os n&iacute;veis, de iniciantes a avan&ccedil;ados. Investir: um guia para iniciantes e operadores avan&ccedil;ados Desde o in&iacute;cio da pandemia da COVID-19, cada vez mais pessoas est&atilde;o come&ccedil;ando a pensar em dinheiro e em investimentos. Elas percebem que saber sobre dinheiro &#8230; <a title=\"P\u00e1gina inicial\" class=\"read-more\" href=\"https:\/\/esacademic.com\/pt-br\/\" aria-label=\"Read more about P\u00e1gina inicial\">Ler mais<\/a><\/p>\n","protected":false},"author":1,"featured_media":0,"parent":0,"menu_order":0,"comment_status":"closed","ping_status":"closed","template":"","meta":{"footnotes":""},"class_list":["post-4731","page","type-page","status-publish"],"rank_math_title":"Esacademic - recursos e not\u00edcias para traders de todos os n\u00edveis","rank_math_description":"Explore o Esacademic para obter recursos abrangentes, not\u00edcias e materiais educacionais desenvolvidos para traders de todos os n\u00edveis, desde iniciantes at\u00e9 profissionais avan\u00e7ados.","rank_math_focus_keyword":"Esacad\u00eamico","_links":{"self":[{"href":"https:\/\/esacademic.com\/pt-br\/wp-json\/wp\/v2\/pages\/4731","targetHints":{"allow":["GET"]}}],"collection":[{"href":"https:\/\/esacademic.com\/pt-br\/wp-json\/wp\/v2\/pages"}],"about":[{"href":"https:\/\/esacademic.com\/pt-br\/wp-json\/wp\/v2\/types\/page"}],"author":[{"embeddable":true,"href":"https:\/\/esacademic.com\/pt-br\/wp-json\/wp\/v2\/users\/1"}],"replies":[{"embeddable":true,"href":"https:\/\/esacademic.com\/pt-br\/wp-json\/wp\/v2\/comments?post=4731"}],"version-history":[{"count":4,"href":"https:\/\/esacademic.com\/pt-br\/wp-json\/wp\/v2\/pages\/4731\/revisions"}],"predecessor-version":[{"id":20289,"href":"https:\/\/esacademic.com\/pt-br\/wp-json\/wp\/v2\/pages\/4731\/revisions\/20289"}],"wp:attachment":[{"href":"https:\/\/esacademic.com\/pt-br\/wp-json\/wp\/v2\/media?parent=4731"}],"curies":[{"name":"wp","href":"https:\/\/api.w.org\/{rel}","templated":true}]}}