{"id":18960,"date":"2024-09-30T13:57:55","date_gmt":"2024-09-30T13:57:55","guid":{"rendered":"https:\/\/esacademic.com\/bizim-ekibimiz\/"},"modified":"2024-09-30T14:02:06","modified_gmt":"2024-09-30T14:02:06","slug":"nuestro-equipo","status":"publish","type":"page","link":"https:\/\/esacademic.com\/tr\/nuestro-equipo\/","title":{"rendered":"Bizim ekibimiz"},"content":{"rendered":"<?xml encoding=\"UTF-8\"><div class=\"gb-container gb-container-72d7792f\">\n<div class=\"gb-container gb-container-d7aea67a\">\n\n<h1 class=\"gb-headline gb-headline-75ea8883 gb-headline-text\">Ekibimizle Tan&#305;&#351;&#305;n<\/h1>\n\n\n\n<p class=\"gb-headline gb-headline-841be000 gb-headline-text\">&#304;&ccedil;eri&#287;in arkas&#305;nda kimlerin oldu&#287;unu merak m&#305; ediyorsunuz?\n&#304;&#351;te sevdi&#287;iniz &#351;eyleri yaratan yetenekli profesyoneller!\nEsacademic yazarlar&#305; her makaleye zengin bir deneyim ve ba&#351;ar&#305; kat&#305;yor.\nOnlar&#305;n benzersiz bak&#305;&#351; a&ccedil;&#305;lar&#305;n&#305; ke&#351;fedin ve okuma deneyiminizi &#351;ekillendiren seslerle ba&#287;lant&#305; kurun.   <\/p>\n\n<\/div>\n<\/div><div class=\"gb-grid-wrapper gb-grid-wrapper-5678fe82\">\n<div class=\"gb-grid-column gb-grid-column-2e681f96\"><div class=\"gb-container gb-container-2e681f96\">\n\n<figure class=\"gb-block-image gb-block-image-858f9e0e\"><img loading=\"lazy\" decoding=\"async\" width=\"300\" height=\"300\" class=\"gb-image gb-image-858f9e0e\" src=\"https:\/\/esacademic.com\/wp-content\/uploads\/2024\/09\/JOHN-MILLA-CANO.jpg\" alt=\"\" title=\"JOHN MILLA CANO\" srcset=\"https:\/\/esacademic.com\/wp-content\/uploads\/2024\/09\/JOHN-MILLA-CANO.jpg 300w, https:\/\/esacademic.com\/wp-content\/uploads\/2024\/09\/JOHN-MILLA-CANO-150x150.jpg 150w\" sizes=\"auto, (max-width: 300px) 100vw, 300px\"><\/figure>\n\n\n\n<div class=\"gb-headline gb-headline-275fbd66 gb-headline-text\"><strong>JOHN MILLA CANO<\/strong><\/div>\n\n\n\n<p><em>Genel Yay&#305;n Y&ouml;netmeni Katk&#305;da Bulunan Edit&ouml;r<\/em><\/p>\n\n\n\n<p>&#304;&#351; d&uuml;nyas&#305;nda, &ouml;zellikle perakende ve sat&#305;&#351; sekt&ouml;rlerinde g&uuml;&ccedil;l&uuml; bir ge&ccedil;mi&#351;e sahip olan John, b&uuml;y&uuml;k &ouml;l&ccedil;ekli bir projeye liderlik etmek i&ccedil;in gerekli becerilere sahiptir.\nCointrade&rsquo;in CEO&rsquo;su olmas&#305;n&#305;n yan&#305; s&#305;ra, Alcal&aacute; &Uuml;niversitesi&rsquo;nden &#304;&#351;letme ve Y&ouml;netim diplomas&#305;na sahiptir ve bu da stratejik giri&#351;imleri ba&#351;ar&#305;yla y&ouml;netme yetene&#287;ini peki&#351;tirmektedir. <\/p>\n\n<\/div><\/div>\n\n<div class=\"gb-grid-column gb-grid-column-ef5af772\"><div class=\"gb-container gb-container-ef5af772\">\n\n<figure class=\"gb-block-image gb-block-image-dda01526\"><img loading=\"lazy\" decoding=\"async\" width=\"300\" height=\"300\" class=\"gb-image gb-image-dda01526\" src=\"https:\/\/esacademic.com\/wp-content\/uploads\/2024\/09\/HANNIBAL-RODRIGUEZ.jpg\" alt=\"\" title=\"HANNIBAL RODRIGUEZ\" srcset=\"https:\/\/esacademic.com\/wp-content\/uploads\/2024\/09\/HANNIBAL-RODRIGUEZ.jpg 300w, https:\/\/esacademic.com\/wp-content\/uploads\/2024\/09\/HANNIBAL-RODRIGUEZ-150x150.jpg 150w\" sizes=\"auto, (max-width: 300px) 100vw, 300px\"><\/figure>\n\n\n\n<div class=\"gb-headline gb-headline-08d2bcaf gb-headline-text\"><strong>HANNIBAL RODRIGUEZ<\/strong><\/div>\n\n\n\n<p><em>Yay&#305;nc&#305;<\/em><\/p>\n\n\n\n<p>Pazarlama ve reklamc&#305;l&#305;k alan&#305;nda uzman olan Hannibal, Cointrade&rsquo;in t&uuml;m reklam stratejisini y&ouml;netmekten sorumlu olacak.\nKendisi ayn&#305; zamanda dijital ileti&#351;im konusunda uzmand&#305;r ve web ortam&#305;na uygulanan teknolojiler konusunda tutkuludur.\nKendisi ayn&#305; zamanda Cointrade&rsquo;in CMO&rsquo;su olarak platformun pazarlama ve b&uuml;y&uuml;me giri&#351;imlerine liderlik etmektedir.  <\/p>\n\n<\/div><\/div>\n<\/div>\n","protected":false},"excerpt":{"rendered":"<p>Ekibimizle Tan&#305;&#351;&#305;n &#304;&ccedil;eri&#287;in arkas&#305;nda kimlerin oldu&#287;unu merak m&#305; ediyorsunuz? &#304;&#351;te sevdi&#287;iniz &#351;eyleri yaratan yetenekli profesyoneller! Esacademic yazarlar&#305; her makaleye zengin bir deneyim ve ba&#351;ar&#305; kat&#305;yor. Onlar&#305;n benzersiz bak&#305;&#351; a&ccedil;&#305;lar&#305;n&#305; ke&#351;fedin ve okuma deneyiminizi &#351;ekillendiren seslerle ba&#287;lant&#305; kurun.<\/p>\n","protected":false},"author":1,"featured_media":0,"parent":0,"menu_order":0,"comment_status":"closed","ping_status":"closed","template":"","meta":{"footnotes":""},"class_list":["post-18960","page","type-page","status-publish"],"rank_math_title":"Uzman ekibimiz hakk\u0131nda her \u015feyi \u00f6\u011frenin | Esacademic","rank_math_description":"Esacademic'te, \u00f6zg\u00fcn ve kaliteli i\u00e7erikle en son haberleri ve makaleleri sa\u011flayan y\u00fcksek nitelikli uzmanlardan olu\u015fan bir ekibimiz var.","rank_math_focus_keyword":"Esacademic","_links":{"self":[{"href":"https:\/\/esacademic.com\/tr\/wp-json\/wp\/v2\/pages\/18960","targetHints":{"allow":["GET"]}}],"collection":[{"href":"https:\/\/esacademic.com\/tr\/wp-json\/wp\/v2\/pages"}],"about":[{"href":"https:\/\/esacademic.com\/tr\/wp-json\/wp\/v2\/types\/page"}],"author":[{"embeddable":true,"href":"https:\/\/esacademic.com\/tr\/wp-json\/wp\/v2\/users\/1"}],"replies":[{"embeddable":true,"href":"https:\/\/esacademic.com\/tr\/wp-json\/wp\/v2\/comments?post=18960"}],"version-history":[{"count":1,"href":"https:\/\/esacademic.com\/tr\/wp-json\/wp\/v2\/pages\/18960\/revisions"}],"predecessor-version":[{"id":18961,"href":"https:\/\/esacademic.com\/tr\/wp-json\/wp\/v2\/pages\/18960\/revisions\/18961"}],"wp:attachment":[{"href":"https:\/\/esacademic.com\/tr\/wp-json\/wp\/v2\/media?parent=18960"}],"curies":[{"name":"wp","href":"https:\/\/api.w.org\/{rel}","templated":true}]}}