{"id":19031,"date":"2022-11-08T18:29:37","date_gmt":"2022-11-08T18:29:37","guid":{"rendered":"https:\/\/esacademic.com\/iletisim\/"},"modified":"2024-10-02T10:15:26","modified_gmt":"2024-10-02T10:15:26","slug":"contact","status":"publish","type":"page","link":"https:\/\/esacademic.com\/tr\/contact\/","title":{"rendered":"\u0130leti\u015fim"},"content":{"rendered":"<?xml encoding=\"UTF-8\"><div class=\"gb-container gb-container-6cb71469\">\n<div class=\"gb-container gb-container-1fca5493\">\n\n<p>ACADEMIC&rsquo;te her zaman sizden haber almak i&ccedil;in can at&#305;yoruz.\n&#304;ster bir sorunuz, ister bir yorumunuz olsun ya da sadece d&uuml;&#351;&uuml;ncelerinizi payla&#351;mak isteyin, sizi dinlemek ve yard&#305;mc&#305; olmak i&ccedil;in buraday&#305;z.\nM&uuml;mk&uuml;n olan en iyi i&ccedil;erik ve hizmetleri sunmaya devam etmemize yard&#305;mc&#305; olmak i&ccedil;in girdileriniz &ccedil;ok de&#287;erlidir.  <\/p>\n\n\n\n<h2 class=\"gb-headline gb-headline-792308d3 gb-headline-text\"><strong>Bize ula&#351;&#305;n<\/strong><\/h2>\n\n\n\n<p>A&#351;a&#287;&#305;daki ileti&#351;im formunu kullanarak bizimle ileti&#351;ime ge&ccedil;mekten &ccedil;ekinmeyin.\nBilgilerinizi ve mesaj&#305;n&#305;z&#305; doldurun, ekip &uuml;yelerimizden biri en k&#305;sa s&uuml;rede size geri d&ouml;necektir.\nT&uuml;m sorulara 48 saat i&ccedil;inde yan&#305;t vermeye &ccedil;al&#305;&#351;&#305;yoruz.  <\/p>\n\n\n\n<h2 class=\"gb-headline gb-headline-c38728fa gb-headline-text\"><strong>Alternatif ileti&#351;im se&ccedil;enekleri<\/strong><\/h2>\n\n\n\n<p>Tercih ederseniz, bizimle a&#351;a&#287;&#305;daki yollarla da ileti&#351;ime ge&ccedil;ebilirsiniz:<\/p>\n\n\n\n<ul class=\"wp-block-list\">\n<li><strong>E-posta ile:<\/strong> <a href=\"mailto:info@esacademic.com\">info@esacademic.com<\/a><\/li>\n\n\n\n<li><strong>Adresimiz:<\/strong> C. DE ELOY GONZALO, 27, CHAMBER&Iacute;, 28010 MADRID<\/li>\n<\/ul>\n\n\n\n<h2 class=\"gb-headline gb-headline-5615f003 gb-headline-text\"><strong>Bizi takip edin<\/strong><\/h2>\n\n\n\n<p>ACADEMIC ile ba&#287;lant&#305;da kal&#305;n.\nEn son g&uuml;ncellemeler, i&ccedil;g&ouml;r&uuml;ler ve interaktif i&ccedil;erikler i&ccedil;in bizi sosyal medya kanallar&#305;m&#305;zdan takip edin. <\/p>\n\n\n\n<p>Sizden haber almak i&ccedil;in sab&#305;rs&#305;zlan&#305;yoruz ve her t&uuml;rl&uuml; sorunuzda size yard&#305;mc&#305; olmak i&ccedil;in buraday&#305;z.\n&#304;&#351; ve finansal g&uuml;&ccedil;lendirme kayna&#287;&#305;n&#305;z olarak ACADEMIC&rsquo;i se&ccedil;ti&#287;iniz i&ccedil;in te&#351;ekk&uuml;r ederiz. <\/p>\n\n<\/div>\n<\/div>\n","protected":false},"excerpt":{"rendered":"<p>ACADEMIC&rsquo;te her zaman sizden haber almak i&ccedil;in can at&#305;yoruz. &#304;ster bir sorunuz, ister bir yorumunuz olsun ya da sadece d&uuml;&#351;&uuml;ncelerinizi payla&#351;mak isteyin, sizi dinlemek ve yard&#305;mc&#305; olmak i&ccedil;in buraday&#305;z. M&uuml;mk&uuml;n olan en iyi i&ccedil;erik ve hizmetleri sunmaya devam etmemize yard&#305;mc&#305; olmak i&ccedil;in girdileriniz &ccedil;ok de&#287;erlidir. Bize ula&#351;&#305;n A&#351;a&#287;&#305;daki ileti&#351;im formunu kullanarak bizimle ileti&#351;ime ge&ccedil;mekten &ccedil;ekinmeyin. &#8230; <a title=\"\u0130leti\u015fim\" class=\"read-more\" href=\"https:\/\/esacademic.com\/tr\/contact\/\" aria-label=\"Read more about \u0130leti\u015fim\">Devam\u0131n\u0131 oku<\/a><\/p>\n","protected":false},"author":1,"featured_media":0,"parent":0,"menu_order":0,"comment_status":"closed","ping_status":"closed","template":"","meta":{"footnotes":""},"class_list":["post-19031","page","type-page","status-publish"],"rank_math_title":"Ekibimizle ileti\u015fime ge\u00e7in: kripto para haberleri, yard\u0131m ve destek i\u00e7in kayna\u011f\u0131n\u0131z","rank_math_description":"Her t\u00fcrl\u00fc soru, g\u00f6r\u00fc\u015f veya \u00f6neriniz i\u00e7in l\u00fctfen bizimle ileti\u015fime ge\u00e7in.\nEkibimiz size yard\u0131mc\u0131 olmaya haz\u0131r.\nKripto para haberleri uzmanlar\u0131m\u0131zla ba\u011flant\u0131 kurmak i\u00e7in ihtiyac\u0131n\u0131z olan t\u00fcm ayr\u0131nt\u0131lar i\u00e7in Bize Ula\u015f\u0131n sayfam\u0131z\u0131 ziyaret edin.  ","rank_math_focus_keyword":"","_links":{"self":[{"href":"https:\/\/esacademic.com\/tr\/wp-json\/wp\/v2\/pages\/19031","targetHints":{"allow":["GET"]}}],"collection":[{"href":"https:\/\/esacademic.com\/tr\/wp-json\/wp\/v2\/pages"}],"about":[{"href":"https:\/\/esacademic.com\/tr\/wp-json\/wp\/v2\/types\/page"}],"author":[{"embeddable":true,"href":"https:\/\/esacademic.com\/tr\/wp-json\/wp\/v2\/users\/1"}],"replies":[{"embeddable":true,"href":"https:\/\/esacademic.com\/tr\/wp-json\/wp\/v2\/comments?post=19031"}],"version-history":[{"count":1,"href":"https:\/\/esacademic.com\/tr\/wp-json\/wp\/v2\/pages\/19031\/revisions"}],"predecessor-version":[{"id":19033,"href":"https:\/\/esacademic.com\/tr\/wp-json\/wp\/v2\/pages\/19031\/revisions\/19033"}],"wp:attachment":[{"href":"https:\/\/esacademic.com\/tr\/wp-json\/wp\/v2\/media?parent=19031"}],"curies":[{"name":"wp","href":"https:\/\/api.w.org\/{rel}","templated":true}]}}