{"id":20710,"date":"2025-01-02T17:23:56","date_gmt":"2025-01-02T17:23:56","guid":{"rendered":"https:\/\/esacademic.com\/gorusler\/"},"modified":"2025-01-02T17:35:36","modified_gmt":"2025-01-02T17:35:36","slug":"opiniones","status":"publish","type":"page","link":"https:\/\/esacademic.com\/tr\/opiniones\/","title":{"rendered":"G\u00f6r\u00fc\u015fler"},"content":{"rendered":"<?xml encoding=\"UTF-8\"><div class=\"gb-container gb-container-6e5f1950\">\n<div class=\"gb-container gb-container-3fbb5157\">\n\n<h1 class=\"gb-headline gb-headline-347b396d gb-headline-text\">En iyi ticaret platformlar&#305;n&#305;, kriptografik &ccedil;&ouml;z&uuml;mleri ve otomatik botlar&#305; ke&#351;fedin<\/h1>\n\n\n\n<p>G&uuml;venilir ticaret ara&ccedil;lar&#305; m&#305; ar&#305;yorsunuz? Do&#287;ru yere geldiniz. Burada al&#305;m sat&#305;m platformlar&#305;, kripto para borsalar&#305; ve otomatik al&#305;m sat&#305;m robotlar&#305; hakk&#305;nda anla&#351;&#305;lmas&#305; kolay incelemeler bulacaks&#305;n&#305;z. Her &#351;eyin anla&#351;&#305;lmas&#305;n&#305; kolayla&#351;t&#305;rmak i&ccedil;in ayr&#305;nt&#305;lar&#305; basitle&#351;tirdik. Nereden ba&#351;layaca&#287;&#305;n&#305;z&#305; bilmiyor musunuz? Yat&#305;r&#305;m tarz&#305;n&#305;za ve hedeflerinize uygun olan&#305; bulmak i&ccedil;in kaynaklar&#305;m&#305;z&#305; ke&#351;fedin. &#304;ster yeni ba&#351;layan ister deneyimli bir t&uuml;ccar olun, size uygun bir &#351;eyimiz var. Derinlemesine ara&#351;t&#305;rmam&#305;z size zaman ve emek kazand&#305;r&#305;r &ndash; ticaret deneyiminizi geli&#351;tirmeye haz&#305;r olun, dal&#305;n ve ba&#351;layal&#305;m!         <\/p>\n\n\n\n<div class=\"gb-grid-wrapper gb-grid-wrapper-afc1adbe gb-query-loop-wrapper\">\n<div class=\"gb-grid-column gb-grid-column-f4ed5d77 gb-query-loop-item post-27322 opiniones type-opiniones status-publish format-standard has-post-thumbnail hentry gblocks_pattern_collections-local-patterns\"><div class=\"gb-container gb-container-f4ed5d77\">\n<figure class=\"gb-block-image gb-block-image-8273ce78\"><img loading=\"lazy\" decoding=\"async\" width=\"400\" height=\"224\" src=\"https:\/\/esacademic.com\/wp-content\/uploads\/2025\/03\/Mobile-Trading-Scene2.jpg\" class=\"gb-image-8273ce78\" alt=\"Trading Urbano Nocturno\" srcset=\"https:\/\/esacademic.com\/wp-content\/uploads\/2025\/03\/Mobile-Trading-Scene2.jpg 400w, https:\/\/esacademic.com\/wp-content\/uploads\/2025\/03\/Mobile-Trading-Scene2-300x168.jpg 300w\" sizes=\"auto, (max-width: 400px) 100vw, 400px\" title=\"\"><\/figure>\n\n<h2 class=\"gb-headline gb-headline-19cab21c gb-headline-text\"><a href=\"https:\/\/esacademic.com\/tr\/opiniones\/ethereum-cormax-app\/\">K00411 ile Ticareti G&uuml;&ccedil;lendirme: Yapay Zeka ve Kuantum Bilgisayarlar&#305;n Kesi&#351;iminde Yenilik<\/a><\/h2>\n\n<div class=\"gb-container gb-container-0315061b\">\n<p class=\"gb-headline gb-headline-92eaf1ff gb-headline-text\"><time class=\"entry-date published\" datetime=\"2025-05-28T07:54:05+00:00\">May&#305;s 28, 2025<\/time><\/p>\n\n<p class=\"gb-headline gb-headline-39d42002 gb-headline-text\">Hannibal Rodriguez<\/p>\n<\/div>\n\n<div class=\"gb-headline gb-headline-0b0aea70 gb-headline-text\">Piyasa dinamikleri konusunda on y&#305;l&#305; a&#351;k&#305;n deneyime sahip bir finans analisti ve CFA sertifikal&#305; biri olarak, size K00411&rsquo;in modern yat&#305;r&#305;m &uuml;zerindeki d&ouml;n&uuml;&#351;t&uuml;r&uuml;c&uuml; etkisini derinlemesine inceleyece&#287;im. <\/div>\n<\/div><\/div>\n\n<div class=\"gb-grid-column gb-grid-column-f4ed5d77 gb-query-loop-item post-27326 opiniones type-opiniones status-publish format-standard has-post-thumbnail hentry gblocks_pattern_collections-local-patterns\"><div class=\"gb-container gb-container-f4ed5d77\">\n<figure class=\"gb-block-image gb-block-image-8273ce78\"><img loading=\"lazy\" decoding=\"async\" width=\"400\" height=\"224\" src=\"https:\/\/esacademic.com\/wp-content\/uploads\/2025\/03\/Mobile-Trading-Scene1.jpg\" class=\"gb-image-8273ce78\" alt=\"Trading Digital en Rojo\" srcset=\"https:\/\/esacademic.com\/wp-content\/uploads\/2025\/03\/Mobile-Trading-Scene1.jpg 400w, https:\/\/esacademic.com\/wp-content\/uploads\/2025\/03\/Mobile-Trading-Scene1-300x168.jpg 300w\" sizes=\"auto, (max-width: 400px) 100vw, 400px\" title=\"\"><\/figure>\n\n<h2 class=\"gb-headline gb-headline-19cab21c gb-headline-text\"><a href=\"https:\/\/esacademic.com\/tr\/opiniones\/ethereum-cormax-review\/\">K00410&rsquo;u Ke&#351;fetmek: Otomatik Ticarette Devrim<\/a><\/h2>\n\n<div class=\"gb-container gb-container-0315061b\">\n<p class=\"gb-headline gb-headline-92eaf1ff gb-headline-text\"><time class=\"entry-date published\" datetime=\"2025-05-28T07:49:46+00:00\">May&#305;s 28, 2025<\/time><\/p>\n\n<p class=\"gb-headline gb-headline-39d42002 gb-headline-text\">John Milla Cano<\/p>\n<\/div>\n\n<div class=\"gb-headline gb-headline-0b0aea70 gb-headline-text\">Yat&#305;r&#305;m stratejileri konusunda on y&#305;l&#305; a&#351;k&#305;n deneyime ve Finansal Y&ouml;netim alan&#305;nda y&uuml;ksek lisans derecesine sahip deneyimli bir finans analisti olarak, s&uuml;rekli geli&#351;en dijital finans d&uuml;nyas&#305;nda yolunuzu bulman&#305;z i&ccedil;in kapsaml&#305; bilgi birikimine sahibim. <\/div>\n<\/div><\/div>\n\n<div class=\"gb-grid-column gb-grid-column-f4ed5d77 gb-query-loop-item post-27330 opiniones type-opiniones status-publish format-standard has-post-thumbnail hentry gblocks_pattern_collections-local-patterns\"><div class=\"gb-container gb-container-f4ed5d77\">\n<figure class=\"gb-block-image gb-block-image-8273ce78\"><img loading=\"lazy\" decoding=\"async\" width=\"400\" height=\"150\" src=\"https:\/\/esacademic.com\/wp-content\/uploads\/2025\/03\/Trading-Desk-View1.jpg\" class=\"gb-image-8273ce78\" alt=\"Trading M&oacute;vil en Oscuro\" srcset=\"https:\/\/esacademic.com\/wp-content\/uploads\/2025\/03\/Trading-Desk-View1.jpg 400w, https:\/\/esacademic.com\/wp-content\/uploads\/2025\/03\/Trading-Desk-View1-300x113.jpg 300w\" sizes=\"auto, (max-width: 400px) 100vw, 400px\" title=\"\"><\/figure>\n\n<h2 class=\"gb-headline gb-headline-19cab21c gb-headline-text\"><a href=\"https:\/\/esacademic.com\/tr\/opiniones\/ethereum-cormax\/\">K00409&rsquo;u Ke&#351;fetmek: Kripto Para Ticareti&rsquo;nde Yenilik ve Zorluklar<\/a><\/h2>\n\n<div class=\"gb-container gb-container-0315061b\">\n<p class=\"gb-headline gb-headline-92eaf1ff gb-headline-text\"><time class=\"entry-date published\" datetime=\"2025-05-28T07:43:49+00:00\">May&#305;s 28, 2025<\/time><\/p>\n\n<p class=\"gb-headline gb-headline-39d42002 gb-headline-text\">esacademic<\/p>\n<\/div>\n\n<div class=\"gb-headline gb-headline-0b0aea70 gb-headline-text\">On y&#305;l&#305; a&#351;k&#305;n deneyime ve Finans alan&#305;nda Y&uuml;ksek Lisans derecesine sahip bir finans analisti olarak, yapay zeka destekli robo-ticaret yetenekleriyle ses getiren bir platform olan K00409 hakk&#305;nda bilgi veriyorum. <\/div>\n<\/div><\/div>\n\n<div class=\"gb-grid-column gb-grid-column-f4ed5d77 gb-query-loop-item post-27242 opiniones type-opiniones status-publish format-standard has-post-thumbnail hentry gblocks_pattern_collections-local-patterns\"><div class=\"gb-container gb-container-f4ed5d77\">\n<figure class=\"gb-block-image gb-block-image-8273ce78\"><img loading=\"lazy\" decoding=\"async\" width=\"400\" height=\"224\" src=\"https:\/\/esacademic.com\/wp-content\/uploads\/2025\/03\/Online-Tranding8.jpg\" class=\"gb-image-8273ce78\" alt=\"Elegante Display de Trading\" srcset=\"https:\/\/esacademic.com\/wp-content\/uploads\/2025\/03\/Online-Tranding8.jpg 400w, https:\/\/esacademic.com\/wp-content\/uploads\/2025\/03\/Online-Tranding8-300x168.jpg 300w\" sizes=\"auto, (max-width: 400px) 100vw, 400px\" title=\"\"><\/figure>\n\n<h2 class=\"gb-headline gb-headline-19cab21c gb-headline-text\"><a href=\"https:\/\/esacademic.com\/tr\/opiniones\/instant-akpro-app\/\">K00403&rsquo;&uuml; Ke&#351;fetmek: Otomatik Ticarette Yenilik ve G&uuml;venlik<\/a><\/h2>\n\n<div class=\"gb-container gb-container-0315061b\">\n<p class=\"gb-headline gb-headline-92eaf1ff gb-headline-text\"><time class=\"entry-date published\" datetime=\"2025-05-20T08:23:32+00:00\">May&#305;s 20, 2025<\/time><\/p>\n\n<p class=\"gb-headline gb-headline-39d42002 gb-headline-text\">John Milla Cano<\/p>\n<\/div>\n\n<div class=\"gb-headline gb-headline-0b0aea70 gb-headline-text\">Yat&#305;r&#305;m sekt&ouml;r&uuml;nde on y&#305;l&#305; a&#351;k&#305;n deneyime ve CFA unvan&#305;na sahip deneyimli bir finans analisti olarak, 2025 y&#305;l&#305;nda K00403&rsquo;&uuml;n ilgi &ccedil;ekici d&uuml;nyas&#305;na dalmak i&ccedil;in buraday&#305;m. <\/div>\n<\/div><\/div>\n\n<div class=\"gb-grid-column gb-grid-column-f4ed5d77 gb-query-loop-item post-27238 opiniones type-opiniones status-publish format-standard has-post-thumbnail hentry gblocks_pattern_collections-local-patterns\"><div class=\"gb-container gb-container-f4ed5d77\">\n<figure class=\"gb-block-image gb-block-image-8273ce78\"><img loading=\"lazy\" decoding=\"async\" width=\"400\" height=\"224\" src=\"https:\/\/esacademic.com\/wp-content\/uploads\/2025\/03\/Online-Tranding7.jpg\" class=\"gb-image-8273ce78\" alt=\"Consulta de Trading Exterior\" srcset=\"https:\/\/esacademic.com\/wp-content\/uploads\/2025\/03\/Online-Tranding7.jpg 400w, https:\/\/esacademic.com\/wp-content\/uploads\/2025\/03\/Online-Tranding7-300x168.jpg 300w\" sizes=\"auto, (max-width: 400px) 100vw, 400px\" title=\"\"><\/figure>\n\n<h2 class=\"gb-headline gb-headline-19cab21c gb-headline-text\"><a href=\"https:\/\/esacademic.com\/tr\/opiniones\/instant-akpro-review\/\">K00402&rsquo;yi Ke&#351;fetmek: Kripto Para Ticaretinde Yenilik ve G&uuml;venlik<\/a><\/h2>\n\n<div class=\"gb-container gb-container-0315061b\">\n<p class=\"gb-headline gb-headline-92eaf1ff gb-headline-text\"><time class=\"entry-date published\" datetime=\"2025-05-20T08:17:43+00:00\">May&#305;s 20, 2025<\/time><\/p>\n\n<p class=\"gb-headline gb-headline-39d42002 gb-headline-text\">Hannibal Rodriguez<\/p>\n<\/div>\n\n<div class=\"gb-headline gb-headline-0b0aea70 gb-headline-text\">Piyasa ara&#351;t&#305;rmas&#305; ve yat&#305;r&#305;m stratejisi alan&#305;nda on y&#305;l&#305; a&#351;k&#305;n deneyime sahip bir finansal analist olarak, 2025 y&#305;l&#305;nda K00402&rsquo;nin ele&#351;tirel analizini sunuyorum. <\/div>\n<\/div><\/div>\n\n<div class=\"gb-grid-column gb-grid-column-f4ed5d77 gb-query-loop-item post-27234 opiniones type-opiniones status-publish format-standard has-post-thumbnail hentry gblocks_pattern_collections-local-patterns\"><div class=\"gb-container gb-container-f4ed5d77\">\n<figure class=\"gb-block-image gb-block-image-8273ce78\"><img loading=\"lazy\" decoding=\"async\" width=\"400\" height=\"224\" src=\"https:\/\/esacademic.com\/wp-content\/uploads\/2025\/03\/Online-Tranding6.jpg\" class=\"gb-image-8273ce78\" alt=\"Trading Urbano Nocturno\" srcset=\"https:\/\/esacademic.com\/wp-content\/uploads\/2025\/03\/Online-Tranding6.jpg 400w, https:\/\/esacademic.com\/wp-content\/uploads\/2025\/03\/Online-Tranding6-300x168.jpg 300w\" sizes=\"auto, (max-width: 400px) 100vw, 400px\" title=\"\"><\/figure>\n\n<h2 class=\"gb-headline gb-headline-19cab21c gb-headline-text\"><a href=\"https:\/\/esacademic.com\/tr\/opiniones\/instant-akpro\/\">K00401&rsquo;i Ke&#351;fetmek: Otomatik Ticarette Kuantum Bilgisayar Devrimi<\/a><\/h2>\n\n<div class=\"gb-container gb-container-0315061b\">\n<p class=\"gb-headline gb-headline-92eaf1ff gb-headline-text\"><time class=\"entry-date published\" datetime=\"2025-05-20T08:11:58+00:00\">May&#305;s 20, 2025<\/time><\/p>\n\n<p class=\"gb-headline gb-headline-39d42002 gb-headline-text\">John Milla Cano<\/p>\n<\/div>\n\n<div class=\"gb-headline gb-headline-0b0aea70 gb-headline-text\">Finans blogumuza ho&#351; geldiniz. Burada, yat&#305;r&#305;m d&uuml;nyas&#305;n&#305;n s&uuml;rekli de&#287;i&#351;en yap&#305;s&#305; hakk&#305;nda en g&uuml;venilir i&ccedil;g&ouml;r&uuml;leri size sunmak i&ccedil;in y&#305;llar&#305;n kapsaml&#305; finans deneyimi ve ara&#351;t&#305;rmalar&#305;ndan yararlan&#305;yoruz.<\/div>\n<\/div><\/div>\n\n<div class=\"gb-grid-column gb-grid-column-f4ed5d77 gb-query-loop-item post-27230 opiniones type-opiniones status-publish format-standard has-post-thumbnail hentry gblocks_pattern_collections-local-patterns\"><div class=\"gb-container gb-container-f4ed5d77\">\n<figure class=\"gb-block-image gb-block-image-8273ce78\"><img loading=\"lazy\" decoding=\"async\" width=\"400\" height=\"224\" src=\"https:\/\/esacademic.com\/wp-content\/uploads\/2025\/03\/Smartphone-showing-trading-data2.jpg\" class=\"gb-image-8273ce78\" alt=\"Trading con Luces de Ciudad\" srcset=\"https:\/\/esacademic.com\/wp-content\/uploads\/2025\/03\/Smartphone-showing-trading-data2.jpg 400w, https:\/\/esacademic.com\/wp-content\/uploads\/2025\/03\/Smartphone-showing-trading-data2-300x168.jpg 300w\" sizes=\"auto, (max-width: 400px) 100vw, 400px\" title=\"\"><\/figure>\n\n<h2 class=\"gb-headline gb-headline-19cab21c gb-headline-text\"><a href=\"https:\/\/esacademic.com\/tr\/opiniones\/energy-proair-app\/\">K00400: &#304;leri Teknoloji ve G&uuml;venlikle 2025&rsquo;te Ticarette Devrim Yaratmak<\/a><\/h2>\n\n<div class=\"gb-container gb-container-0315061b\">\n<p class=\"gb-headline gb-headline-92eaf1ff gb-headline-text\"><time class=\"entry-date published\" datetime=\"2025-05-20T08:04:52+00:00\">May&#305;s 20, 2025<\/time><\/p>\n\n<p class=\"gb-headline gb-headline-39d42002 gb-headline-text\">John Milla Cano<\/p>\n<\/div>\n\n<div class=\"gb-headline gb-headline-0b0aea70 gb-headline-text\">Fintech sekt&ouml;r&uuml;nde on y&#305;l&#305; a&#351;k&#305;n deneyime ve finans alan&#305;nda y&uuml;ksek lisans derecesine sahip deneyimli bir finans analisti olarak, size 2025 y&#305;l&#305;nda, yani ticaret platformlar&#305;n&#305;n kahve d&uuml;kkanlar&#305; kadar yayg&#305;n oldu&#287;u bir d&ouml;nemde K00400 ticaret platformuna derinlemesine bir bak&#305;&#351; sunuyorum.<\/div>\n<\/div><\/div>\n\n<div class=\"gb-grid-column gb-grid-column-f4ed5d77 gb-query-loop-item post-27226 opiniones type-opiniones status-publish format-standard has-post-thumbnail hentry gblocks_pattern_collections-local-patterns\"><div class=\"gb-container gb-container-f4ed5d77\">\n<figure class=\"gb-block-image gb-block-image-8273ce78\"><img loading=\"lazy\" decoding=\"async\" width=\"400\" height=\"224\" src=\"https:\/\/esacademic.com\/wp-content\/uploads\/2025\/03\/Smartphone-showing-trading-data1.jpg\" class=\"gb-image-8273ce78\" alt=\"Trading Nocturno en Smartphone\" srcset=\"https:\/\/esacademic.com\/wp-content\/uploads\/2025\/03\/Smartphone-showing-trading-data1.jpg 400w, https:\/\/esacademic.com\/wp-content\/uploads\/2025\/03\/Smartphone-showing-trading-data1-300x168.jpg 300w\" sizes=\"auto, (max-width: 400px) 100vw, 400px\" title=\"\"><\/figure>\n\n<h2 class=\"gb-headline gb-headline-19cab21c gb-headline-text\"><a href=\"https:\/\/esacademic.com\/tr\/opiniones\/energy-proair-review\/\">K00399 Maskesiz: Kripto ve Petrol Ticareti Ger&ccedil;ekleri ve Riskleri<\/a><\/h2>\n\n<div class=\"gb-container gb-container-0315061b\">\n<p class=\"gb-headline gb-headline-92eaf1ff gb-headline-text\"><time class=\"entry-date published\" datetime=\"2025-05-20T07:58:18+00:00\">May&#305;s 20, 2025<\/time><\/p>\n\n<p class=\"gb-headline gb-headline-39d42002 gb-headline-text\">Hannibal Rodriguez<\/p>\n<\/div>\n\n<div class=\"gb-headline gb-headline-0b0aea70 gb-headline-text\">Yat&#305;r&#305;m stratejisi ve ki&#351;isel finans alan&#305;nda on y&#305;l&#305; a&#351;k&#305;n deneyime sahip deneyimli bir finans analisti olarak, uzman destekli g&ouml;r&uuml;&#351;ler ve pratik tavsiyeler sunmaya kararl&#305;y&#305;m. <\/div>\n<\/div><\/div>\n\n<div class=\"gb-grid-column gb-grid-column-f4ed5d77 gb-query-loop-item post-27222 opiniones type-opiniones status-publish format-standard has-post-thumbnail hentry gblocks_pattern_collections-local-patterns\"><div class=\"gb-container gb-container-f4ed5d77\">\n<figure class=\"gb-block-image gb-block-image-8273ce78\"><img loading=\"lazy\" decoding=\"async\" width=\"400\" height=\"224\" src=\"https:\/\/esacademic.com\/wp-content\/uploads\/2025\/03\/Online-Tranding34.jpg\" class=\"gb-image-8273ce78\" alt=\"Smartphone con Trading Oscuro\" srcset=\"https:\/\/esacademic.com\/wp-content\/uploads\/2025\/03\/Online-Tranding34.jpg 400w, https:\/\/esacademic.com\/wp-content\/uploads\/2025\/03\/Online-Tranding34-300x168.jpg 300w\" sizes=\"auto, (max-width: 400px) 100vw, 400px\" title=\"\"><\/figure>\n\n<h2 class=\"gb-headline gb-headline-19cab21c gb-headline-text\"><a href=\"https:\/\/esacademic.com\/tr\/opiniones\/energy-proair\/\">K00398 Tam &#304;nceleme: AI Ticareti Arkas&#305;ndaki Ger&ccedil;e&#287;i Ke&#351;fedin<\/a><\/h2>\n\n<div class=\"gb-container gb-container-0315061b\">\n<p class=\"gb-headline gb-headline-92eaf1ff gb-headline-text\"><time class=\"entry-date published\" datetime=\"2025-05-20T07:54:25+00:00\">May&#305;s 20, 2025<\/time><\/p>\n\n<p class=\"gb-headline gb-headline-39d42002 gb-headline-text\">John Milla Cano<\/p>\n<\/div>\n\n<div class=\"gb-headline gb-headline-0b0aea70 gb-headline-text\">On y&#305;l&#305; a&#351;k&#305;n deneyime ve Finans alan&#305;nda Y&uuml;ksek Lisans derecesine sahip deneyimli bir finans analisti olarak, h&#305;zla geli&#351;en ticaret teknolojileri alan&#305;nda size iyi ara&#351;t&#305;r&#305;lm&#305;&#351;, uzman destekli i&ccedil;g&ouml;r&uuml;ler sunmaya kararl&#305;y&#305;m.<\/div>\n<\/div><\/div>\n\n<div class=\"gb-grid-column gb-grid-column-f4ed5d77 gb-query-loop-item post-27088 opiniones type-opiniones status-publish format-standard has-post-thumbnail hentry gblocks_pattern_collections-local-patterns\"><div class=\"gb-container gb-container-f4ed5d77\">\n<figure class=\"gb-block-image gb-block-image-8273ce78\"><img loading=\"lazy\" decoding=\"async\" width=\"400\" height=\"224\" src=\"https:\/\/esacademic.com\/wp-content\/uploads\/2025\/03\/Online-Tranding31.jpg\" class=\"gb-image-8273ce78\" alt=\"Trading en Laptop Brillante\" srcset=\"https:\/\/esacademic.com\/wp-content\/uploads\/2025\/03\/Online-Tranding31.jpg 400w, https:\/\/esacademic.com\/wp-content\/uploads\/2025\/03\/Online-Tranding31-300x168.jpg 300w\" sizes=\"auto, (max-width: 400px) 100vw, 400px\" title=\"\"><\/figure>\n\n<h2 class=\"gb-headline gb-headline-19cab21c gb-headline-text\"><a href=\"https:\/\/esacademic.com\/tr\/opiniones\/gpt-lispro\/\">K00395&rsquo;i Ke&#351;fedin: Kripto Para Ticaretinde Yenilik ve G&uuml;venlik<\/a><\/h2>\n\n<div class=\"gb-container gb-container-0315061b\">\n<p class=\"gb-headline gb-headline-92eaf1ff gb-headline-text\"><time class=\"entry-date published\" datetime=\"2025-05-06T08:40:52+00:00\">May&#305;s 6, 2025<\/time><\/p>\n\n<p class=\"gb-headline gb-headline-39d42002 gb-headline-text\">Hannibal Rodriguez<\/p>\n<\/div>\n\n<div class=\"gb-headline gb-headline-0b0aea70 gb-headline-text\">K&#305;sa bir s&uuml;re &ouml;nce K00395&rsquo;i ke&#351;fetme f&#305;rsat&#305; buldum ve sofistike ticaret yetenekleri ile eri&#351;ilebilir tasar&#305;m&#305;n birle&#351;iminden ger&ccedil;ekten etkilendim.<\/div>\n<\/div><\/div>\n<\/div>\n\n<div class=\"gb-container gb-container-521ca76b gb-query-loop-pagination\">\n\n\n<span class=\"gb-button gb-button-5a7bc490 gb-button-text page-numbers gb-block-is-current\" aria-current=\"page\">1<\/span><a class=\"gb-button gb-button-5a7bc490 gb-button-text page-numbers\" href=\"?query-454e84c8-page=2\">2<\/a><a class=\"gb-button gb-button-5a7bc490 gb-button-text page-numbers\" href=\"?query-454e84c8-page=3\">3<\/a><span class=\"gb-button gb-button-5a7bc490 gb-button-text page-numbers dots\">&hellip;<\/span><a class=\"gb-button gb-button-5a7bc490 gb-button-text page-numbers\" href=\"?query-454e84c8-page=36\">36<\/a>\n\n<a class=\"gb-button gb-button-aee549c2 gb-button-text\" href=\"\/tr\/wp-json\/wp\/v2\/pages\/20710?query-454e84c8-page=2\">Sonraki<\/a>\n<\/div>\n\n<\/div>\n<\/div>\n","protected":false},"excerpt":{"rendered":"<p>En iyi ticaret platformlar&#305;n&#305;, kriptografik &ccedil;&ouml;z&uuml;mleri ve otomatik botlar&#305; ke&#351;fedin G&uuml;venilir ticaret ara&ccedil;lar&#305; m&#305; ar&#305;yorsunuz? Do&#287;ru yere geldiniz. Burada al&#305;m sat&#305;m platformlar&#305;, kripto para borsalar&#305; ve otomatik al&#305;m sat&#305;m robotlar&#305; hakk&#305;nda anla&#351;&#305;lmas&#305; kolay incelemeler bulacaks&#305;n&#305;z. Her &#351;eyin anla&#351;&#305;lmas&#305;n&#305; kolayla&#351;t&#305;rmak i&ccedil;in ayr&#305;nt&#305;lar&#305; basitle&#351;tirdik. Nereden ba&#351;layaca&#287;&#305;n&#305;z&#305; bilmiyor musunuz? Yat&#305;r&#305;m tarz&#305;n&#305;za ve hedeflerinize uygun olan&#305; bulmak i&ccedil;in kaynaklar&#305;m&#305;z&#305; &#8230; <a title=\"G\u00f6r\u00fc\u015fler\" class=\"read-more\" href=\"https:\/\/esacademic.com\/tr\/opiniones\/\" aria-label=\"Read more about G\u00f6r\u00fc\u015fler\">Devam\u0131n\u0131 oku<\/a><\/p>\n","protected":false},"author":1,"featured_media":0,"parent":0,"menu_order":0,"comment_status":"closed","ping_status":"closed","template":"","meta":{"footnotes":""},"class_list":["post-20710","page","type-page","status-publish"],"rank_math_title":"Ticaret platformlar\u0131, kripto para ara\u00e7lar\u0131 ve botlar hakk\u0131nda tarafs\u0131z incelemeler","rank_math_description":"\u00d6nde gelen yat\u0131r\u0131m platformlar\u0131, kripto para ara\u00e7lar\u0131 ve yat\u0131r\u0131m robotlar\u0131 hakk\u0131nda detayl\u0131 incelemeleri ke\u015ffedin. Ticaret stratejinizi g\u00fcvenle geli\u015ftirmek i\u00e7in m\u00fckemmel \u00e7\u00f6z\u00fcmleri bulun. ","rank_math_focus_keyword":"ticaret platformlar\u0131","_links":{"self":[{"href":"https:\/\/esacademic.com\/tr\/wp-json\/wp\/v2\/pages\/20710","targetHints":{"allow":["GET"]}}],"collection":[{"href":"https:\/\/esacademic.com\/tr\/wp-json\/wp\/v2\/pages"}],"about":[{"href":"https:\/\/esacademic.com\/tr\/wp-json\/wp\/v2\/types\/page"}],"author":[{"embeddable":true,"href":"https:\/\/esacademic.com\/tr\/wp-json\/wp\/v2\/users\/1"}],"replies":[{"embeddable":true,"href":"https:\/\/esacademic.com\/tr\/wp-json\/wp\/v2\/comments?post=20710"}],"version-history":[{"count":1,"href":"https:\/\/esacademic.com\/tr\/wp-json\/wp\/v2\/pages\/20710\/revisions"}],"predecessor-version":[{"id":20711,"href":"https:\/\/esacademic.com\/tr\/wp-json\/wp\/v2\/pages\/20710\/revisions\/20711"}],"wp:attachment":[{"href":"https:\/\/esacademic.com\/tr\/wp-json\/wp\/v2\/media?parent=20710"}],"curies":[{"name":"wp","href":"https:\/\/api.w.org\/{rel}","templated":true}]}}