{"id":9172,"date":"2022-10-27T22:21:18","date_gmt":"2022-10-27T22:21:18","guid":{"rendered":"https:\/\/esacademic.com\/ana-sayfa\/"},"modified":"2024-12-11T08:32:46","modified_gmt":"2024-12-11T08:32:46","slug":"home","status":"publish","type":"page","link":"https:\/\/esacademic.com\/tr\/","title":{"rendered":"Ana Sayfa"},"content":{"rendered":"<?xml encoding=\"UTF-8\"><div class=\"gb-container gb-container-37ba1468\">\n<div class=\"gb-container gb-container-727cddca\">\n\n<h1 class=\"gb-headline gb-headline-9b722a34 gb-headline-text\">Ticarette yeni misiniz?<\/h1>\n\n\n\n<p class=\"has-text-align-center\">Yeni ba&#351;layanlardan ileri seviyedekilere kadar her seviyeden yat&#305;r&#305;mc&#305; i&ccedil;in kapsaml&#305; kaynaklar, haberler ve e&#287;itim materyalleri.<\/p>\n\n\n<form role=\"search\" method=\"get\" action=\"https:\/\/esacademic.com\/tr\/\" class=\"wp-block-search__button-inside wp-block-search__icon-button aligncenter wp-block-search\"><label class=\"wp-block-search__label screen-reader-text\" for=\"wp-block-search__input-1\">Arama<\/label><div class=\"wp-block-search__inside-wrapper\" style=\"width: 75%\"><input class=\"wp-block-search__input\" id=\"wp-block-search__input-1\" placeholder=\"Esacademic i&ccedil;inde ara\" value=\"\" type=\"search\" name=\"s\" required><button aria-label=\"Arama\" class=\"wp-block-search__button has-icon wp-element-button\" type=\"submit\"><svg class=\"search-icon\" viewbox=\"0 0 24 24\" width=\"24\" height=\"24\">\n\t\t\t\t\t<path d=\"M13 5c-3.3 0-6 2.7-6 6 0 1.4.5 2.7 1.3 3.7l-3.8 3.8 1.1 1.1 3.8-3.8c1 .8 2.3 1.3 3.7 1.3 3.3 0 6-2.7 6-6S16.3 5 13 5zm0 10.5c-2.5 0-4.5-2-4.5-4.5s2-4.5 4.5-4.5 4.5 2 4.5 4.5-2 4.5-4.5 4.5z\"><\/path>\n\t\t\t\t<\/svg><\/button><\/div><\/form>\n<\/div>\n<\/div><div class=\"gb-container gb-container-442b69a1\">\n<div class=\"gb-container gb-container-e0468671\">\n\n<h2 class=\"gb-headline gb-headline-baa8d299 gb-headline-text\">Yat&#305;r&#305;m: Yeni Ba&#351;layanlar ve &#304;leri Seviye Yat&#305;r&#305;mc&#305;lar i&ccedil;in Rehber<\/h2>\n\n\n\n<p>COVID-19 salg&#305;n&#305; ba&#351;lad&#305;&#287;&#305;ndan bu yana, giderek daha fazla insan para ve yat&#305;r&#305;m hakk&#305;nda d&uuml;&#351;&uuml;nmeye ba&#351;l&#305;yor. Paray&#305; ve nas&#305;l yat&#305;r&#305;m yap&#305;laca&#287;&#305;n&#305; bilmenin g&uuml;venli bir gelecek i&ccedil;in &ouml;nemli oldu&#287;unun fark&#305;na var&#305;yorlar. &#304;ster yat&#305;r&#305;m yapmay&#305; yeni &ouml;&#287;renmeye ba&#351;l&#305;yor olun ister uzun s&uuml;redir yap&#305;yor olun, mevcut piyasay&#305; anlamak daha iyi kararlar vermenize yard&#305;mc&#305; olabilir.  <\/p>\n\n\n\n<p>Ticarette yeniyseniz, ilk ba&#351;ta kafa kar&#305;&#351;t&#305;r&#305;c&#305; olabilir, ancak baz&#305; temel bilgileri bilmek yard&#305;mc&#305; olur. &Ouml;rne&#287;in, hisse senetleri bir &#351;irketin bir par&ccedil;as&#305;na sahip oldu&#287;unuz anlam&#305;na gelirken, tahviller &#351;irketlere veya h&uuml;k&uuml;metlere verdi&#287;iniz ve size faizle geri &ouml;denen kredilerdir. ETF&rsquo;ler veya borsa yat&#305;r&#305;m fonlar&#305;, farkl&#305; hisse senetleri veya tahviller i&ccedil;eren sepetler gibidir ve size ayn&#305; anda bir yat&#305;r&#305;m kar&#305;&#351;&#305;m&#305; sunar.  <\/p>\n\n\n\n<p>Temel finansal kavramlar&#305; anlamak da iyidir. Bu, piyasalar&#305;n nas&#305;l &ccedil;al&#305;&#351;t&#305;&#287;&#305;n&#305; ve onlar hakk&#305;ndaki temel bilgilerin nas&#305;l okunaca&#287;&#305;n&#305; bilmek anlam&#305;na gelir. Yeni olsan&#305;z bile, fiyatlar&#305;n nas&#305;l y&uuml;kselip d&uuml;&#351;t&uuml;&#287;&uuml;n&uuml; g&ouml;rmek i&ccedil;in piyasa trendlerini izlemeye ba&#351;layabilirsiniz. Bu, ne zaman alman&#305;z veya satman&#305;z gerekti&#287;ini bilmenize yard&#305;mc&#305; olur.   <\/p>\n\n\n\n<p>Bir s&uuml;redir al&#305;m sat&#305;m yap&#305;yorsan&#305;z, daha geli&#351;mi&#351; teknikler kullan&#305;yor olabilirsiniz. &Ouml;rne&#287;in, bundan sonra ne olaca&#287;&#305;n&#305; analiz etmek i&ccedil;in ge&ccedil;mi&#351; fiyat hareketlerine bakabilirsiniz. Buna teknik analiz denir ve bir&ccedil;ok t&uuml;ccar bunu ne zaman i&#351;lem yapacaklar&#305;na karar vermelerine yard&#305;mc&#305; olmas&#305; i&ccedil;in kullan&#305;r.  <\/p>\n\n\n\n<p>Son y&#305;llarda piyasa &ccedil;ok de&#287;i&#351;ti ve bir&ccedil;ok t&uuml;ccar farkl&#305; stratejiler kullanmaya ba&#351;lad&#305;. &Ouml;rne&#287;in, art&#305;k daha fazla insan enflasyona ve piyasa oynakl&#305;&#287;&#305;na kar&#351;&#305; korunmak i&ccedil;in alt&#305;n ve de&#287;erli metaller sat&#305;n al&#305;yor, &ccedil;&uuml;nk&uuml; bunlar genellikle g&uuml;venli liman g&ouml;revi g&ouml;r&uuml;yor. Alt&#305;n, g&uuml;m&uuml;&#351; ve di&#287;er de&#287;erli metallerin fiyat&#305;n&#305; takip eden ETF&rsquo;ler, vadeli i&#351;lem s&ouml;zle&#351;meleri ve di&#287;er finansal ara&ccedil;lar, metallere fiziksel olarak sahip olmadan maruz kalman&#305;n daha kolay bir yolunu sunar.  <\/p>\n\n\n\n<p>Y&uuml;kselen enflasyon bir&ccedil;ok insan&#305;n mali durumlar&#305;n&#305; yeniden g&ouml;zden ge&ccedil;irmesine neden oldu. Daha &ouml;nce yat&#305;r&#305;m yapmayan bir&ccedil;ok ki&#351;i art&#305;k hisse senetleri, tahviller, kripto para birimleri ve servetlerini b&uuml;y&uuml;tmenin di&#287;er yollar&#305;n&#305; d&uuml;&#351;&uuml;n&uuml;yor. Giderek daha fazla insan yat&#305;r&#305;m ve ticaret i&ccedil;in &ccedil;evrimi&ccedil;i platformlar&#305; kullan&#305;yor ve bu da herkesin kat&#305;l&#305;m&#305;n&#305; kolayla&#351;t&#305;r&#305;yor.  <\/p>\n\n\n\n<p>&#304;ster yeni ba&#351;l&#305;yor olun ister y&#305;llard&#305;r ticaret yap&#305;yor olun, her zaman &ouml;&#287;renecek daha &ccedil;ok &#351;ey vard&#305;r. Piyasadaki geli&#351;meleri takip ederek daha ak&#305;ll&#305;ca kararlar verebilirsiniz. G&uuml;n&uuml;m&uuml;z d&uuml;nyas&#305;nda yat&#305;r&#305;m yapmak sadece para kazanmak de&#287;il, de&#287;i&#351;im kar&#351;&#305;s&#305;nda g&uuml;&ccedil;l&uuml; kalmakt&#305;r.  <\/p>\n\n<\/div>\n<\/div><div class=\"gb-container gb-container-415ba6a5\">\n<div class=\"gb-container gb-container-897da5cb\">\n\n<blockquote class=\"wp-block-quote is-style-default is-layout-flow wp-block-quote-is-layout-flow\">\n<p><strong>&ldquo;Bilgiye yap&#305;lan yat&#305;r&#305;m en iyi getiriyi sa&#287;lar.<\/strong>&rdquo; <br>&ndash; Benjamin Franklin<\/p>\n<\/blockquote>\n\n<\/div>\n<\/div><div class=\"gb-container gb-container-387554b1\">\n<div class=\"gb-container gb-container-ed5e97b7\">\n\n<h2 class=\"gb-headline gb-headline-fdfecace gb-headline-text\">Son platform incelemeleri<\/h2>\n\n\n\n<div class=\"gb-grid-wrapper gb-grid-wrapper-543c5156 horiz-scroll gb-query-loop-wrapper\"><\/div>\n\n<\/div>\n<\/div><div class=\"gb-container gb-container-2744c6b2\">\n<div class=\"gb-container gb-container-3b81a4a1\">\n<p><!-- TradingView Widget BEGIN --><\/p>\n<div class=\"tradingview-widget-container\">\n<div class=\"tradingview-widget-container__widget\"><\/div>\n<p>  <script type=\"text\/javascript\" src=\"https:\/\/s3.tradingview.com\/external-embedding\/embed-widget-events.js\" async>\n  {\n  \"width\": \"100%\",\n  \"height\": \"400\",\n  \"colorTheme\": \"light\",\n  \"isTransparent\": false,\n  \"locale\": \"en\",\n  \"importanceFilter\": \"-1,0,1\",\n  \"countryFilter\": \"ar,au,br,ca,cn,fr,de,in,id,it,jp,kr,mx,ru,sa,za,tr,gb,us,eu\"\n}\n  <\/script>\n<\/p><\/div>\n<p><!-- TradingView Widget END --><\/p>\n\n<\/div>\n<\/div><div class=\"gb-container gb-container-f128c317\">\n<div class=\"gb-container gb-container-aca134aa\">\n\n<h2 class=\"gb-headline gb-headline-8d4f90c4 gb-headline-text\">Yapay zeka her t&uuml;rl&uuml; kripto para yat&#305;r&#305;mc&#305;s&#305;na nas&#305;l yard&#305;mc&#305; olur?<\/h2>\n\n\n\n<p>Kripto para ticareti sadece para yat&#305;rmak ve en iyisini ummakla ilgili de&#287;ildir. Piyasada neler olup bitti&#287;ini anlamaya &ccedil;al&#305;&#351;mak ve bir sonraki ad&#305;mda neler olabilece&#287;ini kestirmekle ilgilidir. Bu y&uuml;zden insanlar yapay zeka kullanmaya ba&#351;l&#305;yor. Bu ara&ccedil;lar daha &ouml;nce neler oldu&#287;unu analiz eder ve neler olabilece&#287;ine dair daha iyi bir fikir verir. Yeni ba&#351;layanlar ve bir s&uuml;redir ticaret yapanlar i&ccedil;in faydal&#305;d&#305;rlar.   <\/p>\n\n\n\n<p>Ticaret olduk&ccedil;a karma&#351;&#305;k hale geldi. Takip edilmesi gereken o kadar &ccedil;ok &#351;ey var ki bazen imkans&#305;z g&ouml;r&uuml;nebilir. Yapay zeka size kal&#305;plar&#305; g&ouml;stererek ve ne zaman harekete ge&ccedil;mek i&ccedil;in iyi bir zaman olabilece&#287;ini veya ne zaman beklemeniz gerekti&#287;ini bildirerek yard&#305;mc&#305; olur. Yeni ya da deneyimli olman&#305;z fark etmez. Sizi &ccedil;ok fazla stresten kurtarabilir ve hatalardan ka&ccedil;&#305;nman&#305;za yard&#305;mc&#305; olabilir.    <\/p>\n\n\n\n<p>Yapay zeka sihirli de&#287;ildir ve sizin i&ccedil;in &ccedil;al&#305;&#351;mayacakt&#305;r, ancak i&#351;leri daha kolay ve daha az kafa kar&#305;&#351;t&#305;r&#305;c&#305; hale getirir. Mesele sizin yerinizi almak de&#287;il, size daha iyi kararlar vermeniz i&ccedil;in ara&ccedil;lar sunmakt&#305;r. Kripto para ticareti yapmay&#305; seviyorsan&#305;z, yapay zeka h&#305;zla ger&ccedil;ekten faydal&#305; hale geliyor. Bu, ak&#305;ll&#305; olmak ve i&#351;leri kontrol alt&#305;nda tutmakla ilgilidir.   <\/p>\n\n<\/div>\n<\/div>\n","protected":false},"excerpt":{"rendered":"<p>Ticarette yeni misiniz? Yeni ba&#351;layanlardan ileri seviyedekilere kadar her seviyeden yat&#305;r&#305;mc&#305; i&ccedil;in kapsaml&#305; kaynaklar, haberler ve e&#287;itim materyalleri. Yat&#305;r&#305;m: Yeni Ba&#351;layanlar ve &#304;leri Seviye Yat&#305;r&#305;mc&#305;lar i&ccedil;in Rehber COVID-19 salg&#305;n&#305; ba&#351;lad&#305;&#287;&#305;ndan bu yana, giderek daha fazla insan para ve yat&#305;r&#305;m hakk&#305;nda d&uuml;&#351;&uuml;nmeye ba&#351;l&#305;yor. Paray&#305; ve nas&#305;l yat&#305;r&#305;m yap&#305;laca&#287;&#305;n&#305; bilmenin g&uuml;venli bir gelecek i&ccedil;in &ouml;nemli oldu&#287;unun fark&#305;na &#8230; <a title=\"Ana Sayfa\" class=\"read-more\" href=\"https:\/\/esacademic.com\/tr\/\" aria-label=\"Read more about Ana Sayfa\">Devam\u0131n\u0131 oku<\/a><\/p>\n","protected":false},"author":1,"featured_media":0,"parent":0,"menu_order":0,"comment_status":"closed","ping_status":"closed","template":"","meta":{"footnotes":""},"class_list":["post-9172","page","type-page","status-publish"],"rank_math_title":"Esacademic - her seviyeden t\u00fcccarlar i\u00e7in kaynaklar ve haberler","rank_math_description":"Yeni ba\u015flayanlardan ileri d\u00fczey profesyonellere kadar her seviyeden yat\u0131r\u0131mc\u0131 i\u00e7in tasarlanm\u0131\u015f kapsaml\u0131 kaynaklar, haberler ve e\u011fitim materyalleri i\u00e7in Esacademic'i ke\u015ffedin.","rank_math_focus_keyword":"Esacademic","_links":{"self":[{"href":"https:\/\/esacademic.com\/tr\/wp-json\/wp\/v2\/pages\/9172","targetHints":{"allow":["GET"]}}],"collection":[{"href":"https:\/\/esacademic.com\/tr\/wp-json\/wp\/v2\/pages"}],"about":[{"href":"https:\/\/esacademic.com\/tr\/wp-json\/wp\/v2\/types\/page"}],"author":[{"embeddable":true,"href":"https:\/\/esacademic.com\/tr\/wp-json\/wp\/v2\/users\/1"}],"replies":[{"embeddable":true,"href":"https:\/\/esacademic.com\/tr\/wp-json\/wp\/v2\/comments?post=9172"}],"version-history":[{"count":4,"href":"https:\/\/esacademic.com\/tr\/wp-json\/wp\/v2\/pages\/9172\/revisions"}],"predecessor-version":[{"id":20287,"href":"https:\/\/esacademic.com\/tr\/wp-json\/wp\/v2\/pages\/9172\/revisions\/20287"}],"wp:attachment":[{"href":"https:\/\/esacademic.com\/tr\/wp-json\/wp\/v2\/media?parent=9172"}],"curies":[{"name":"wp","href":"https:\/\/api.w.org\/{rel}","templated":true}]}}